{"id":349,"date":"2026-02-20T10:31:27","date_gmt":"2026-02-20T10:31:27","guid":{"rendered":"https:\/\/wellforexbroker.com\/?page_id=349"},"modified":"2026-02-20T10:39:28","modified_gmt":"2026-02-20T10:39:28","slug":"geschaftsbedingungen-fur-wellforexbroker-com","status":"publish","type":"page","link":"https:\/\/wellforexbroker.com\/de\/geschaftsbedingungen-fur-wellforexbroker-com\/","title":{"rendered":"Gesch\u00e4ftsbedingungen f\u00fcr Wellforexbroker.com"},"content":{"rendered":"<div data-elementor-type=\"wp-page\" data-elementor-id=\"349\" class=\"elementor elementor-349\" data-elementor-post-type=\"page\">\n\t\t\t\t<div class=\"elementor-element elementor-element-ffda582 e-flex e-con-boxed e-con e-parent\" data-id=\"ffda582\" data-element_type=\"container\" data-e-type=\"container\">\n\t\t\t\t\t<div class=\"e-con-inner\">\n\t\t\t\t<div class=\"elementor-element elementor-element-fe96ee5 elementor-widget elementor-widget-heading\" data-id=\"fe96ee5\" data-element_type=\"widget\" data-e-type=\"widget\" data-widget_type=\"heading.default\">\n\t\t\t\t\t<h1 class=\"elementor-heading-title elementor-size-default\">Gesch\u00e4ftsbedingungen f\u00fcr Wellforexbroker.com<\/h1>\t\t\t\t<\/div>\n\t\t\t\t<div class=\"elementor-element elementor-element-cb1b41d elementor-widget elementor-widget-text-editor\" data-id=\"cb1b41d\" data-element_type=\"widget\" data-e-type=\"widget\" data-widget_type=\"text-editor.default\">\n\t\t\t\t\t\t\t\t\t<p>Im Folgenden werden die Bedingungen beschrieben, zu denen <a href=\"https:\/\/wellforexbroker.com\/de\/\">WellForexbroker<\/a> Bietet Ihnen, dem Kunden und der Nutzung seiner Dienste den Zugriff auf die Website. Bitte lesen Sie die Datenschutzrichtlinie, die Risikowarnung und alle folgenden Bedingungen (im Folgenden \u201cNutzungsbedingungen\u201d) vor der Nutzung dieser Website. Indem Sie auf diese Website oder einen Dienst auf dieser Website weiter zugreifen oder diese nutzen, erkl\u00e4ren Sie sich mit diesen Allgemeinen Gesch\u00e4ftsbedingungen einverstanden. Wir behalten uns das Recht vor, diese Allgemeinen Gesch\u00e4ftsbedingungen jederzeit zu \u00e4ndern, zu entfernen oder zu erg\u00e4nzen. Solche \u00c4nderungen sind sofort wirksam. Bitte \u00fcberpr\u00fcfen Sie diese Allgemeinen Gesch\u00e4ftsbedingungen daher weiterhin, wenn Sie auf diese Website zugreifen oder sie nutzen. Ihre Nutzung der Website oder eines Dienstes auf dieser Website nach der Ver\u00f6ffentlichung von \u00c4nderungen an diesen Allgemeinen Gesch\u00e4ftsbedingungen stellt Ihre Zustimmung zu den Bedingungen dar, die in der ge\u00e4nderten \u00c4nderung akzeptiert werden. Wenn Sie die Allgemeinen Gesch\u00e4ftsbedingungen zu irgendeinem Zeitpunkt nicht akzeptieren m\u00f6chten, d\u00fcrfen Sie die Website nicht nutzen. Alle von Ihnen vorgeschlagenen Bedingungen, die zus\u00e4tzlich zu diesen Bedingungen stehen oder mit diesen Bedingungen im Widerspruch stehen, werden von uns ausdr\u00fccklich abgelehnt und haben keine Kraft oder Wirkung.<\/p><h2>Verzichterkl\u00e4rung<\/h2><p>Aufgrund der Anzahl der Quellen, aus denen der Inhalt und die Beratung erhalten werden, und der inh\u00e4renten Gefahren der elektronischen Verbreitung kann es zu Verz\u00f6gerungen, Unterlassungen oder Ungenauigkeiten bei solchen Inhalten und Ratschl\u00e4gen und der Website kommen. Der Inhalt und die Beratung und die Website werden ohne Gew\u00e4hrleistungen \u201cwie besehen\u201d bereitgestellt. Wellforexbroker, seine Mitarbeiter, leitenden Angestellten, Direktoren, verbundenen Unternehmen, Vertreter und Lizenzgeber k\u00f6nnen die Richtigkeit, Vollst\u00e4ndigkeit, Aktualit\u00e4t, Aktualit\u00e4t, Nichtverletzung, Titel, Handelsf\u00e4higkeit oder Eignung f\u00fcr einen bestimmten Zweck des Inhalts und der Beratung \u00fcber die Website oder die Website selbst garantieren.<\/p><p>In keinem Fall haftet Wellforexbroker, seine Mitarbeiter, leitenden Angestellten, Direktoren, verbundenen Unternehmen oder Lizenzgeber f\u00fcr Sie oder Dritte f\u00fcr finanzielle Verluste, entgangene Gewinne, besondere, zuf\u00e4llige oder Folgesch\u00e4den oder andere \u00e4hnliche Sch\u00e4den, die direkt oder indirekt durch die Nutzung der Website entstehen.<\/p><h2>Gesetzliche Einschr\u00e4nkungen<\/h2><p>Sie verstehen, dass die Gesetze in Bezug auf Finanzvertr\u00e4ge weltweit unterschiedlich sind, und es ist Ihre Verpflichtung allein, sicherzustellen, dass Sie alle f\u00fcr Ihr Aufenthaltsland relevanten Gesetze, Vorschriften oder Richtlinien in Bezug auf die Nutzung der Website vollst\u00e4ndig einhalten. Um Zweifel zu vermeiden, bedeutet die M\u00f6glichkeit, auf unsere Website zuzugreifen, nicht zwangsl\u00e4ufig, dass unsere Dienste und\/oder Ihre Aktivit\u00e4ten durch diese Gesetze, Vorschriften oder Richtlinien f\u00fcr Ihr Aufenthaltsland legal sind.<\/p><h2>Beschr\u00e4nkte Lizenz<\/h2><p>Wellforexbroker gew\u00e4hrt Ihnen eine nicht exklusive, nicht \u00fcbertragbare und eingeschr\u00e4nkte pers\u00f6nliche Lizenz f\u00fcr den Zugriff und die Nutzung der Website (die \u201cLizenz\u201d). Diese Lizenz ist abh\u00e4ngig von der fortgesetzten Einhaltung der Bedingungen dieser Vereinbarung. Sie erkl\u00e4ren sich damit einverstanden, nicht auf die Website zu verlinken, den Zugriff auf die Website weiterzuverkaufen oder anderen zuzulassen oder Materialien, die auf der Website erscheinen, zum Weiterverkauf oder zu anderen Zwecken ohne vorherige schriftliche Zustimmung von WellforexBroker zu kopieren.<\/p><h2>Links zu Websites von Drittanbietern<\/h2><p>Diese Website enth\u00e4lt Hyperlinks zu Websites, die von anderen Personen als Wellforexbroker betrieben werden. Solche Hyperlinks werden nur zu Ihrer Referenz und zur Bequemlichkeit bereitgestellt. Sie erkl\u00e4ren sich damit einverstanden, Wellforexbroker nicht f\u00fcr den Inhalt oder Betrieb solcher Websites verantwortlich zu machen. Ein Hyperlink von dieser Website zu einer anderen Website bedeutet nicht oder bedeutet nicht, dass WellForexBroker die Inhalte dieser Website oder den Betreiber oder die Operationen dieser Website unterst\u00fctzt.<\/p><h2>Kekse<\/h2><p>Unsere Website kann \u201cCookies\u201d, Protokolldateien und andere Tracking-Technologien verwenden, um das Benutzererlebnis zu verbessern. Der Webbrowser des Benutzers legt Cookies zu Aufzeichnungszwecken auf seiner Festplatte und manchmal um Informationen dar\u00fcber zu verfolgen. Sie k\u00f6nnen Ihren Webbrowser so einstellen, dass er Cookies ablehnen oder Sie benachrichtigen, wenn Cookies gesendet werden. In diesem Fall funktionieren einige Teile der Website m\u00f6glicherweise nicht richtig.<\/p><h2>Marktinformationen<\/h2><p>Wellforexbroker stellt Ihnen \u00fcber einen oder mehrere seiner Dienste eine breite Palette von Finanzinformationen zur Verf\u00fcgung, die intern generiert oder von Vertretern, Lieferanten oder Partnern (\u201cDrittanbieter\u201d) erhalten werden. Dazu geh\u00f6ren Finanzmarktdaten, Angebote, Nachrichten, Analystenmeinungen, Forschungsberichte, Grafiken oder Daten. Marktinformationen sind nicht als Anlageberatung gedacht. Wellforexbroker \u00fcbernimmt keine Gew\u00e4hr f\u00fcr die Richtigkeit, Aktualit\u00e4t, Vollst\u00e4ndigkeit oder Richtigkeit der Marktinformationen und lehnt jegliche Haftung f\u00fcr Ungenauigkeiten ab.<\/p><h2>Nutzung und Zugriff auf die Website<\/h2><p>Sie sind f\u00fcr die Bereitstellung und Wartung der Mittel f\u00fcr den Zugriff auf die Website, einschlie\u00dflich Ihres Computers, Modems oder der Zugangsleitung, verantwortlich. Sie sind f\u00fcr alle Zugangs- und Servicegeb\u00fchren verantwortlich, die f\u00fcr die Verbindung mit der Website erforderlich sind, und \u00fcbernehmen alle Geb\u00fchren, die f\u00fcr den Zugriff auf solche Systeme anfallen. Sie gehen ferner alle Risiken ein, die mit der Verwendung und Speicherung von Informationen auf Ihrem Computer oder einem anderen Computer verbunden sind, \u00fcber den Sie auf die Website zugreifen.<\/p><h2>Rechte des Unternehmens<\/h2><p>Wellforexbroker beh\u00e4lt sich das Recht vor, den Betrieb dieser Website oder eines Teils oder Abschnitts davon jederzeit einzustellen, und es k\u00f6nnen im Zusammenhang damit keine Anspr\u00fcche gegen das Unternehmen erhoben werden.<\/p><h2>h\u00f6here Gewalt<\/h2><p>Sie stimmen zu, dass Wellforexbroker Ihnen oder einer anderen Person im Falle h\u00f6herer Gewalt oder f\u00fcr die Handlung einer Regierung oder gesetzlicher Befugnis oder f\u00fcr den Ausfall seiner Computersysteme, Daten oder Aufzeichnungen oder f\u00fcr Verz\u00f6gerungen, Verluste, Fehler oder Auslassungen aufgrund von Ausf\u00e4llen bei der Telekommunikation oder Computerausr\u00fcstung in keiner Weise haftbar ist.<\/p><h2>Technische Probleme<\/h2><p>Wellforexbroker haftet nicht und Sie erkl\u00e4ren sich damit einverstanden, Wellforexbroker oder einen seiner Vertreter oder Dienstleister nicht f\u00fcr technische Probleme, Systemfehler, Ger\u00e4te- oder Softwarefehler, Systemzugriffsprobleme, Sicherheitsverletzungen oder \u00e4hnliche Computerprobleme und -fehler zu haften.<\/p><h2>Marken und Urheberrechte<\/h2><p>Alle Inhalte, Marken, Dienstleistungsmarken, Handelsnamen, Logos und Icons sind Eigentum von Wellforexbroker oder seinen verbundenen Unternehmen und sind durch das Urheberrecht gesch\u00fctzt. Sie erkl\u00e4ren sich damit einverstanden, keine Urheberrechtshinweise oder andere Hinweise auf gesch\u00fctzte geistige Eigentumsrechte aus Materialien zu l\u00f6schen, die Sie von der Website drucken oder herunterladen.<\/p><h2>Recht, Schiedsgerichtsbarkeit und Gerichtsstand<\/h2><p>Dieses Abkommen unterliegt den Gesetzen der Britischen Jungferninseln (\u201cBVI\u201d), ohne R\u00fccksicht auf die Grunds\u00e4tze der Kollision. Sie erkl\u00e4ren sich damit einverstanden, sich der pers\u00f6nlichen und ausschlie\u00dflichen Zust\u00e4ndigkeit der Gerichte des BVI zu unterwerfen, um etwaige Streitigkeiten beizulegen.<\/p>\t\t\t\t\t\t\t\t<\/div>\n\t\t\t\t\t<\/div>\n\t\t\t\t<\/div>\n\t\t\t\t<\/div>","protected":false},"excerpt":{"rendered":"<p>Terms and Conditions for WellForexBroker.com The following describes the terms and conditions upon which WellForexBroker offers access to the site to you, the customer, and the use of its services. Please read the privacy policy, risk warning, and all of the following terms and conditions (hereinafter &#8220;terms and conditions&#8221;) before using this site. By continuing [&hellip;]<\/p>\n","protected":false},"author":1,"featured_media":0,"parent":0,"menu_order":0,"comment_status":"closed","ping_status":"closed","template":"","meta":{"footnotes":""},"class_list":["post-349","page","type-page","status-publish","hentry"],"_links":{"self":[{"href":"https:\/\/wellforexbroker.com\/de\/wp-json\/wp\/v2\/pages\/349","targetHints":{"allow":["GET"]}}],"collection":[{"href":"https:\/\/wellforexbroker.com\/de\/wp-json\/wp\/v2\/pages"}],"about":[{"href":"https:\/\/wellforexbroker.com\/de\/wp-json\/wp\/v2\/types\/page"}],"author":[{"embeddable":true,"href":"https:\/\/wellforexbroker.com\/de\/wp-json\/wp\/v2\/users\/1"}],"replies":[{"embeddable":true,"href":"https:\/\/wellforexbroker.com\/de\/wp-json\/wp\/v2\/comments?post=349"}],"version-history":[{"count":0,"href":"https:\/\/wellforexbroker.com\/de\/wp-json\/wp\/v2\/pages\/349\/revisions"}],"wp:attachment":[{"href":"https:\/\/wellforexbroker.com\/de\/wp-json\/wp\/v2\/media?parent=349"}],"curies":[{"name":"wp","href":"https:\/\/api.w.org\/{rel}","templated":true}]}}