{"id":3,"date":"2025-10-08T22:04:39","date_gmt":"2025-10-08T22:04:39","guid":{"rendered":"https:\/\/wellforexbroker.com\/?page_id=3"},"modified":"2026-02-17T13:37:42","modified_gmt":"2026-02-17T13:37:42","slug":"politica-de-privacidad","status":"publish","type":"page","link":"https:\/\/wellforexbroker.com\/es\/politica-de-privacidad\/","title":{"rendered":"Pol\u00edtica De Privacidad"},"content":{"rendered":"<div data-elementor-type=\"wp-page\" data-elementor-id=\"3\" class=\"elementor elementor-3\" data-elementor-post-type=\"page\">\n\t\t\t\t<div class=\"elementor-element elementor-element-4bfed541 e-flex e-con-boxed e-con e-parent\" data-id=\"4bfed541\" data-element_type=\"container\" data-e-type=\"container\">\n\t\t\t\t\t<div class=\"e-con-inner\">\n\t\t\t\t<div class=\"elementor-element elementor-element-9f12cf3 elementor-widget elementor-widget-heading\" data-id=\"9f12cf3\" data-element_type=\"widget\" data-e-type=\"widget\" data-widget_type=\"heading.default\">\n\t\t\t\t\t<h1 class=\"elementor-heading-title elementor-size-default\">Pol\u00edtica de privacidad<\/h1>\t\t\t\t<\/div>\n\t\t\t\t<div class=\"elementor-element elementor-element-397b5c20 elementor-widget elementor-widget-text-editor\" data-id=\"397b5c20\" data-element_type=\"widget\" data-e-type=\"widget\" data-widget_type=\"text-editor.default\">\n\t\t\t\t\t\t\t\t\t<div style=\"font-family: Arial, sans-serif; line-height: 1.6; color: #333;\">\n<p>por <strong>bienforeex corredor<\/strong> (\u201cnosotros\u201d, \u201cnuestro\u201d, \u201cnosotros\u201d), su privacidad es una prioridad. Esta Pol\u00edtica de Privacidad explica qu\u00e9 informaci\u00f3n recopilamos, c\u00f3mo la usamos, c\u00f3mo la protegemos y sus derechos con respecto a sus datos personales cuando visita nuestro sitio web <a href=\"https:\/\/wellforexbroker.com\/es\/\">https:\/\/wellforexbroker.com\/.<\/a><\/p>\n<p>Al utilizar este sitio web, usted acepta los t\u00e9rminos descritos en esta Pol\u00edtica de Privacidad.<\/p>\n<h2 style=\"color: #0070c0;\">1. Informaci\u00f3n que recopilamos<\/h2>\n<h3>1.1 Informaci\u00f3n personal<\/h3>\n<p>Recopilamos informaci\u00f3n personal cuando la proporciona voluntariamente, como:<\/p>\n<ul>\n<li>fijar<\/li>\n<li>direcci\u00f3n de correo electr\u00f3nico<\/li>\n<li>Informaci\u00f3n de contacto<\/li>\n<li>Cualquier informaci\u00f3n enviada a trav\u00e9s de formularios, secciones de comentarios o suscripciones de boletines<\/li>\n<\/ul>\n<p>Esta informaci\u00f3n se recopila cuando usted:<\/p>\n<ul>\n<li>Suscr\u00edbete a nuestro bolet\u00edn<\/li>\n<li>Enviar un formulario de contacto<\/li>\n<li>Deja comentarios<\/li>\n<li>Participar en encuestas o promociones<\/li>\n<\/ul>\n<h3>1.2 Datos recopilados autom\u00e1ticamente<\/h3>\n<p>Recopilamos autom\u00e1ticamente informaci\u00f3n no personal mediante cookies y tecnolog\u00edas de seguimiento:<\/p>\n<ul>\n<li>direcci\u00f3n IP<\/li>\n<li>Tipo y versi\u00f3n del navegador<\/li>\n<li>Tipo y modelo de dispositivo<\/li>\n<li>P\u00e1ginas visitadas<\/li>\n<li>Tiempo dedicado a la web<\/li>\n<li>URL de referencia<\/li>\n<li>Ubicaci\u00f3n geogr\u00e1fica (General)<\/li>\n<\/ul>\n<p>Estos datos nos ayudan a comprender c\u00f3mo los visitantes usan el sitio web y mejoran la experiencia general del usuario.<\/p>\n<h2 style=\"color: #0070c0;\">2 . C\u00f3mo usamos su informaci\u00f3n<\/h2>\n<p>Utilizamos la informaci\u00f3n recogida para los siguientes fines:<\/p>\n<h3>2.1 Prestaci\u00f3n de servicios<\/h3>\n<ul>\n<li>Para entregar contenido que solicita (revistas, gu\u00edas, boletines)<\/li>\n<li>Para responder a sus mensajes o consultas<\/li>\n<li>Para administrar cuentas de usuario o suscripciones<\/li>\n<\/ul>\n<h3>2.2 Mejora del sitio web<\/h3>\n<ul>\n<li>Para analizar c\u00f3mo los visitantes usan el sitio web<\/li>\n<li>Para mejorar la calidad del contenido<\/li>\n<li>Para solucionar problemas t\u00e9cnicos<\/li>\n<li>Para optimizar el rendimiento de SEO y marketing<\/li>\n<\/ul>\n<h3>2.3 Marketing y Promociones<\/h3>\n<p>Con su permiso, podemos usar su direcci\u00f3n de correo electr\u00f3nico para enviar:<\/p>\n<ul>\n<li>newsletters<\/li>\n<li>Actualizaciones sobre contenido nuevo<\/li>\n<li>Promociones relacionadas con corredores de divisas o herramientas comerciales<\/li>\n<\/ul>\n<p>Puede optar por no participar en cualquier momento al cancelar la suscripci\u00f3n.<\/p>\n<h3>2.4 Cumplimiento y Protecci\u00f3n Legal<\/h3>\n<p>Podemos usar la informaci\u00f3n para:<\/p>\n<ul>\n<li>cumplir con las obligaciones legales<\/li>\n<li>Hacer cumplir nuestros T\u00e9rminos de servicio<\/li>\n<li>Resolver disputas<\/li>\n<\/ul>\n<h2 style=\"color: #0070c0;\">3. Cookies y tecnolog\u00edas de seguimiento<\/h2>\n<h3>3.1 Uso de cookies<\/h3>\n<p>Las cookies son peque\u00f1os archivos de texto almacenados en su dispositivo para ayudar a identificar a los usuarios que regresan y mejorar la experiencia de navegaci\u00f3n.<\/p>\n<p>Usamos:<\/p>\n<ul>\n<li><strong>Cookies esenciales<\/strong> - Obligatorio para la funcionalidad principal del sitio web<\/li>\n<li><strong>Cookies de rendimiento<\/strong> \u2013 Analizar el uso del sitio y mejorar el rendimiento<\/li>\n<li><strong>Cookies funcionales<\/strong> \u2013 Proporcionar caracter\u00edsticas mejoradas o personalizaci\u00f3n<\/li>\n<li><strong>Cookies public<\/strong> \u2013 Para anuncios dirigidos (solo con consentimiento)<\/li>\n<\/ul>\n<h3>3.2 Cookies de terceros<\/h3>\n<p>Podemos utilizar servicios de terceros tales como:<\/p>\n<ul>\n<li>Anal\u00edtica de Google<\/li>\n<li>Herramientas de seguimiento de afiliados<\/li>\n<li>Widgets de redes sociales<\/li>\n<\/ul>\n<p>Estos servicios pueden configurar cookies para monitorear el comportamiento del usuario o mostrar anuncios relevantes.<\/p>\n<p>Puede administrar las preferencias de cookies a trav\u00e9s de la configuraci\u00f3n de su navegador. La desactivaci\u00f3n de las cookies puede afectar la forma en que funciona el sitio web.<\/p>\n<h2 style=\"color: #0070c0;\">4. Servicios y enlaces de terceros<\/h2>\n<p>Nuestro sitio web puede incluir enlaces a sitios web, servicios y corredores de terceros:<\/p>\n<ul>\n<li>hacemos <strong>no<\/strong> controlar el contenido o las pr\u00e1cticas de privacidad de los sitios web externos.<\/li>\n<li>Esta Pol\u00edtica de Privacidad no <strong>no<\/strong> aplicar a esos sitios.<\/li>\n<li>Cuando hace clic en enlaces externos, le recomendamos revisar las pol\u00edticas de privacidad de esos sitios.<\/li>\n<\/ul>\n<h2 style=\"color: #0070c0;\">5. Publicidad y marketing de afiliaci\u00f3n<\/h2>\n<p>WellForexBroker.com participa en programas de marketing de afiliados. esto significa:<\/p>\n<ul>\n<li>Podemos ganar comisiones cuando haga clic en enlaces de afiliados o se registre para servicios a trav\u00e9s de nuestro contenido.<\/li>\n<li>Esto no afecta el precio que paga por productos o servicios.<\/li>\n<li>Los enlaces de afiliados pueden utilizar cookies de seguimiento.<\/li>\n<\/ul>\n<p>Nuestro objetivo es proporcionar revisiones honestas e imparciales, independientemente de las asociaciones de afiliados.<\/p>\n<h2 style=\"color: #0070c0;\">6. reparto de informaci\u00f3n<\/h2>\n<p>Podemos compartir su informaci\u00f3n personal en los siguientes casos:<\/p>\n<h3>6.1 con su consentimiento<\/h3>\n<p>Puede optar por compartir datos con terceros.<\/p>\n<h3>6.2 Proveedores de servicios<\/h3>\n<p>Podemos compartir datos con:<\/p>\n<ul>\n<li>Proveedores de an\u00e1lisis<\/li>\n<li>Procesadores de pago<\/li>\n<li>Servicios de entrega de correo electr\u00f3nico<\/li>\n<\/ul>\n<p>Estos proveedores est\u00e1n obligados por acuerdos de confidencialidad.<\/p>\n<h3>6.3 Obligaciones legales<\/h3>\n<p>Podemos divulgar informaci\u00f3n a:<\/p>\n<ul>\n<li>Cumplir con las leyes aplicables<\/li>\n<li>Responder a solicitudes legales<\/li>\n<li>Proteger la seguridad y los derechos del usuario<\/li>\n<\/ul>\n<p>hacemos <strong>no<\/strong> Vende o alquila tu informaci\u00f3n personal a terceros para su comercializaci\u00f3n sin consentimiento.<\/p>\n<h2 style=\"color: #0070c0;\">7 Seguridad de datos<\/h2>\n<p>Implementamos medidas t\u00e9cnicas y organizativas razonables para proteger sus datos, incluyendo:<\/p>\n<ul>\n<li>Servidores seguros<\/li>\n<li>Cifrado cuando corresponda<\/li>\n<li>Monitoreo de seguridad regular<\/li>\n<\/ul>\n<p>Sin embargo, ninguna transmisi\u00f3n de Internet es segura 100%. No podemos garantizar la protecci\u00f3n absoluta contra el acceso no autorizado.<\/p>\n<h2 style=\"color: #0070c0;\">8. Sus derechos de privacidad<\/h2>\n<p>Dependiendo de su ubicaci\u00f3n, puede tener los siguientes derechos:<\/p>\n<ul>\n<li><strong>acceso<\/strong> \u2013 Solicitar una copia de sus datos personales<\/li>\n<li><strong>correcci\u00f3n<\/strong> \u2013 Actualizar informaci\u00f3n inexacta<\/li>\n<li><strong>cancelaci\u00f3n<\/strong> \u2013 Solicitar la eliminaci\u00f3n de sus datos<\/li>\n<li><strong>excluir<\/strong> \u2013 Detener correos electr\u00f3nicos de marketing<\/li>\n<li><strong>Portabilidad de datos<\/strong> \u2013 Recibir una copia en un formato estructurado<\/li>\n<\/ul>\n<p>Para ejercer cualquier derecho, cont\u00e1ctenos<\/p>\n<h2 style=\"color: #0070c0;\">9. Privacidad de los ni\u00f1os<\/h2>\n<p>Nuestro sitio web no est\u00e1 dirigido a ni\u00f1os menores de 13 a\u00f1os.<\/p>\n<p>hacemos <strong>no a sabiendas<\/strong> Recopilar informaci\u00f3n personal de los ni\u00f1os. Si descubrimos tales datos, los eliminaremos inmediatamente.<\/p>\n<h2 style=\"color: #0070c0;\">10. Cambios en esta pol\u00edtica<\/h2>\n<p>Podemos actualizar esta Pol\u00edtica de Privacidad para reflejar los cambios en las funciones de la ley o del sitio web.<\/p>\n<p><strong>Las pol\u00edticas actualizadas se publicar\u00e1n con una \u201cfecha de vigencia\u201d revisada.\u201d<\/strong> Su uso continuo del sitio web indica la aceptaci\u00f3n de la pol\u00edtica actualizada.<\/p>\n<h2 style=\"color: #0070c0;\">11. Cont\u00e1ctenos<\/h2>\n<p>Si tiene preguntas o inquietudes sobre esta Pol\u00edtica de Privacidad, por favor contacte a:<\/p>\n<p><strong>bienforeex corredor<\/strong><\/p>\n<p>Correo electr\u00f3nico: <a href=\"mailto:support@wellforexbroker.com\">support@wellforexbroker.com<\/a><\/p>\n<p>Sitio web: <a href=\"https:\/\/wellforexbroker.com\/es\/\">https:\/\/wellforexbroker.com\/<\/a><\/p>\n<\/div>\t\t\t\t\t\t\t\t<\/div>\n\t\t\t\t\t<\/div>\n\t\t\t\t<\/div>\n\t\t\t\t<\/div>","protected":false},"excerpt":{"rendered":"<p>PRIVACY POLICY At WellForexBroker (\u201cwe,\u201d \u201cour,\u201d \u201cus\u201d), your privacy is a priority. This Privacy Policy explains what information we collect, how we use it, how we protect it, and your rights regarding your personal data when you visit our website https:\/\/wellforexbroker.com\/. By using this Website, you agree to the terms outlined in this Privacy Policy. [&hellip;]<\/p>\n","protected":false},"author":1,"featured_media":0,"parent":0,"menu_order":0,"comment_status":"closed","ping_status":"open","template":"","meta":{"footnotes":""},"class_list":["post-3","page","type-page","status-publish","hentry"],"_links":{"self":[{"href":"https:\/\/wellforexbroker.com\/es\/wp-json\/wp\/v2\/pages\/3","targetHints":{"allow":["GET"]}}],"collection":[{"href":"https:\/\/wellforexbroker.com\/es\/wp-json\/wp\/v2\/pages"}],"about":[{"href":"https:\/\/wellforexbroker.com\/es\/wp-json\/wp\/v2\/types\/page"}],"author":[{"embeddable":true,"href":"https:\/\/wellforexbroker.com\/es\/wp-json\/wp\/v2\/users\/1"}],"replies":[{"embeddable":true,"href":"https:\/\/wellforexbroker.com\/es\/wp-json\/wp\/v2\/comments?post=3"}],"version-history":[{"count":0,"href":"https:\/\/wellforexbroker.com\/es\/wp-json\/wp\/v2\/pages\/3\/revisions"}],"wp:attachment":[{"href":"https:\/\/wellforexbroker.com\/es\/wp-json\/wp\/v2\/media?parent=3"}],"curies":[{"name":"wp","href":"https:\/\/api.w.org\/{rel}","templated":true}]}}