{"id":3,"date":"2025-10-08T22:04:39","date_gmt":"2025-10-08T22:04:39","guid":{"rendered":"https:\/\/wellforexbroker.com\/?page_id=3"},"modified":"2026-02-17T13:37:42","modified_gmt":"2026-02-17T13:37:42","slug":"politique-de-confidentialite","status":"publish","type":"page","link":"https:\/\/wellforexbroker.com\/fr\/politique-de-confidentialite\/","title":{"rendered":"Politique De Confidentialit\u00e9"},"content":{"rendered":"<div data-elementor-type=\"wp-page\" data-elementor-id=\"3\" class=\"elementor elementor-3\" data-elementor-post-type=\"page\">\n\t\t\t\t<div class=\"elementor-element elementor-element-4bfed541 e-flex e-con-boxed e-con e-parent\" data-id=\"4bfed541\" data-element_type=\"container\" data-e-type=\"container\">\n\t\t\t\t\t<div class=\"e-con-inner\">\n\t\t\t\t<div class=\"elementor-element elementor-element-9f12cf3 elementor-widget elementor-widget-heading\" data-id=\"9f12cf3\" data-element_type=\"widget\" data-e-type=\"widget\" data-widget_type=\"heading.default\">\n\t\t\t\t\t<h1 class=\"elementor-heading-title elementor-size-default\">Politique de confidentialit\u00e9<\/h1>\t\t\t\t<\/div>\n\t\t\t\t<div class=\"elementor-element elementor-element-397b5c20 elementor-widget elementor-widget-text-editor\" data-id=\"397b5c20\" data-element_type=\"widget\" data-e-type=\"widget\" data-widget_type=\"text-editor.default\">\n\t\t\t\t\t\t\t\t\t<div style=\"font-family: Arial, sans-serif; line-height: 1.6; color: #333;\">\n<p>\u00e0 <strong>bienForexBroker<\/strong> (\u201cNous\u201d, \u201cnotre\u201d, \u201cnous\u201d), votre vie priv\u00e9e est une priorit\u00e9. Cette politique de confidentialit\u00e9 explique les informations que nous collectons, la mani\u00e8re dont nous les utilisons, la fa\u00e7on dont nous les prot\u00e9geons et vos droits concernant vos donn\u00e9es personnelles lorsque vous visitez notre site Web. <a href=\"https:\/\/wellforexbroker.com\/fr\/\">https:\/\/wellforexbroker.com\/.<\/a><\/p>\n<p>En utilisant ce site Web, vous acceptez les termes d\u00e9crits dans cette politique de confidentialit\u00e9.<\/p>\n<h2 style=\"color: #0070c0;\">1. Informations que nous collectons<\/h2>\n<h3>1.1 Informations personnelles<\/h3>\n<p>Nous collectons des informations personnelles lorsque vous les fournissez volontairement, telles que :<\/p>\n<ul>\n<li>nommer<\/li>\n<li>adresse e-mail<\/li>\n<li>coordonn\u00e9es<\/li>\n<li>Toute information soumise via des formulaires, des sections de commentaires ou des abonnements \u00e0 la newsletter<\/li>\n<\/ul>\n<p>Ces informations sont collect\u00e9es lorsque vous :<\/p>\n<ul>\n<li>Abonnez-vous \u00e0 notre news<\/li>\n<li>Soumettre un formulaire de contact<\/li>\n<li>Laisser des commentaires<\/li>\n<li>Participer \u00e0 des sondages ou \u00e0 des promotions<\/li>\n<\/ul>\n<h3>1.2 Donn\u00e9es collect\u00e9es automatiquement<\/h3>\n<p>Nous collectons automatiquement des informations non personnelles \u00e0 l'aide de cookies et de technologies de suivi\u00a0:<\/p>\n<ul>\n<li>adresse IP<\/li>\n<li>Type et version du navigateur<\/li>\n<li>Type et mod\u00e8le d'appareil<\/li>\n<li>Pages visit\u00e9es<\/li>\n<li>Temps pass\u00e9 sur le site<\/li>\n<li>URL de r\u00e9f\u00e9rence<\/li>\n<li>Emplacement g\u00e9ographique (g\u00e9n\u00e9ral)<\/li>\n<\/ul>\n<p>Ces donn\u00e9es nous aident \u00e0 comprendre comment les visiteurs utilisent le site Web et \u00e0 am\u00e9liorer l'exp\u00e9rience globale de l'utilisateur.<\/p>\n<h2 style=\"color: #0070c0;\">2 . Comment nous utilisons vos informations<\/h2>\n<p>Nous utilisons les informations collect\u00e9es aux fins suivantes :<\/p>\n<h3>2.1 Fourniture de services<\/h3>\n<ul>\n<li>Pour fournir le contenu que vous demandez (avis, guides, newsletters)<\/li>\n<li>Pour r\u00e9pondre \u00e0 vos messages ou demandes<\/li>\n<li>Pour g\u00e9rer les comptes d'utilisateurs ou les abonnements<\/li>\n<\/ul>\n<h3>2.2 Am\u00e9lioration du site Web<\/h3>\n<ul>\n<li>Pour analyser comment les visiteurs utilisent le site Web<\/li>\n<li>Pour am\u00e9liorer la qualit\u00e9 du contenu<\/li>\n<li>Pour r\u00e9soudre les probl\u00e8mes techniques<\/li>\n<li>Pour optimiser les performances de r\u00e9f\u00e9rencement et marketing<\/li>\n<\/ul>\n<h3>2.3 Marketing et promotions<\/h3>\n<p>Avec votre permission, nous pouvons utiliser votre adresse e-mail pour envoyer\u00a0:<\/p>\n<ul>\n<li>newsletter<\/li>\n<li>Mises \u00e0 jour sur le nouveau contenu<\/li>\n<li>Promotions li\u00e9es aux courtiers forex ou aux outils de trading<\/li>\n<\/ul>\n<p>Vous pouvez vous d\u00e9sinscrire \u00e0 tout moment en vous d\u00e9sabonnant.<\/p>\n<h3>2.4 Conformit\u00e9 et protection juridique<\/h3>\n<p>Nous pouvons utiliser des informations pour :<\/p>\n<ul>\n<li>Respecter les obligations l\u00e9gales<\/li>\n<li>Appliquer nos conditions d'utilisation<\/li>\n<li>r\u00e9soudre les litiges<\/li>\n<\/ul>\n<h2 style=\"color: #0070c0;\">3. Cookies et technologies de suivi<\/h2>\n<h3>3.1 Utilisation des cookies<\/h3>\n<p>Les cookies sont de petits fichiers texte stock\u00e9s sur votre appareil pour aider \u00e0 identifier les utilisateurs qui reviennent et \u00e0 am\u00e9liorer l'exp\u00e9rience de navigation.<\/p>\n<p>Nous utilisons :<\/p>\n<ul>\n<li><strong>Biscuits essentiel<\/strong> \u2013 Requis pour la fonctionnalit\u00e9 de base du site Web<\/li>\n<li><strong>Cookies de performances<\/strong> \u2013 Analyser l'utilisation du site et am\u00e9liorer les performances<\/li>\n<li><strong>Cookies fonctionnels<\/strong> \u2013 Fournir des fonctionnalit\u00e9s am\u00e9lior\u00e9es ou une personnalisation<\/li>\n<li><strong>Cookies publicitaires<\/strong> \u2013 Pour les annonces cibl\u00e9es (uniquement avec consentement)<\/li>\n<\/ul>\n<h3>3.2 Cookies tiers<\/h3>\n<p>Nous pouvons utiliser des services de tiers tels que :<\/p>\n<ul>\n<li>Google Analytics<\/li>\n<li>Outils de suivi des affili<\/li>\n<li>Widgets de m\u00e9dias sociaux<\/li>\n<\/ul>\n<p>Ces services peuvent cr\u00e9er des cookies pour surveiller le comportement des utilisateurs ou afficher des publicit\u00e9s pertinentes.<\/p>\n<p>Vous pouvez g\u00e9rer les pr\u00e9f\u00e9rences des cookies via les param\u00e8tres de votre navigateur. La d\u00e9sactivation des cookies peut affecter le fonctionnement du site Web.<\/p>\n<h2 style=\"color: #0070c0;\">4. Services et liens tiers<\/h2>\n<p>Notre site Web peut inclure des liens vers des sites Web, des services et des courtiers tiers :<\/p>\n<ul>\n<li>nous faisons <strong>non<\/strong> Contr\u00f4ler le contenu ou les pratiques de confidentialit\u00e9 des sites Web externes.<\/li>\n<li>Cette politique de confidentialit\u00e9 fait <strong>non<\/strong> s'appliquer \u00e0 ces sites.<\/li>\n<li>Lorsque vous cliquez sur Liens externes, nous vous recommandons de consulter les politiques de confidentialit\u00e9 de ces sites.<\/li>\n<\/ul>\n<h2 style=\"color: #0070c0;\">5. Publicit\u00e9 et marketing d'affiliation<\/h2>\n<p>WellForexBroker.com participe aux programmes de marketing d'affiliation. Cela signifie :<\/p>\n<ul>\n<li>Nous pouvons gagner des commissions lorsque vous cliquez sur des liens d'affiliation ou vous inscrivez pour des services via notre contenu.<\/li>\n<li>Cela n'affecte pas le prix que vous payez pour les produits ou services.<\/li>\n<li>Les liens d'affiliation peuvent utiliser des cookies de suivi.<\/li>\n<\/ul>\n<p>Nous visons \u00e0 fournir des critiques honn\u00eates et impartiales, quels que soient les partenariats d'affiliation.<\/p>\n<h2 style=\"color: #0070c0;\">6. Partage d'informations<\/h2>\n<p>Nous pouvons partager vos informations personnelles dans les cas suivants :<\/p>\n<h3>6.1 Avec votre consentement<\/h3>\n<p>Vous pouvez choisir de partager des donn\u00e9es avec des tiers.<\/p>\n<h3>6.2 Fournisseurs de services<\/h3>\n<p>Nous pouvons partager des donn\u00e9es avec :<\/p>\n<ul>\n<li>Fournisseurs d'analyse<\/li>\n<li>Processeurs de paiement<\/li>\n<li>Services de livraison d'e-<\/li>\n<\/ul>\n<p>Ces fournisseurs sont li\u00e9s par des accords de confidentialit\u00e9.<\/p>\n<h3>6.3 Obligations l\u00e9gales<\/h3>\n<p>Nous pouvons divulguer des informations \u00e0 :<\/p>\n<ul>\n<li>Se conformer aux lois applicables<\/li>\n<li>R\u00e9pondre aux demandes l\u00e9gales<\/li>\n<li>Prot\u00e9ger la s\u00e9curit\u00e9 et les droits des utilisateurs<\/li>\n<\/ul>\n<p>nous faisons <strong>non<\/strong> Vendez ou louez vos informations personnelles \u00e0 des tiers pour commercialisation sans consentement.<\/p>\n<h2 style=\"color: #0070c0;\">7 S\u00e9curit\u00e9 des donn\u00e9es<\/h2>\n<p>Nous mettons en \u0153uvre des mesures techniques et organisationnelles raisonnables pour prot\u00e9ger vos donn\u00e9es, notamment :<\/p>\n<ul>\n<li>Serveurs s\u00e9curis\u00e9s<\/li>\n<li>Chiffrement le cas \u00e9ch\u00e9ant<\/li>\n<li>Surveillance de s\u00e9curit\u00e9 r\u00e9guli\u00e8re<\/li>\n<\/ul>\n<p>Cependant, aucune transmission sur Internet n'est s\u00e9curis\u00e9e 100%. Nous ne pouvons garantir une protection absolue contre les acc\u00e8s non autoris\u00e9s.<\/p>\n<h2 style=\"color: #0070c0;\">8. Vos droits de confidentialit\u00e9<\/h2>\n<p>Selon votre emplacement, vous pouvez avoir les droits suivants\u00a0:<\/p>\n<ul>\n<li><strong>acc\u00e9der<\/strong> \u2013 Demander une copie de vos donn\u00e9es personnelles<\/li>\n<li><strong>correction<\/strong> \u2013 Mettre \u00e0 jour les informations inexactes<\/li>\n<li><strong>effacement<\/strong> \u2013 Demander la suppression de vos donn\u00e9es<\/li>\n<li><strong>opposition \u00e0<\/strong> \u2013 Arr\u00eatez les e-mails marketing<\/li>\n<li><strong>Portabilit\u00e9 des donn\u00e9es<\/strong> \u2013 Recevoir une copie dans un format structur\u00e9<\/li>\n<\/ul>\n<p>Pour exercer des droits, contactez-nous<\/p>\n<h2 style=\"color: #0070c0;\">9. Confidentialit\u00e9 des enfants<\/h2>\n<p>Notre site Web ne s'adresse pas aux enfants de moins de 13\u00a0ans.<\/p>\n<p>nous faisons <strong>pas sciemment<\/strong> Collecter des informations personnelles aupr\u00e8s des enfants. Si nous d\u00e9couvrons de telles donn\u00e9es, nous les supprimerons imm\u00e9diatement.<\/p>\n<h2 style=\"color: #0070c0;\">10. Modifications de cette politique<\/h2>\n<p>Nous pouvons mettre \u00e0 jour cette politique de confidentialit\u00e9 pour refl\u00e9ter les modifications apport\u00e9es aux lois ou aux fonctionnalit\u00e9s du site Web.<\/p>\n<p><strong>Les politiques mises \u00e0 jour seront publi\u00e9es avec une \u201c date d'entr\u00e9e en vigueur \u201d r\u00e9vis\u00e9e.\u201d<\/strong> Votre utilisation continue du site Web indique l'acceptation de la politique mise \u00e0 jour.<\/p>\n<h2 style=\"color: #0070c0;\">11. Contactez-nous<\/h2>\n<p>Si vous avez des questions ou des pr\u00e9occupations concernant cette politique de confidentialit\u00e9, veuillez contacter\u00a0:<\/p>\n<p><strong>bienForexBroker<\/strong><\/p>\n<p>E-mail: <a href=\"mailto:support@wellforexbroker.com\">support@wellforexbroker.com<\/a><\/p>\n<p>Site Web\u00a0: <a href=\"https:\/\/wellforexbroker.com\/fr\/\">https:\/\/wellforexbroker.com\/<\/a><\/p>\n<\/div>\t\t\t\t\t\t\t\t<\/div>\n\t\t\t\t\t<\/div>\n\t\t\t\t<\/div>\n\t\t\t\t<\/div>","protected":false},"excerpt":{"rendered":"<p>PRIVACY POLICY At WellForexBroker (\u201cwe,\u201d \u201cour,\u201d \u201cus\u201d), your privacy is a priority. This Privacy Policy explains what information we collect, how we use it, how we protect it, and your rights regarding your personal data when you visit our website https:\/\/wellforexbroker.com\/. By using this Website, you agree to the terms outlined in this Privacy Policy. [&hellip;]<\/p>\n","protected":false},"author":1,"featured_media":0,"parent":0,"menu_order":0,"comment_status":"closed","ping_status":"open","template":"","meta":{"footnotes":""},"class_list":["post-3","page","type-page","status-publish","hentry"],"_links":{"self":[{"href":"https:\/\/wellforexbroker.com\/fr\/wp-json\/wp\/v2\/pages\/3","targetHints":{"allow":["GET"]}}],"collection":[{"href":"https:\/\/wellforexbroker.com\/fr\/wp-json\/wp\/v2\/pages"}],"about":[{"href":"https:\/\/wellforexbroker.com\/fr\/wp-json\/wp\/v2\/types\/page"}],"author":[{"embeddable":true,"href":"https:\/\/wellforexbroker.com\/fr\/wp-json\/wp\/v2\/users\/1"}],"replies":[{"embeddable":true,"href":"https:\/\/wellforexbroker.com\/fr\/wp-json\/wp\/v2\/comments?post=3"}],"version-history":[{"count":0,"href":"https:\/\/wellforexbroker.com\/fr\/wp-json\/wp\/v2\/pages\/3\/revisions"}],"wp:attachment":[{"href":"https:\/\/wellforexbroker.com\/fr\/wp-json\/wp\/v2\/media?parent=3"}],"curies":[{"name":"wp","href":"https:\/\/api.w.org\/{rel}","templated":true}]}}