{"id":349,"date":"2026-02-20T10:31:27","date_gmt":"2026-02-20T10:31:27","guid":{"rendered":"https:\/\/wellforexbroker.com\/?page_id=349"},"modified":"2026-02-20T10:39:28","modified_gmt":"2026-02-20T10:39:28","slug":"termes-et-conditions-pour-wellforexbroker-com","status":"publish","type":"page","link":"https:\/\/wellforexbroker.com\/fr\/termes-et-conditions-pour-wellforexbroker-com\/","title":{"rendered":"Termes et conditions pour WellForexBroker.com"},"content":{"rendered":"<div data-elementor-type=\"wp-page\" data-elementor-id=\"349\" class=\"elementor elementor-349\" data-elementor-post-type=\"page\">\n\t\t\t\t<div class=\"elementor-element elementor-element-ffda582 e-flex e-con-boxed e-con e-parent\" data-id=\"ffda582\" data-element_type=\"container\" data-e-type=\"container\">\n\t\t\t\t\t<div class=\"e-con-inner\">\n\t\t\t\t<div class=\"elementor-element elementor-element-fe96ee5 elementor-widget elementor-widget-heading\" data-id=\"fe96ee5\" data-element_type=\"widget\" data-e-type=\"widget\" data-widget_type=\"heading.default\">\n\t\t\t\t\t<h1 class=\"elementor-heading-title elementor-size-default\">Termes et conditions pour WellForexBroker.com<\/h1>\t\t\t\t<\/div>\n\t\t\t\t<div class=\"elementor-element elementor-element-cb1b41d elementor-widget elementor-widget-text-editor\" data-id=\"cb1b41d\" data-element_type=\"widget\" data-e-type=\"widget\" data-widget_type=\"text-editor.default\">\n\t\t\t\t\t\t\t\t\t<p>Ce qui suit d\u00e9crit les termes et conditions sur lesquels <a href=\"https:\/\/wellforexbroker.com\/fr\/\">bienForexBroker<\/a> Offre un acc\u00e8s au site, \u00e0 vous, au client et \u00e0 l'utilisation de ses services. Veuillez lire la politique de confidentialit\u00e9, l'avertissement de risque et toutes les conditions g\u00e9n\u00e9rales suivantes (ci-apr\u00e8s \u201c Conditions d'utilisation \u201d) avant d'utiliser ce site. En continuant \u00e0 acc\u00e9der ou \u00e0 utiliser ce site ou tout service sur ce site, vous signifiez votre acceptation des pr\u00e9sentes conditions g\u00e9n\u00e9rales. Nous nous r\u00e9servons le droit de modifier, de supprimer ou d'ajouter \u00e0 tout moment \u00e0 ces termes et conditions. Ces modifications entreront en vigueur imm\u00e9diatement. En cons\u00e9quence, veuillez continuer \u00e0 consulter ces termes et conditions chaque fois que vous acc\u00e9dez ou utilisez ce site. Votre utilisation du Site ou de tout Service sur ce Site, apr\u00e8s la publication des modifications des pr\u00e9sentes Conditions G\u00e9n\u00e9rales de Vente, constituera votre acceptation des conditions g\u00e9n\u00e9rales de modification. Si, \u00e0 tout moment, vous ne souhaitez pas accepter les conditions g\u00e9n\u00e9rales, vous ne pouvez pas utiliser le site. Les termes et conditions que vous proposez, qui sont en plus ou qui sont en conflit avec ces conditions g\u00e9n\u00e9rales, sont express\u00e9ment rejet\u00e9s par nous et ne seront pas sans effet.<\/p><h2>d\u00e9menti<\/h2><p>En raison du nombre de sources \u00e0 partir desquelles le contenu et les conseils sont obtenus, ainsi que les risques inh\u00e9rents \u00e0 la distribution \u00e9lectronique, il peut y avoir des retards, des omissions ou des inexactitudes dans ce contenu et dans le site Web. Le contenu et les conseils et le site Web sont fournis \u201c tels quels \u201d, sans aucune garantie. WellForexBroker, ses employ\u00e9s, dirigeants, administrateurs, soci\u00e9t\u00e9s affili\u00e9es, agents et conc\u00e9dants de licence ne peuvent pas et ne justifient pas l'exactitude, l'exhaustivit\u00e9, l'actualit\u00e9, la rapidit\u00e9, la non-contrefa\u00e7on, le titre, la qualit\u00e9 marchande ou l'ad\u00e9quation \u00e0 un but particulier du contenu et des conseils disponibles sur le site Web ou sur le site Web lui-m\u00eame, et WellForExBroker d\u00e9cline par la pr\u00e9sente ces garanties expresses ou implicites.<\/p><p>En aucun cas, WellForexBroker, ses employ\u00e9s, dirigeants, administrateurs, soci\u00e9t\u00e9s affili\u00e9es, agents ou conc\u00e9dants de licence ne pourront \u00eatre tenus responsables envers vous ou envers un tiers pour toute perte financi\u00e8re, perte de profits, dommages sp\u00e9ciaux, accessoires ou cons\u00e9cutifs, ou tout autre dommage similaire r\u00e9sultant directement ou indirectement de l'utilisation du site Web.<\/p><h2>Restrictions l\u00e9gales<\/h2><p>Vous comprenez que les lois concernant les contrats financiers varient dans le monde entier, et votre obligation est seule de vous assurer que vous respectez pleinement toute loi, r\u00e9glementation ou directive pertinente pour votre pays de r\u00e9sidence en ce qui concerne l'utilisation du site Web. Pour \u00e9viter tout doute, la possibilit\u00e9 d'acc\u00e9der \u00e0 notre site Web ne signifie pas n\u00e9cessairement que nos services et\/ou vos activit\u00e9s par le biais de ces derniers sont l\u00e9gaux en vertu des lois, r\u00e9glementations ou directives pertinentes pour votre pays de r\u00e9sidence.<\/p><h2>Licence limit\u00e9e<\/h2><p>WellForExBroker vous accorde une licence personnelle non exclusive, non transf\u00e9rable et limit\u00e9e pour acc\u00e9der et utiliser son site Web (la \u201c licence \u201d). Cette licence est conditionn\u00e9e \u00e0 votre conformit\u00e9 continue avec les termes et conditions du pr\u00e9sent Accord. Vous acceptez de ne pas cr\u00e9er de lien profond vers le site Web, de revendre ou de ne pas autoriser l'acc\u00e8s au site Web \u00e0 d'autres personnes, ni de copier tout mat\u00e9riel figurant sur le site Web pour la revente ou \u00e0 toute autre fin \u00e0 d'autres personnes sans le consentement \u00e9crit pr\u00e9alable de WellForExBroker.<\/p><h2>Liens vers des sites tiers<\/h2><p>Ce site Web contient des hyperliens vers des sites Web exploit\u00e9s par des personnes autres que WellForExBroker. Ces liens hypertextes sont fournis \u00e0 titre de r\u00e9f\u00e9rence et de commodit\u00e9 uniquement. Vous acceptez de ne pas tenir WellForexBroker responsable du contenu ou du fonctionnement de ces sites Web. Un lien hypertexte de ce site Web vers un autre site Web n'implique pas ou ne signifie pas que WellForExBroker approuve le contenu de ce site Web ou de l'op\u00e9rateur ou des op\u00e9rations de ce site.<\/p><h2>petit g\u00e2teau<\/h2><p>Notre site peut utiliser des \u201c cookies \u201d, des fichiers journaux et d'autres technologies de suivi pour am\u00e9liorer l'exp\u00e9rience utilisateur. Le navigateur Web de l'utilisateur place des cookies sur son disque dur \u00e0 des fins de tenue de registres et parfois pour suivre les informations \u00e0 leur sujet. Vous pouvez choisir de configurer votre navigateur Web pour refuser les cookies ou pour vous avertir lors de l'envoi de cookies. Si vous le faites, certaines parties du site peuvent ne pas fonctionner correctement.<\/p><h2>Informations sur le march\u00e9<\/h2><p>WellForExBroker peut vous mettre \u00e0 disposition par le biais d'un ou plusieurs de ses services une large gamme d'informations financi\u00e8res g\u00e9n\u00e9r\u00e9es en interne ou obtenues aupr\u00e8s d'agents, fournisseurs ou partenaires (\u201cfournisseurs tiers\u201d). Cela comprend les donn\u00e9es du march\u00e9 financier, les devis, les actualit\u00e9s, les opinions des analystes, les rapports de recherche, les graphiques ou les donn\u00e9es. Les informations sur le march\u00e9 ne sont pas con\u00e7ues comme des conseils en investissement. WellForexBroker ne garantit pas l'exactitude, la rapidit\u00e9, l'exhaustivit\u00e9 ou l'exactitude des informations sur le march\u00e9 et d\u00e9cline toute responsabilit\u00e9 en cas d'impr\u00e9cisions.<\/p><h2>Utilisation et acc\u00e8s au site<\/h2><p>Vous serez responsable de fournir et de maintenir les moyens d'acc\u00e9der au site Web, y compris votre ordinateur, votre modem ou votre ligne d'acc\u00e8s. Vous serez responsable de tous les frais d'acc\u00e8s et de service n\u00e9cessaires pour vous connecter au site Web et assumer tous les frais engag\u00e9s pour acc\u00e9der \u00e0 ces syst\u00e8mes. Vous assumez en outre tous les risques associ\u00e9s \u00e0 l'utilisation et au stockage des informations sur votre ordinateur ou sur tout autre ordinateur par lequel vous acc\u00e9derez au site Web.<\/p><h2>Droits de l'entreprise<\/h2><p>WellForexBroker se r\u00e9serve le droit de suspendre l'exploitation de ce site ou de toute partie ou section de celui-ci \u00e0 tout moment, et aucune r\u00e9clamation ne peut \u00eatre exerc\u00e9e contre la soci\u00e9t\u00e9 \u00e0 ce sujet.<\/p><h2>grande puissance<\/h2><p>Vous acceptez que WellForExBroker ne soit pas responsable envers vous ou toute autre personne en cas de force majeure, ou de toute autorit\u00e9 gouvernementale ou l\u00e9gale, ou de la d\u00e9faillance de ses syst\u00e8mes informatiques, donn\u00e9es ou dossiers, ou des retards, pertes, erreurs ou omissions r\u00e9sultant de d\u00e9faillances dans les t\u00e9l\u00e9communications ou les \u00e9quipements informatiques.<\/p><h2>Probl\u00e8mes techniques<\/h2><p>WellForexBroker ne sera pas responsable et vous acceptez de ne pas tenir la responsabilit\u00e9 de WellForExBroker ou de ses agents ou fournisseurs de services, pour tout probl\u00e8me technique, d\u00e9faillance du syst\u00e8me, panne d'\u00e9quipement ou logiciel, probl\u00e8mes d'acc\u00e8s au syst\u00e8me, violation de la s\u00e9curit\u00e9 ou autres probl\u00e8mes et d\u00e9fauts informatiques similaires.<\/p><h2>Marques et droits d'auteur<\/h2><p>Tous les contenus, marques d\u00e9pos\u00e9es, marques de service, noms commerciaux, logos et ic\u00f4nes sont la propri\u00e9t\u00e9 de WellForexBroker ou de ses soci\u00e9t\u00e9s affili\u00e9es et sont prot\u00e9g\u00e9s par les lois sur le droit d'auteur. Vous acceptez de ne pas supprimer les avis de droits d'auteur ou autres indications de droits de propri\u00e9t\u00e9 intellectuelle prot\u00e9g\u00e9s des documents que vous imprimez ou t\u00e9l\u00e9chargez sur le site Web.<\/p><h2>Droit applicable, arbitrage et juridiction<\/h2><p>Le pr\u00e9sent accord sera r\u00e9gi par les lois des \u00eeles Vierges britanniques (\u201c\u00a0BVI\u00a0\u201d), sans \u00e9gard aux principes de conflit de lois. Vous acceptez de vous soumettre \u00e0 la juridiction personnelle et exclusive des tribunaux situ\u00e9s au sein du BVI pour r\u00e9gler tout litige qui pourrait survenir \u00e0 ce sujet.<\/p>\t\t\t\t\t\t\t\t<\/div>\n\t\t\t\t\t<\/div>\n\t\t\t\t<\/div>\n\t\t\t\t<\/div>","protected":false},"excerpt":{"rendered":"<p>Terms and Conditions for WellForexBroker.com The following describes the terms and conditions upon which WellForexBroker offers access to the site to you, the customer, and the use of its services. Please read the privacy policy, risk warning, and all of the following terms and conditions (hereinafter &#8220;terms and conditions&#8221;) before using this site. By continuing [&hellip;]<\/p>\n","protected":false},"author":1,"featured_media":0,"parent":0,"menu_order":0,"comment_status":"closed","ping_status":"closed","template":"","meta":{"footnotes":""},"class_list":["post-349","page","type-page","status-publish","hentry"],"_links":{"self":[{"href":"https:\/\/wellforexbroker.com\/fr\/wp-json\/wp\/v2\/pages\/349","targetHints":{"allow":["GET"]}}],"collection":[{"href":"https:\/\/wellforexbroker.com\/fr\/wp-json\/wp\/v2\/pages"}],"about":[{"href":"https:\/\/wellforexbroker.com\/fr\/wp-json\/wp\/v2\/types\/page"}],"author":[{"embeddable":true,"href":"https:\/\/wellforexbroker.com\/fr\/wp-json\/wp\/v2\/users\/1"}],"replies":[{"embeddable":true,"href":"https:\/\/wellforexbroker.com\/fr\/wp-json\/wp\/v2\/comments?post=349"}],"version-history":[{"count":0,"href":"https:\/\/wellforexbroker.com\/fr\/wp-json\/wp\/v2\/pages\/349\/revisions"}],"wp:attachment":[{"href":"https:\/\/wellforexbroker.com\/fr\/wp-json\/wp\/v2\/media?parent=349"}],"curies":[{"name":"wp","href":"https:\/\/api.w.org\/{rel}","templated":true}]}}