{"id":3,"date":"2025-10-08T22:04:39","date_gmt":"2025-10-08T22:04:39","guid":{"rendered":"https:\/\/wellforexbroker.com\/?page_id=3"},"modified":"2026-02-17T13:37:42","modified_gmt":"2026-02-17T13:37:42","slug":"polityka-prywatnosci","status":"publish","type":"page","link":"https:\/\/wellforexbroker.com\/pl\/polityka-prywatnosci\/","title":{"rendered":"Polityka prywatno\u015bci"},"content":{"rendered":"<div data-elementor-type=\"wp-page\" data-elementor-id=\"3\" class=\"elementor elementor-3\" data-elementor-post-type=\"page\">\n\t\t\t\t<div class=\"elementor-element elementor-element-4bfed541 e-flex e-con-boxed e-con e-parent\" data-id=\"4bfed541\" data-element_type=\"container\" data-e-type=\"container\">\n\t\t\t\t\t<div class=\"e-con-inner\">\n\t\t\t\t<div class=\"elementor-element elementor-element-9f12cf3 elementor-widget elementor-widget-heading\" data-id=\"9f12cf3\" data-element_type=\"widget\" data-e-type=\"widget\" data-widget_type=\"heading.default\">\n\t\t\t\t\t<h1 class=\"elementor-heading-title elementor-size-default\">Polityka prywatno\u015bci<\/h1>\t\t\t\t<\/div>\n\t\t\t\t<div class=\"elementor-element elementor-element-397b5c20 elementor-widget elementor-widget-text-editor\" data-id=\"397b5c20\" data-element_type=\"widget\" data-e-type=\"widget\" data-widget_type=\"text-editor.default\">\n\t\t\t\t\t\t\t\t\t<div style=\"font-family: Arial, sans-serif; line-height: 1.6; color: #333;\">\n<p>po <strong>WellForexBroker<\/strong> (\u201cMy\u201d, \u201cnasz\u201d, \u201cnas\u201d), Twoja prywatno\u015b\u0107 jest priorytetem. Niniejsza Polityka prywatno\u015bci wyja\u015bnia, jakie informacje zbieramy, w jaki spos\u00f3b je wykorzystujemy, jak je chronimy oraz Twoje prawa do Twoich danych osobowych podczas odwiedzania naszej strony internetowej <a href=\"https:\/\/wellforexbroker.com\/pl\/\">https:\/\/wellforexbroker.com\/.<\/a><\/p>\n<p>Korzystaj\u0105c z tej witryny, zgadzasz si\u0119 na warunki opisane w niniejszej Polityce prywatno\u015bci.<\/p>\n<h2 style=\"color: #0070c0;\">1. Informacje, kt\u00f3re zbieramy<\/h2>\n<h3>1.1 Dane osobowe<\/h3>\n<p>Gromadzimy dane osobowe, gdy U\u017cytkownik je dobrowolnie je poda, np.:<\/p>\n<ul>\n<li>imi\u0119<\/li>\n<li>Adres e-mail<\/li>\n<li>informacje kontaktowe<\/li>\n<li>Wszelkie informacje przes\u0142ane za po\u015brednictwem formularzy, sekcji komentarzy lub subskrypcji newslettera<\/li>\n<\/ul>\n<p>Informacje te s\u0105 zbierane, gdy:<\/p>\n<ul>\n<li>Zapisz si\u0119 do naszego newslettera<\/li>\n<li>Prze\u015blij formularz kontaktowy<\/li>\n<li>zostaw komentarze<\/li>\n<li>Uczestniczy\u0107 w ankietach lub promocjach<\/li>\n<\/ul>\n<h3>1.2 Zebrane automatycznie dane<\/h3>\n<p>Automatycznie zbieramy dane nieosobowe za pomoc\u0105 plik\u00f3w cookie i technologii \u015bledzenia:<\/p>\n<ul>\n<li>Adres IP<\/li>\n<li>Typ i wersja przegl\u0105darki<\/li>\n<li>Typ i model urz\u0105dzenia<\/li>\n<li>Odwiedzone strony<\/li>\n<li>Czas sp\u0119dzony na stronie<\/li>\n<li>Odsy\u0142aj\u0105ce adresy URL<\/li>\n<li>Po\u0142o\u017cenie geograficzne (og\u00f3lne)<\/li>\n<\/ul>\n<p>Te dane pomagaj\u0105 nam zrozumie\u0107, w jaki spos\u00f3b odwiedzaj\u0105cy korzystaj\u0105 z witryny i poprawi\u0107 og\u00f3lne wra\u017cenia u\u017cytkownika.<\/p>\n<h2 style=\"color: #0070c0;\">2 . Jak wykorzystujemy Twoje informacje<\/h2>\n<p>Zebrane informacje wykorzystujemy w nast\u0119puj\u0105cych celach:<\/p>\n<h3>2.1 \u015awiadczenie us\u0142ug<\/h3>\n<ul>\n<li>Aby dostarczy\u0107 \u017c\u0105dane tre\u015bci (recenzje, przewodniki, biuletyny)<\/li>\n<li>Aby odpowiedzie\u0107 na Twoje wiadomo\u015bci lub zapytania<\/li>\n<li>Aby zarz\u0105dza\u0107 kontami u\u017cytkownik\u00f3w lub subskrypcjami<\/li>\n<\/ul>\n<h3>2.2 Ulepszenie strony internetowej<\/h3>\n<ul>\n<li>Aby przeanalizowa\u0107, w jaki spos\u00f3b odwiedzaj\u0105cy korzystaj\u0105 z witryny<\/li>\n<li>Aby poprawi\u0107 jako\u015b\u0107 tre\u015bci<\/li>\n<li>Aby rozwi\u0105za\u0107 problemy techniczne<\/li>\n<li>Aby zoptymalizowa\u0107 SEO i wydajno\u015b\u0107 marketingow\u0105<\/li>\n<\/ul>\n<h3>2.3 Marketing i promocje<\/h3>\n<p>Za Twoj\u0105 zgod\u0105 mo\u017cemy u\u017cy\u0107 Twojego adresu e-mail do wys\u0142ania:<\/p>\n<ul>\n<li>biuletyny<\/li>\n<li>Aktualizacje dotycz\u0105ce nowej zawarto\u015bci<\/li>\n<li>Promocje zwi\u0105zane z brokerami Forex lub narz\u0119dziami handlowymi<\/li>\n<\/ul>\n<p>Mo\u017cesz zrezygnowa\u0107 w dowolnym momencie, anuluj\u0105c subskrypcj\u0119.<\/p>\n<h3>2.4 Zgodno\u015b\u0107 i ochrona prawna<\/h3>\n<p>Mo\u017cemy wykorzysta\u0107 informacje do:<\/p>\n<ul>\n<li>przestrzega\u0107 obowi\u0105zk\u00f3w prawnych<\/li>\n<li>Egzekwuj nasze Warunki korzystania z<\/li>\n<li>Rozstrzygaj spory<\/li>\n<\/ul>\n<h2 style=\"color: #0070c0;\">3. Pliki cookie i technologie \u015bledzenia<\/h2>\n<h3>3.1 Korzystanie z plik\u00f3w cookie<\/h3>\n<p>Pliki cookie to ma\u0142e pliki tekstowe przechowywane na Twoim urz\u0105dzeniu, aby pom\u00f3c zidentyfikowa\u0107 powracaj\u0105cych u\u017cytkownik\u00f3w i poprawi\u0107 wra\u017cenia z przegl\u0105dania.<\/p>\n<p>U\u017cywamy:<\/p>\n<ul>\n<li><strong>Niezb\u0119dne pliki<\/strong> \u2013 Wymagane dla podstawowej funkcjonalno\u015bci strony internetowej<\/li>\n<li><strong>Pliki cookies<\/strong> \u2013 Analizuj wykorzystanie witryny i popraw wydajno\u015b\u0107<\/li>\n<li><strong>Funkcjonalne pliki cookie<\/strong> - Zapewnij ulepszone funkcje lub personalizacj\u0119<\/li>\n<li><strong>Pliki reklamowe<\/strong> \u2013 dla reklam ukierunkowanych (tylko za zgod\u0105)<\/li>\n<\/ul>\n<h3>3.2 Pliki cookie trzeciej strony<\/h3>\n<p>Mo\u017cemy korzysta\u0107 z us\u0142ug zewn\u0119trznych, takich jak:<\/p>\n<ul>\n<li>Google Analytics<\/li>\n<li>Affiliate \u015bledzenia narz\u0119dzi<\/li>\n<li>Wid\u017cety medi\u00f3w spo\u0142eczno\u015bciowych<\/li>\n<\/ul>\n<p>Us\u0142ugi te mog\u0105 ustawia\u0107 pliki cookie do monitorowania zachowa\u0144 u\u017cytkownik\u00f3w lub wy\u015bwietlania odpowiednich reklam.<\/p>\n<p>Preferencje cookies mo\u017cna zarz\u0105dza\u0107 za pomoc\u0105 ustawie\u0144 przegl\u0105darki. Wy\u0142\u0105czenie plik\u00f3w cookie mo\u017ce wp\u0142ywa\u0107 na spos\u00f3b dzia\u0142ania witryny.<\/p>\n<h2 style=\"color: #0070c0;\">4. Us\u0142ugi i linki trzeciej strony<\/h2>\n<p>Nasza strona internetowa mo\u017ce zawiera\u0107 linki do stron internetowych, us\u0142ug i broker\u00f3w:<\/p>\n<ul>\n<li>robimy <strong>nie<\/strong> Kontroluj tre\u015bci lub praktyki dotycz\u0105ce prywatno\u015bci zewn\u0119trznych stron internetowych.<\/li>\n<li>Niniejsza Polityka Prywatno\u015bci nie <strong>nie<\/strong> Zastosuj do tych stron.<\/li>\n<li>Po klikni\u0119ciu link\u00f3w zewn\u0119trznych zalecamy zapoznanie si\u0119 z polityk\u0105 prywatno\u015bci tych witryn.<\/li>\n<\/ul>\n<h2 style=\"color: #0070c0;\">5. Reklama i marketing afiliacyjny<\/h2>\n<p>WellForExBroker.com uczestniczy w programach marketingu afiliacyjnego. To znaczy:<\/p>\n<ul>\n<li>Mo\u017cemy zarabia\u0107 prowizje, gdy klikniesz linki afiliacyjne lub zarejestrujesz si\u0119 w us\u0142ugach za po\u015brednictwem naszych tre\u015bci.<\/li>\n<li>Nie ma to wp\u0142ywu na cen\u0119, jak\u0105 p\u0142acisz za produkty lub us\u0142ugi.<\/li>\n<li>Linki afiliacyjne mog\u0105 u\u017cywa\u0107 plik\u00f3w cookie \u015bledz\u0105cych.<\/li>\n<\/ul>\n<p>Naszym celem jest dostarczanie uczciwych, bezstronnych recenzji, niezale\u017cnie od partnerstwa partnerskiego.<\/p>\n<h2 style=\"color: #0070c0;\">6. Udost\u0119pnianie informacji<\/h2>\n<p>Mo\u017cemy udost\u0119pni\u0107 Twoje dane osobowe w nast\u0119puj\u0105cych przypadkach:<\/p>\n<h3>6.1 za Twoj\u0105 zgod\u0105<\/h3>\n<p>Mo\u017cesz zdecydowa\u0107 si\u0119 na udost\u0119pnianie danych stronom trzecim.<\/p>\n<h3>6.2 Dostawcy us\u0142ug<\/h3>\n<p>Mo\u017cemy udost\u0119pnia\u0107 dane:<\/p>\n<ul>\n<li>Dostawcy analityki<\/li>\n<li>Procesory p\u0142atno\u015bci<\/li>\n<li>Us\u0142ugi dostarczania poczty e-<\/li>\n<\/ul>\n<p>Dostawcy ci s\u0105 zwi\u0105zani umowami o poufno\u015bci.<\/p>\n<h3>6.3 Zobowi\u0105zania prawne<\/h3>\n<p>Mo\u017cemy ujawni\u0107 informacje:<\/p>\n<ul>\n<li>Przestrzegaj obowi\u0105zuj\u0105cych przepis\u00f3w prawa<\/li>\n<li>Odpowiadaj na zgodne z prawem pro\u015bby<\/li>\n<li>Chro\u0144 bezpiecze\u0144stwo i prawa u\u017cytkownik\u00f3w<\/li>\n<\/ul>\n<p>robimy <strong>nie<\/strong> Sprzedawaj lub wynajmuj swoje dane osobowe stronom trzecim w celu marketingu bez zgody.<\/p>\n<h2 style=\"color: #0070c0;\">7 7 Bezpiecze\u0144stwo danych<\/h2>\n<p>Wdra\u017camy rozs\u0105dne \u015brodki techniczne i organizacyjne w celu ochrony Twoich danych, w tym:<\/p>\n<ul>\n<li>Bezpieczne serwery<\/li>\n<li>Szyfrowanie tam, gdzie ma to zastosowanie<\/li>\n<li>Regularne monitorowanie bezpiecze\u0144stwa<\/li>\n<\/ul>\n<p>Jednak \u017cadna transmisja internetowa nie jest bezpieczna 100%. Nie mo\u017cemy zagwarantowa\u0107 absolutnej ochrony przed nieautoryzowanym dost\u0119pem.<\/p>\n<h2 style=\"color: #0070c0;\">8. Twoje prawa do prywatno\u015bci<\/h2>\n<p>W zale\u017cno\u015bci od lokalizacji mo\u017cesz mie\u0107 nast\u0119puj\u0105ce prawa:<\/p>\n<ul>\n<li><strong>poryw rado\u015bci<\/strong> \u2013 Popro\u015b o kopi\u0119 swoich danych osobowych<\/li>\n<li><strong>korektura<\/strong> \u2013 aktualizacja niedok\u0142adnych informacji<\/li>\n<li><strong>skasowanie<\/strong> \u2013 Popro\u015b o usuni\u0119cie swoich danych<\/li>\n<li><strong>Zrezygnuj<\/strong> \u2013 Przesta\u0144 marketingowe e-maile<\/li>\n<li><strong>Przenoszenie danych<\/strong> \u2013 Odbierz kopi\u0119 w ustrukturyzowanym formacie<\/li>\n<\/ul>\n<p>Aby skorzysta\u0107 z jakichkolwiek praw, skontaktuj si\u0119 z nami<\/p>\n<h2 style=\"color: #0070c0;\">9. Prywatno\u015b\u0107 dzieci<\/h2>\n<p>Nasza strona internetowa nie jest skierowana do dzieci poni\u017cej 13 roku \u017cycia.<\/p>\n<p>robimy <strong>nie \u015bwiadomie<\/strong> Zbieraj dane osobowe od dzieci. Je\u015bli odkryjemy takie dane, natychmiast je usuniemy.<\/p>\n<h2 style=\"color: #0070c0;\">10. Zmiany w tej polityce<\/h2>\n<p>Mo\u017cemy zaktualizowa\u0107 niniejsz\u0105 Polityk\u0119 prywatno\u015bci, aby odzwierciedli\u0107 zmiany w prawie lub w funkcjach strony internetowej.<\/p>\n<p><strong>Zaktualizowane zasady zostan\u0105 opublikowane ze zmienion\u0105 \u201cData wej\u015bcia w \u017cycie\u201d.\u201d<\/strong> Dalsze korzystanie z witryny wskazuje na akceptacj\u0119 zaktualizowanej polityki.<\/p>\n<h2 style=\"color: #0070c0;\">11. Skontaktuj si\u0119 z na<\/h2>\n<p>Je\u015bli masz pytania lub w\u0105tpliwo\u015bci dotycz\u0105ce niniejszej Polityki prywatno\u015bci, skontaktuj si\u0119 z:<\/p>\n<p><strong>WellForexBroker<\/strong><\/p>\n<p>E-mail: <a href=\"mailto:support@wellforexbroker.com\">support@wellforexbroker.com<\/a><\/p>\n<p>Strona internetowa: <a href=\"https:\/\/wellforexbroker.com\/pl\/\">https:\/\/wellforexbroker.com\/<\/a><\/p>\n<\/div>\t\t\t\t\t\t\t\t<\/div>\n\t\t\t\t\t<\/div>\n\t\t\t\t<\/div>\n\t\t\t\t<\/div>","protected":false},"excerpt":{"rendered":"<p>PRIVACY POLICY At WellForexBroker (\u201cwe,\u201d \u201cour,\u201d \u201cus\u201d), your privacy is a priority. This Privacy Policy explains what information we collect, how we use it, how we protect it, and your rights regarding your personal data when you visit our website https:\/\/wellforexbroker.com\/. By using this Website, you agree to the terms outlined in this Privacy Policy. [&hellip;]<\/p>\n","protected":false},"author":1,"featured_media":0,"parent":0,"menu_order":0,"comment_status":"closed","ping_status":"open","template":"","meta":{"footnotes":""},"class_list":["post-3","page","type-page","status-publish","hentry"],"_links":{"self":[{"href":"https:\/\/wellforexbroker.com\/pl\/wp-json\/wp\/v2\/pages\/3","targetHints":{"allow":["GET"]}}],"collection":[{"href":"https:\/\/wellforexbroker.com\/pl\/wp-json\/wp\/v2\/pages"}],"about":[{"href":"https:\/\/wellforexbroker.com\/pl\/wp-json\/wp\/v2\/types\/page"}],"author":[{"embeddable":true,"href":"https:\/\/wellforexbroker.com\/pl\/wp-json\/wp\/v2\/users\/1"}],"replies":[{"embeddable":true,"href":"https:\/\/wellforexbroker.com\/pl\/wp-json\/wp\/v2\/comments?post=3"}],"version-history":[{"count":0,"href":"https:\/\/wellforexbroker.com\/pl\/wp-json\/wp\/v2\/pages\/3\/revisions"}],"wp:attachment":[{"href":"https:\/\/wellforexbroker.com\/pl\/wp-json\/wp\/v2\/media?parent=3"}],"curies":[{"name":"wp","href":"https:\/\/api.w.org\/{rel}","templated":true}]}}