{"id":349,"date":"2026-02-20T10:31:27","date_gmt":"2026-02-20T10:31:27","guid":{"rendered":"https:\/\/wellforexbroker.com\/?page_id=349"},"modified":"2026-02-20T10:39:28","modified_gmt":"2026-02-20T10:39:28","slug":"regulamin-dla-wellforexbroker-com","status":"publish","type":"page","link":"https:\/\/wellforexbroker.com\/pl\/regulamin-dla-wellforexbroker-com\/","title":{"rendered":"Regulamin WellForExBroker.com"},"content":{"rendered":"<div data-elementor-type=\"wp-page\" data-elementor-id=\"349\" class=\"elementor elementor-349\" data-elementor-post-type=\"page\">\n\t\t\t\t<div class=\"elementor-element elementor-element-ffda582 e-flex e-con-boxed e-con e-parent\" data-id=\"ffda582\" data-element_type=\"container\" data-e-type=\"container\">\n\t\t\t\t\t<div class=\"e-con-inner\">\n\t\t\t\t<div class=\"elementor-element elementor-element-fe96ee5 elementor-widget elementor-widget-heading\" data-id=\"fe96ee5\" data-element_type=\"widget\" data-e-type=\"widget\" data-widget_type=\"heading.default\">\n\t\t\t\t\t<h1 class=\"elementor-heading-title elementor-size-default\">Regulamin WellForExBroker.com<\/h1>\t\t\t\t<\/div>\n\t\t\t\t<div class=\"elementor-element elementor-element-cb1b41d elementor-widget elementor-widget-text-editor\" data-id=\"cb1b41d\" data-element_type=\"widget\" data-e-type=\"widget\" data-widget_type=\"text-editor.default\">\n\t\t\t\t\t\t\t\t\t<p>Poni\u017cej opisano warunki, na kt\u00f3rych <a href=\"https:\/\/wellforexbroker.com\/pl\/\">WellForexBroker<\/a> Oferuje dost\u0119p do Witryny Tobie, klientowi i korzystaniu z jego us\u0142ug. Przed skorzystaniem z tej witryny zapoznaj si\u0119 z Polityk\u0105 prywatno\u015bci, ostrze\u017ceniem o ryzyku oraz wszystkimi poni\u017cszymi warunkami (zwanymi dalej \u201cWarunki\u201d). Kontynuuj\u0105c dost\u0119p do tej witryny lub korzystanie z niej na tej stronie, oznacza to akceptacj\u0119 niniejszych Warunk\u00f3w. Zastrzegamy sobie prawo do zmiany, usuni\u0119cia lub dodania do niniejszych Warunk\u00f3w w dowolnym momencie. Takie modyfikacje wchodz\u0105 w \u017cycie natychmiast. W zwi\u0105zku z tym prosimy o dalsze sprawdzanie niniejszych warunk\u00f3w za ka\u017cdym razem, gdy uzyskujesz dost\u0119p do tej Witryny lub korzystasz z niej. Korzystanie z Witryny lub jakiejkolwiek us\u0142ugi na tej stronie, po zamieszczeniu modyfikacji niniejszych Warunk\u00f3w, b\u0119dzie stanowi\u0107 Twoj\u0105 akceptacj\u0119 Regulaminu, zgodnie z modyfikacjami. Je\u015bli w dowolnym momencie nie chcesz zaakceptowa\u0107 Regulaminu, nie mo\u017cesz korzysta\u0107 z Witryny. Wszelkie proponowane przez Ciebie warunki, kt\u00f3re s\u0105 uzupe\u0142niaj\u0105ce lub kt\u00f3re s\u0105 sprzeczne z niniejszymi Warunkami, s\u0105 przez nas wyra\u017anie odrzucane i nie b\u0119d\u0105 mia\u0142y \u017cadnej mocy ani skutku.<\/p><h2>zrzeczenie si\u0119<\/h2><p>Ze wzgl\u0119du na liczb\u0119 \u017ar\u00f3de\u0142, z kt\u00f3rych uzyskuje si\u0119 tre\u015b\u0107 i porady oraz nieod\u0142\u0105czne zagro\u017cenia zwi\u0105zane z dystrybucj\u0105 elektroniczn\u0105, mog\u0105 wyst\u0105pi\u0107 op\u00f3\u017anienia, pomini\u0119cia lub nie\u015bcis\u0142o\u015bci w takich tre\u015bciach i poradach oraz na stronie internetowej. Tre\u015b\u0107 i porady oraz strona internetowa s\u0105 dostarczane \u201ctak jak jest\u201d, bez \u017cadnych gwarancji. WellForExBroker, jego pracownicy, urz\u0119dnicy, dyrektorzy, podmioty stowarzyszone, agenci i licencjodawcy nie mog\u0105 i nie gwarantuj\u0105 dok\u0142adno\u015bci, kompletno\u015bci, aktualno\u015bci, aktualno\u015bci, nienaruszania prawa, tytu\u0142u, przydatno\u015bci handlowej lub przydatno\u015bci do okre\u015blonego celu tre\u015bci i porad dost\u0119pnych za po\u015brednictwem Witryny lub samej Witryny, a WellForexBroker niniejszym zrzeka si\u0119 wszelkich takich wyra\u017anych lub dorozumianych gwarancji.<\/p><p>W \u017cadnym wypadku WellForExBroker, jego pracownicy, cz\u0142onkowie Dyrektor\u00f3w, Dyrektor\u00f3w, Aposto\u0142\u00f3w, Agent\u00f3w lub Licencjodawc\u00f3w nie ponosi odpowiedzialno\u015bci wobec Ciebie lub jakiejkolwiek strony trzeciej za jakiekolwiek straty finansowe, utracone zyski, szkody specjalne, przypadkowe lub wt\u00f3rne lub inne podobne szkody wynikaj\u0105ce bezpo\u015brednio lub po\u015brednio z korzystania z Witryny.<\/p><h2>Ograniczenia prawne<\/h2><p>Rozumiesz, \u017ce przepisy dotycz\u0105ce um\u00f3w finansowych r\u00f3\u017cni\u0105 si\u0119 na ca\u0142ym \u015bwiecie i Twoim obowi\u0105zkiem jest zapewnienie, \u017ce w pe\u0142ni przestrzegasz wszelkich przepis\u00f3w prawa, regulacji lub dyrektywy dotycz\u0105cej Twojego kraju zamieszkania w odniesieniu do korzystania z Witryny. Aby unikn\u0105\u0107 w\u0105tpliwo\u015bci, mo\u017cliwo\u015b\u0107 uzyskania dost\u0119pu do naszej strony internetowej niekoniecznie oznacza, \u017ce nasze us\u0142ugi i\/lub Twoje dzia\u0142ania za jego po\u015brednictwem s\u0105 legalne zgodnie z prawem, regulacjami lub dyrektywami dotycz\u0105cymi Twojego kraju zamieszkania.<\/p><h2>Licencja ograniczona<\/h2><p>WellForExBroker udziela Ci niewy\u0142\u0105cznej, nieprzenoszalnej i ograniczonej licencji osobistej na dost\u0119p i korzystanie z jej witryny internetowej (\u201cLicencja\u201d). Niniejsza licencja jest uzale\u017cniona od ci\u0105g\u0142ego przestrzegania warunk\u00f3w niniejszej Umowy. Zgadzasz si\u0119 nie dog\u0142\u0119bia\u0107 do Witryny, odsprzeda\u0107 lub zezwoli\u0107 na dost\u0119p do Witryny innym osobom ani nie kopiowa\u0107 \u017cadnych materia\u0142\u00f3w pojawiaj\u0105cych si\u0119 na Witrynie w celu odsprzeda\u017cy lub w jakimkolwiek innym celu innym bez uprzedniej pisemnej zgody WellForExBroker.<\/p><h2>Linki do witryn os\u00f3b trzecich<\/h2><p>Ta strona internetowa zawiera hiper\u0142\u0105cza do stron internetowych obs\u0142ugiwanych przez osoby inne ni\u017c WellForexBroker. Takie hiper\u0142\u0105cza s\u0105 dost\u0119pne tylko w celach informacyjnych i wygodzie. Zgadzasz si\u0119 nie poci\u0105ga\u0107 WellForExBroker do odpowiedzialno\u015bci za tre\u015b\u0107 lub dzia\u0142anie takich stron internetowych. Hiper\u0142\u0105cze z tej witryny do innej witryny nie oznacza ani nie oznacza, \u017ce WellForexBroker popiera tre\u015bci na tej stronie internetowej lub operatorze lub operacjach tej witryny.<\/p><h2>ciastka<\/h2><p>Nasza strona mo\u017ce u\u017cywa\u0107 \u201ccookies\u201d, plik\u00f3w dziennika i innych technologii \u015bledzenia, aby poprawi\u0107 wra\u017cenia u\u017cytkownika. Przegl\u0105darka internetowa u\u017cytkownika umieszcza pliki cookie na swoim dysku twardym w celu prowadzenia dokumentacji, a czasami w celu \u015bledzenia informacji o nich. Mo\u017cesz ustawi\u0107 przegl\u0105dark\u0119 internetow\u0105 tak, aby odrzuca\u0142a pliki cookie lub ostrzega\u0142a, kiedy pliki cookie s\u0105 wysy\u0142ane. Je\u015bli to zrobisz, niekt\u00f3re cz\u0119\u015bci witryny mog\u0105 nie dzia\u0142a\u0107 poprawnie.<\/p><h2>Informacje o rynku<\/h2><p>WellForExBroker mo\u017ce udost\u0119pnia\u0107 u\u017cytkownikowi za po\u015brednictwem jednej lub wi\u0119cej swoich us\u0142ug szeroki zakres informacji finansowych, kt\u00f3re s\u0105 generowane wewn\u0119trznie lub pozyskiwane od agent\u00f3w, dostawc\u00f3w lub partner\u00f3w (\u201cdostawc\u00f3w zewn\u0119trznych\u201d). Obejmuje to dane z rynku finansowego, notowania, wiadomo\u015bci, opinie analityk\u00f3w, raporty z bada\u0144, wykresy lub dane. Informacje rynkowe nie s\u0105 przeznaczone jako porady inwestycyjne. WellForExBroker nie gwarantuje dok\u0142adno\u015bci, terminowo\u015bci, kompletno\u015bci lub poprawno\u015bci informacji rynkowych i zrzeka si\u0119 wszelkim odpowiedzialno\u015bci za nie\u015bcis\u0142o\u015bci.<\/p><h2>Korzystanie i dost\u0119p do witryny<\/h2><p>U\u017cytkownik b\u0119dzie odpowiedzialny za zapewnienie i utrzymanie \u015brodk\u00f3w dost\u0119pu do Witryny, w tym komputera, modemu lub linii dost\u0119pu. U\u017cytkownik ponosi odpowiedzialno\u015b\u0107 za wszystkie op\u0142aty za dost\u0119p i us\u0142ugi niezb\u0119dne do po\u0142\u0105czenia si\u0119 ze stron\u0105 internetow\u0105 i zak\u0142ada\u0107 wszystkie op\u0142aty poniesione w zwi\u0105zku z dost\u0119pem do takich system\u00f3w. Ponadto nak\u0142adasz wszelkie ryzyko zwi\u0105zane z wykorzystaniem i przechowywaniem informacji na komputerze lub innym komputerze, za po\u015brednictwem kt\u00f3rego b\u0119dziesz mie\u0107 dost\u0119p do Witryny.<\/p><h2>Prawa firmy<\/h2><p>WellForExBroker zastrzega sobie prawo do zawieszenia dzia\u0142ania tej strony lub jakiejkolwiek jej cz\u0119\u015bci lub jej cz\u0119\u015bci w dowolnym momencie i \u017cadne roszczenia nie mog\u0105 by\u0107 obj\u0119te Sp\u00f3\u0142k\u0105 w zwi\u0105zku z tym.<\/p><h2>si\u0142a wy\u017csza<\/h2><p>Zgadzasz si\u0119, \u017ce WellForExBroker nie ponosi \u017cadnej odpowiedzialno\u015bci wobec Ciebie ani \u017cadnej innej osoby w przypadku si\u0142y wy\u017cszej, lub za dzia\u0142anie jakiegokolwiek w\u0142adzy rz\u0105dowej lub prawnej, ani za awari\u0119 jego system\u00f3w komputerowych, danych lub rejestr\u00f3w, lub za op\u00f3\u017anienia, straty, b\u0142\u0119dy lub pomini\u0119cia wynikaj\u0105ce z awarii w telekomunikacji lub sprz\u0119cie komputerowym.<\/p><h2>Problemy techniczne<\/h2><p>WellForExBroker nie ponosi odpowiedzialno\u015bci, a U\u017cytkownik zgadza si\u0119 nie poci\u0105ga\u0107 do odpowiedzialno\u015bci WellForExBroker ani \u017cadnego z jego agent\u00f3w lub us\u0142ugodawc\u00f3w, za wszelkie problemy techniczne, awarie systemu, urz\u0105dzenia lub oprogramowanie, problemy z dost\u0119pem do systemu, naruszenia bezpiecze\u0144stwa lub inne podobne problemy i wady komputera.<\/p><h2>Znaki towarowe i prawa autorskie<\/h2><p>Wszystkie tre\u015bci, znaki towarowe, znaki us\u0142ugowe, nazwy handlowe, logo i ikony s\u0105 w\u0142asno\u015bci\u0105 WellForExBroker lub jej podmiot\u00f3w stowarzyszonych i s\u0105 chronione prawami autorskimi. Zgadzasz si\u0119 nie usuwa\u0107 \u017cadnych informacji o prawach autorskich lub innych oznak chronionych praw w\u0142asno\u015bci intelektualnej z materia\u0142\u00f3w drukowanych lub pobieranych ze strony internetowej.<\/p><h2>Prawo reguluj\u0105ce, arbitra\u017c i jurysdykcja s\u0105dowa<\/h2><p>Niniejsza Umowa podlega prawu Brytyjskich Wysp Dziewiczych (\u201cBVI\u201d), bez wzgl\u0119du na zasady sprzeczne z zasadami prawa. Zgadzasz si\u0119 podda\u0107 osobiejej i wy\u0142\u0105cznej jurysdykcji s\u0105d\u00f3w znajduj\u0105cych si\u0119 w BVI w celu rozstrzygania wszelkich spor\u00f3w, kt\u00f3re mog\u0105 si\u0119 w zwi\u0105zku z tym pojawi\u0107.<\/p>\t\t\t\t\t\t\t\t<\/div>\n\t\t\t\t\t<\/div>\n\t\t\t\t<\/div>\n\t\t\t\t<\/div>","protected":false},"excerpt":{"rendered":"<p>Terms and Conditions for WellForexBroker.com The following describes the terms and conditions upon which WellForexBroker offers access to the site to you, the customer, and the use of its services. Please read the privacy policy, risk warning, and all of the following terms and conditions (hereinafter &#8220;terms and conditions&#8221;) before using this site. By continuing [&hellip;]<\/p>\n","protected":false},"author":1,"featured_media":0,"parent":0,"menu_order":0,"comment_status":"closed","ping_status":"closed","template":"","meta":{"footnotes":""},"class_list":["post-349","page","type-page","status-publish","hentry"],"_links":{"self":[{"href":"https:\/\/wellforexbroker.com\/pl\/wp-json\/wp\/v2\/pages\/349","targetHints":{"allow":["GET"]}}],"collection":[{"href":"https:\/\/wellforexbroker.com\/pl\/wp-json\/wp\/v2\/pages"}],"about":[{"href":"https:\/\/wellforexbroker.com\/pl\/wp-json\/wp\/v2\/types\/page"}],"author":[{"embeddable":true,"href":"https:\/\/wellforexbroker.com\/pl\/wp-json\/wp\/v2\/users\/1"}],"replies":[{"embeddable":true,"href":"https:\/\/wellforexbroker.com\/pl\/wp-json\/wp\/v2\/comments?post=349"}],"version-history":[{"count":0,"href":"https:\/\/wellforexbroker.com\/pl\/wp-json\/wp\/v2\/pages\/349\/revisions"}],"wp:attachment":[{"href":"https:\/\/wellforexbroker.com\/pl\/wp-json\/wp\/v2\/media?parent=349"}],"curies":[{"name":"wp","href":"https:\/\/api.w.org\/{rel}","templated":true}]}}