{"id":3,"date":"2025-10-08T22:04:39","date_gmt":"2025-10-08T22:04:39","guid":{"rendered":"https:\/\/wellforexbroker.com\/?page_id=3"},"modified":"2026-02-17T13:37:42","modified_gmt":"2026-02-17T13:37:42","slug":"politica-de-privacidade","status":"publish","type":"page","link":"https:\/\/wellforexbroker.com\/pt\/politica-de-privacidade\/","title":{"rendered":"Pol\u00edtica De Privacidade"},"content":{"rendered":"<div data-elementor-type=\"wp-page\" data-elementor-id=\"3\" class=\"elementor elementor-3\" data-elementor-post-type=\"page\">\n\t\t\t\t<div class=\"elementor-element elementor-element-4bfed541 e-flex e-con-boxed e-con e-parent\" data-id=\"4bfed541\" data-element_type=\"container\" data-e-type=\"container\">\n\t\t\t\t\t<div class=\"e-con-inner\">\n\t\t\t\t<div class=\"elementor-element elementor-element-9f12cf3 elementor-widget elementor-widget-heading\" data-id=\"9f12cf3\" data-element_type=\"widget\" data-e-type=\"widget\" data-widget_type=\"heading.default\">\n\t\t\t\t\t<h1 class=\"elementor-heading-title elementor-size-default\">Pol\u00edtica de privacidade<\/h1>\t\t\t\t<\/div>\n\t\t\t\t<div class=\"elementor-element elementor-element-397b5c20 elementor-widget elementor-widget-text-editor\" data-id=\"397b5c20\" data-element_type=\"widget\" data-e-type=\"widget\" data-widget_type=\"text-editor.default\">\n\t\t\t\t\t\t\t\t\t<div style=\"font-family: Arial, sans-serif; line-height: 1.6; color: #333;\">\n<p>a <strong>wellforexbroker<\/strong> (\u201cN\u00f3s\u201d, \u201cnosso\u201d, \u201cn\u00f3s\u201d), sua privacidade \u00e9 uma prioridade. Esta Pol\u00edtica de Privacidade explica quais informa\u00e7\u00f5es coletamos, como as usamos, como as protegemos e seus direitos em rela\u00e7\u00e3o aos seus dados pessoais quando voc\u00ea visita nosso site <a href=\"https:\/\/wellforexbroker.com\/pt\/\">https:\/\/wellforexbroker.com\/.<\/a><\/p>\n<p>Ao usar este site, voc\u00ea concorda com os termos descritos nesta Pol\u00edtica de Privacidade.<\/p>\n<h2 style=\"color: #0070c0;\">1. Informa\u00e7\u00f5es que coletamos<\/h2>\n<h3>1.1 Informa\u00e7\u00f5es pessoais<\/h3>\n<p>Coletamos informa\u00e7\u00f5es pessoais quando voc\u00ea as fornece voluntariamente, como:<\/p>\n<ul>\n<li>citar<\/li>\n<li>endere\u00e7o de e-mail<\/li>\n<li>Informa\u00e7\u00f5es de contato<\/li>\n<li>Qualquer informa\u00e7\u00e3o enviada por meio de formul\u00e1rios, se\u00e7\u00f5es de coment\u00e1rios ou assinaturas de boletim informativo<\/li>\n<\/ul>\n<p>Essas informa\u00e7\u00f5es s\u00e3o coletadas quando voc\u00ea:<\/p>\n<ul>\n<li>Assine nossa newsletter<\/li>\n<li>Envie um formul\u00e1rio de contato<\/li>\n<li>deixar coment\u00e1rios<\/li>\n<li>Participe de pesquisas ou promo\u00e7\u00f5es<\/li>\n<\/ul>\n<h3>1.2 Dados coletados automaticamente<\/h3>\n<p>Coletamos automaticamente informa\u00e7\u00f5es n\u00e3o pessoais usando cookies e tecnologias de rastreamento:<\/p>\n<ul>\n<li>endere\u00e7o IP<\/li>\n<li>Tipo e vers\u00e3o do navegador<\/li>\n<li>Tipo e modelo do dispositivo<\/li>\n<li>P\u00e1ginas visitadas<\/li>\n<li>Tempo gasto no site<\/li>\n<li>URLs de refer\u00eancia<\/li>\n<li>Localiza\u00e7\u00e3o geogr\u00e1fica (geral)<\/li>\n<\/ul>\n<p>Esses dados nos ajudam a entender como os visitantes usam o site e aprimoram a experi\u00eancia geral do usu\u00e1rio.<\/p>\n<h2 style=\"color: #0070c0;\">2 . Como usamos suas informa\u00e7\u00f5es<\/h2>\n<p>Usamos as informa\u00e7\u00f5es coletadas para os seguintes prop\u00f3sitos:<\/p>\n<h3>2.1 Provis\u00e3o de Servi\u00e7o<\/h3>\n<ul>\n<li>Para entregar o conte\u00fado solicitado (coment\u00e1rios, guias, boletins informativos)<\/li>\n<li>Para responder \u00e0s suas mensagens ou perguntas<\/li>\n<li>Para gerenciar contas de usu\u00e1rio ou assinaturas<\/li>\n<\/ul>\n<h3>2.2 Melhoria do site<\/h3>\n<ul>\n<li>Para analisar como os visitantes usam o site<\/li>\n<li>Para melhorar a qualidade do conte\u00fado<\/li>\n<li>Para solucionar problemas t\u00e9cnicos<\/li>\n<li>Para otimizar o desempenho de SEO e marketing<\/li>\n<\/ul>\n<h3>2.3 Marketing e Promo\u00e7\u00f5es<\/h3>\n<p>Com sua permiss\u00e3o, podemos usar seu endere\u00e7o de e-mail para enviar:<\/p>\n<ul>\n<li>boletins<\/li>\n<li>Atualiza\u00e7\u00f5es sobre novos conte\u00fados<\/li>\n<li>Promo\u00e7\u00f5es relacionadas a corretores de Forex ou ferramentas de negocia\u00e7\u00e3o<\/li>\n<\/ul>\n<p>Voc\u00ea pode optar por n\u00e3o participar a qualquer momento, cancelando a inscri\u00e7\u00e3o.<\/p>\n<h3>2.4 Conformidade e prote\u00e7\u00e3o legal<\/h3>\n<p>Podemos usar as informa\u00e7\u00f5es para:<\/p>\n<ul>\n<li>Cumprir as obriga\u00e7\u00f5es legais<\/li>\n<li>Aplicar nossos Termos de Servi\u00e7o<\/li>\n<li>Resolver disputas<\/li>\n<\/ul>\n<h2 style=\"color: #0070c0;\">3. Cookies e tecnologias de rastreamento<\/h2>\n<h3>3.1 Uso de cookies<\/h3>\n<p>Cookies s\u00e3o pequenos arquivos de texto armazenados em seu dispositivo para ajudar a identificar os usu\u00e1rios que retornam e melhorar a experi\u00eancia de navega\u00e7\u00e3o.<\/p>\n<p>Usamos:<\/p>\n<ul>\n<li><strong>Biscoitos essenciais<\/strong> \u2013 Necess\u00e1rio para a funcionalidade do site principal<\/li>\n<li><strong>Cookies de desempenho<\/strong> \u2013 Analisar o uso do site e melhorar o desempenho<\/li>\n<li><strong>Cookies funcionais<\/strong> \u2013 Fornece recursos aprimorados ou personaliza\u00e7\u00e3o<\/li>\n<li><strong>cookies de publicidade<\/strong> \u2013 para an\u00fancios direcionados (somente com consentimento)<\/li>\n<\/ul>\n<h3>3.2 Cookies de terceiros<\/h3>\n<p>Podemos usar servi\u00e7os de terceiros, como:<\/p>\n<ul>\n<li>Google Analytics<\/li>\n<li>Ferramentas de rastreamento de a<\/li>\n<li>widgets de m\u00eddia social<\/li>\n<\/ul>\n<p>Esses servi\u00e7os podem definir cookies para monitorar o comportamento do usu\u00e1rio ou exibir an\u00fancios relevantes.<\/p>\n<p>Voc\u00ea pode gerenciar as prefer\u00eancias de cookies por meio das configura\u00e7\u00f5es do navegador. A desativa\u00e7\u00e3o de cookies pode afetar a fun\u00e7\u00e3o do site.<\/p>\n<h2 style=\"color: #0070c0;\">4. Servi\u00e7os e links de terceiros<\/h2>\n<p>Nosso site pode incluir links para sites, servi\u00e7os e corretores de terceiros:<\/p>\n<ul>\n<li>n\u00f3s fazemos <strong>n\u00e3o<\/strong> Controle o conte\u00fado ou as pr\u00e1ticas de privacidade de sites externos.<\/li>\n<li>Esta Pol\u00edtica de Privacidade n\u00e3o <strong>n\u00e3o<\/strong> Aplicar a esses sites.<\/li>\n<li>Quando voc\u00ea clica em links externos, recomendamos revisar as pol\u00edticas de privacidade desses sites.<\/li>\n<\/ul>\n<h2 style=\"color: #0070c0;\">5. Publicidade e marketing de afiliados<\/h2>\n<p>WellForexbroker.com participa de programas de marketing de afiliados. Isso significa:<\/p>\n<ul>\n<li>Podemos ganhar comiss\u00f5es quando voc\u00ea clica em links de afiliados ou se inscreve nos servi\u00e7os por meio de nosso conte\u00fado.<\/li>\n<li>Isso n\u00e3o afeta o pre\u00e7o que voc\u00ea paga por produtos ou servi\u00e7os.<\/li>\n<li>Links de afiliados podem usar cookies de rastreamento.<\/li>\n<\/ul>\n<p>Nosso objetivo \u00e9 fornecer avalia\u00e7\u00f5es honestas e imparciais, independentemente das parcerias de afiliados.<\/p>\n<h2 style=\"color: #0070c0;\">6. Compartilhamento de informa\u00e7\u00f5es<\/h2>\n<p>Podemos compartilhar suas informa\u00e7\u00f5es pessoais nos seguintes casos:<\/p>\n<h3>6.1 com o seu consentimento<\/h3>\n<p>Voc\u00ea pode optar por compartilhar dados com terceiros.<\/p>\n<h3>6.2 Provedores de Servi\u00e7os<\/h3>\n<p>Podemos compartilhar dados com:<\/p>\n<ul>\n<li>Provedores de an\u00e1lise<\/li>\n<li>Processadores de pagamento<\/li>\n<li>Servi\u00e7os de entrega de e-mail<\/li>\n<\/ul>\n<p>Esses provedores est\u00e3o vinculados a acordos de confidencialidade.<\/p>\n<h3>6.3 Obriga\u00e7\u00f5es Legais<\/h3>\n<p>Podemos divulgar informa\u00e7\u00f5es para:<\/p>\n<ul>\n<li>Cumprir as leis aplic<\/li>\n<li>responder a solicita\u00e7\u00f5es legais<\/li>\n<li>Proteger a seguran\u00e7a e os direitos do usu\u00e1rio<\/li>\n<\/ul>\n<p>n\u00f3s fazemos <strong>n\u00e3o<\/strong> Venda ou alugue suas informa\u00e7\u00f5es pessoais a terceiros para marketing sem consentimento.<\/p>\n<h2 style=\"color: #0070c0;\">7 . Seguran\u00e7a de dados<\/h2>\n<p>Implementamos medidas t\u00e9cnicas e organizacionais razo\u00e1veis para proteger seus dados, incluindo:<\/p>\n<ul>\n<li>Servidores seguros<\/li>\n<li>Criptografia, quando aplic\u00e1vel<\/li>\n<li>Monitoramento regular de seguran\u00e7a<\/li>\n<\/ul>\n<p>No entanto, nenhuma transmiss\u00e3o da Internet \u00e9 100% segura. N\u00e3o podemos garantir a prote\u00e7\u00e3o absoluta contra o acesso n\u00e3o autorizado.<\/p>\n<h2 style=\"color: #0070c0;\">8. Seus direitos de privacidade<\/h2>\n<p>Dependendo da sua localiza\u00e7\u00e3o, voc\u00ea pode ter os seguintes direitos:<\/p>\n<ul>\n<li><strong>acessar<\/strong> \u2013 Solicite uma c\u00f3pia dos seus dados pessoais<\/li>\n<li><strong>corre\u00e7\u00e3o<\/strong> \u2013 Atualizar informa\u00e7\u00f5es imprecisas<\/li>\n<li><strong>anula\u00e7\u00e3o<\/strong> \u2013 Solicitar exclus\u00e3o de seus dados<\/li>\n<li><strong>desativar<\/strong> \u2013 Pare de e-mails de marketing<\/li>\n<li><strong>portabilidade de dados<\/strong> \u2013 Receba uma c\u00f3pia em um formato estruturado<\/li>\n<\/ul>\n<p>Para exercer quaisquer direitos, entre em contato conosco<\/p>\n<h2 style=\"color: #0070c0;\">9. Privacidade das crian\u00e7as<\/h2>\n<p>Nosso site n\u00e3o \u00e9 direcionado a crian\u00e7as menores de 13 anos.<\/p>\n<p>n\u00f3s fazemos <strong>n\u00e3o conscientemente<\/strong> Colete informa\u00e7\u00f5es pessoais de crian\u00e7as. Se descobrirmos esses dados, os excluiremos imediatamente.<\/p>\n<h2 style=\"color: #0070c0;\">10. Altera\u00e7\u00f5es nesta pol\u00edtica<\/h2>\n<p>Podemos atualizar esta Pol\u00edtica de Privacidade para refletir as mudan\u00e7as na lei ou nos recursos do site.<\/p>\n<p><strong>As pol\u00edticas atualizadas ser\u00e3o publicadas com uma \u201cdata efetiva\u201d revisada.\u201d<\/strong> O uso continuado do site indica a aceita\u00e7\u00e3o da pol\u00edtica atualizada.<\/p>\n<h2 style=\"color: #0070c0;\">11. entre em contato conosco<\/h2>\n<p>Se voc\u00ea tiver d\u00favidas ou preocupa\u00e7\u00f5es sobre esta Pol\u00edtica de Privacidade, entre em contato com:<\/p>\n<p><strong>wellforexbroker<\/strong><\/p>\n<p>E-mail: <a href=\"mailto:support@wellforexbroker.com\">support@wellforexbroker.com<\/a><\/p>\n<p>Site: <a href=\"https:\/\/wellforexbroker.com\/pt\/\">https:\/\/wellforexbroker.com\/<\/a><\/p>\n<\/div>\t\t\t\t\t\t\t\t<\/div>\n\t\t\t\t\t<\/div>\n\t\t\t\t<\/div>\n\t\t\t\t<\/div>","protected":false},"excerpt":{"rendered":"<p>PRIVACY POLICY At WellForexBroker (\u201cwe,\u201d \u201cour,\u201d \u201cus\u201d), your privacy is a priority. This Privacy Policy explains what information we collect, how we use it, how we protect it, and your rights regarding your personal data when you visit our website https:\/\/wellforexbroker.com\/. By using this Website, you agree to the terms outlined in this Privacy Policy. [&hellip;]<\/p>\n","protected":false},"author":1,"featured_media":0,"parent":0,"menu_order":0,"comment_status":"closed","ping_status":"open","template":"","meta":{"footnotes":""},"class_list":["post-3","page","type-page","status-publish","hentry"],"_links":{"self":[{"href":"https:\/\/wellforexbroker.com\/pt\/wp-json\/wp\/v2\/pages\/3","targetHints":{"allow":["GET"]}}],"collection":[{"href":"https:\/\/wellforexbroker.com\/pt\/wp-json\/wp\/v2\/pages"}],"about":[{"href":"https:\/\/wellforexbroker.com\/pt\/wp-json\/wp\/v2\/types\/page"}],"author":[{"embeddable":true,"href":"https:\/\/wellforexbroker.com\/pt\/wp-json\/wp\/v2\/users\/1"}],"replies":[{"embeddable":true,"href":"https:\/\/wellforexbroker.com\/pt\/wp-json\/wp\/v2\/comments?post=3"}],"version-history":[{"count":0,"href":"https:\/\/wellforexbroker.com\/pt\/wp-json\/wp\/v2\/pages\/3\/revisions"}],"wp:attachment":[{"href":"https:\/\/wellforexbroker.com\/pt\/wp-json\/wp\/v2\/media?parent=3"}],"curies":[{"name":"wp","href":"https:\/\/api.w.org\/{rel}","templated":true}]}}