{"id":349,"date":"2026-02-20T10:31:27","date_gmt":"2026-02-20T10:31:27","guid":{"rendered":"https:\/\/wellforexbroker.com\/?page_id=349"},"modified":"2026-02-20T10:39:28","modified_gmt":"2026-02-20T10:39:28","slug":"termos-e-condicoes-para-wellforexbroker-com","status":"publish","type":"page","link":"https:\/\/wellforexbroker.com\/pt\/termos-e-condicoes-para-wellforexbroker-com\/","title":{"rendered":"Termos e condi\u00e7\u00f5es para WellForexBroker.com"},"content":{"rendered":"<div data-elementor-type=\"wp-page\" data-elementor-id=\"349\" class=\"elementor elementor-349\" data-elementor-post-type=\"page\">\n\t\t\t\t<div class=\"elementor-element elementor-element-ffda582 e-flex e-con-boxed e-con e-parent\" data-id=\"ffda582\" data-element_type=\"container\" data-e-type=\"container\">\n\t\t\t\t\t<div class=\"e-con-inner\">\n\t\t\t\t<div class=\"elementor-element elementor-element-fe96ee5 elementor-widget elementor-widget-heading\" data-id=\"fe96ee5\" data-element_type=\"widget\" data-e-type=\"widget\" data-widget_type=\"heading.default\">\n\t\t\t\t\t<h1 class=\"elementor-heading-title elementor-size-default\">Termos e condi\u00e7\u00f5es para WellForexBroker.com<\/h1>\t\t\t\t<\/div>\n\t\t\t\t<div class=\"elementor-element elementor-element-cb1b41d elementor-widget elementor-widget-text-editor\" data-id=\"cb1b41d\" data-element_type=\"widget\" data-e-type=\"widget\" data-widget_type=\"text-editor.default\">\n\t\t\t\t\t\t\t\t\t<p>O seguinte descreve os termos e condi\u00e7\u00f5es em que <a href=\"https:\/\/wellforexbroker.com\/pt\/\">wellforexbroker<\/a> Oferece acesso ao Site para voc\u00ea, o cliente e o uso de seus servi\u00e7os. Leia a Pol\u00edtica de Privacidade, o Aviso de Risco e todos os termos e condi\u00e7\u00f5es a seguir (doravante \u201cTermos e Condi\u00e7\u00f5es\u201d) antes de usar este Site. Ao continuar acessando ou usando este Site ou qualquer servi\u00e7o neste Site, voc\u00ea indica sua aceita\u00e7\u00e3o destes Termos e Condi\u00e7\u00f5es. Reservamo-nos o direito de alterar, remover ou adicionar a estes termos e condi\u00e7\u00f5es a qualquer momento. Tais modifica\u00e7\u00f5es entrar\u00e3o em vigor imediatamente. Consequentemente, continue a revisar estes termos e condi\u00e7\u00f5es sempre que acessar ou usar este site. Seu uso do Site ou de qualquer Servi\u00e7o deste Site, ap\u00f3s a publica\u00e7\u00e3o de modifica\u00e7\u00f5es nestes Termos e Condi\u00e7\u00f5es, constituir\u00e1 sua aceita\u00e7\u00e3o dos Termos e Condi\u00e7\u00f5es, conforme modificado. Se, a qualquer momento, voc\u00ea n\u00e3o desejar aceitar os termos e condi\u00e7\u00f5es, voc\u00ea n\u00e3o poder\u00e1 usar o site. Quaisquer termos e condi\u00e7\u00f5es propostos por voc\u00ea que sejam adicionais ou que entrem em conflito com estes termos e condi\u00e7\u00f5es s\u00e3o expressamente rejeitados por n\u00f3s e n\u00e3o ter\u00e3o for\u00e7a ou efeito.<\/p><h2>isen\u00e7\u00e3o de responsabilidade<\/h2><p>Devido ao n\u00famero de fontes das quais o conte\u00fado e os conselhos s\u00e3o obtidos e os riscos inerentes \u00e0 distribui\u00e7\u00e3o eletr\u00f4nica, podem haver atrasos, omiss\u00f5es ou imprecis\u00f5es em tal conte\u00fado e conselhos e no site. O conte\u00fado e conselhos e o site s\u00e3o fornecidos \u201ccomo est\u00e3o\u201d, sem qualquer garantia. A WellForexBroker, seus funcion\u00e1rios, diretores, diretores, afiliados, agentes e licenciadores n\u00e3o podem e n\u00e3o garantem a exatid\u00e3o, integridade, atualidade, pontualidade, n\u00e3o viola\u00e7\u00e3o, t\u00edtulo, comercializa\u00e7\u00e3o ou adequa\u00e7\u00e3o a um prop\u00f3sito espec\u00edfico do conte\u00fado e conselhos dispon\u00edveis no site ou no pr\u00f3prio site e WellforexBroker isenta de tais garantias expressas ou impl\u00edcitas.<\/p><p>Em nenhum caso a WellForexBroker, seus funcion\u00e1rios, diretores, diretores, afiliados, agentes ou licenciadores ser\u00e3o respons\u00e1veis perante voc\u00ea ou terceiros por qualquer perda financeira, lucros perdidos, danos especiais, incidentais ou conseq\u00fcentes, ou qualquer outro dano semelhante resultante direta ou indiretamente do uso do site.<\/p><h2>restri\u00e7\u00f5es legais<\/h2><p>Voc\u00ea entende que as leis relativas aos contratos financeiros variam em todo o mundo, e \u00e9 sua obriga\u00e7\u00e3o apenas garantir que voc\u00ea cumpra totalmente qualquer lei, regulamento ou diretiva relevante para o seu pa\u00eds de resid\u00eancia em rela\u00e7\u00e3o ao uso do site. Para evitar d\u00favidas, a capacidade de acessar nosso site n\u00e3o significa necessariamente que nossos servi\u00e7os e\/ou suas atividades por meio dele sejam legais de acordo com as leis, regulamentos ou diretrizes relevantes para o seu pa\u00eds de resid\u00eancia.<\/p><h2>Licen\u00e7a limitada<\/h2><p>A WellForexBroker concede a voc\u00ea uma licen\u00e7a pessoal n\u00e3o exclusiva, intransfer\u00edvel e limitada para acessar e usar seu site (a \u201clicen\u00e7a\u201d). Esta licen\u00e7a est\u00e1 condicionada \u00e0 sua conformidade cont\u00ednua com os termos e condi\u00e7\u00f5es deste Contrato. Voc\u00ea concorda em n\u00e3o fazer um link direto para o site, revender ou permitir o acesso ao site a terceiros, ou copiar quaisquer materiais que apare\u00e7am no site para revenda ou para qualquer outra finalidade sem o consentimento pr\u00e9vio por escrito da WellForexBroker.<\/p><h2>Links para sites de terceiros<\/h2><p>Este site cont\u00e9m hiperlinks para sites operados por pessoas que n\u00e3o sejam WellForexBroker. Esses hiperlinks s\u00e3o fornecidos apenas para sua refer\u00eancia e conveni\u00eancia. Voc\u00ea concorda em n\u00e3o responsabilizar a WellForexBroker pelo conte\u00fado ou opera\u00e7\u00e3o de tais sites. Um hiperlink deste site para outro site n\u00e3o implica ou significa que a WellForexBroker endossa o conte\u00fado desse site ou a operadora ou as opera\u00e7\u00f5es desse site.<\/p><h2>biscoitos<\/h2><p>Nosso site pode usar \u201ccookies\u201d, arquivos de log e outras tecnologias de rastreamento para aprimorar a experi\u00eancia do usu\u00e1rio. O navegador da Web do usu\u00e1rio coloca cookies em seu disco r\u00edgido para fins de manuten\u00e7\u00e3o de registros e, \u00e0s vezes, para rastrear informa\u00e7\u00f5es sobre eles. Voc\u00ea pode optar por definir seu navegador para recusar cookies ou para alert\u00e1-lo quando os cookies estiverem sendo enviados. Se voc\u00ea fizer isso, algumas partes do site podem n\u00e3o funcionar corretamente.<\/p><h2>Informa\u00e7\u00f5es do mercado<\/h2><p>A WellForexBroker pode disponibilizar a voc\u00ea por meio de um ou mais de seus servi\u00e7os uma ampla gama de informa\u00e7\u00f5es financeiras geradas internamente ou obtidas de agentes, fornecedores ou parceiros (\u201cProvedores terceirizados\u201d). Isso inclui dados do mercado financeiro, cota\u00e7\u00f5es, not\u00edcias, opini\u00f5es de analistas, relat\u00f3rios de pesquisa, gr\u00e1ficos ou dados. As informa\u00e7\u00f5es do mercado n\u00e3o s\u00e3o indicadas como conselhos de investimento. A WellForexBroker n\u00e3o garante a precis\u00e3o, pontualidade, integridade ou corre\u00e7\u00e3o das informa\u00e7\u00f5es do mercado e se isenta de qualquer responsabilidade por imprecis\u00f5es.<\/p><h2>Usar e acessar o site<\/h2><p>Voc\u00ea ser\u00e1 respons\u00e1vel por fornecer e manter os meios para acessar o site, incluindo seu computador, modem ou linha de acesso. Voc\u00ea ser\u00e1 respons\u00e1vel por todas as taxas de acesso e servi\u00e7os necess\u00e1rias para se conectar ao Site e assumir todas as taxas incorridas no acesso a tais sistemas. Voc\u00ea ainda assume todos os riscos associados ao uso e armazenamento de informa\u00e7\u00f5es em seu computador ou em qualquer outro computador atrav\u00e9s do qual acessar\u00e1 o site.<\/p><h2>direitos da empresa<\/h2><p>A WellForexBroker se reserva o direito de suspender a opera\u00e7\u00e3o deste Site ou de qualquer parte ou se\u00e7\u00f5es dele a qualquer momento, e nenhuma reclama\u00e7\u00e3o pode ser mantida contra a Empresa em rela\u00e7\u00e3o a eles.<\/p><h2>for\u00e7ar<\/h2><p>Voc\u00ea concorda que a WellForexBroker n\u00e3o ser\u00e1 respons\u00e1vel por voc\u00ea ou por qualquer outra pessoa em caso de for\u00e7a maior, ou por qualquer governo ou autoridade legal, ou por falha de seus sistemas de computador, dados ou registros, ou por atrasos, perdas, erros ou omiss\u00f5es resultantes de falhas em telecomunica\u00e7\u00f5es ou equipamentos de computador.<\/p><h2>Problemas t\u00e9cnicos<\/h2><p>A WellForexBroker n\u00e3o ser\u00e1 respons\u00e1vel e voc\u00ea concorda em n\u00e3o responsabilizar a WellForexBroker ou qualquer um de seus agentes ou provedores de servi\u00e7os por quaisquer problemas t\u00e9cnicos, falhas do sistema, falhas de equipamento ou software, problemas de acesso ao sistema, viola\u00e7\u00f5es de seguran\u00e7a ou outros problemas e defeitos semelhantes de computador.<\/p><h2>Marcas e direitos autorais<\/h2><p>Todo o conte\u00fado, marcas registradas, marcas de servi\u00e7o, nomes comerciais, logotipos e \u00edcones s\u00e3o propriedade da WellForexBroker ou de suas afiliadas e s\u00e3o protegidos por leis de direitos autorais. Voc\u00ea concorda em n\u00e3o excluir nenhum aviso de direitos autorais ou outras indica\u00e7\u00f5es de direitos de propriedade intelectual protegidos de materiais que voc\u00ea imprime ou baixe no site.<\/p><h2>Direito, arbitragem e jurisdi\u00e7\u00e3o judicial<\/h2><p>Este Acordo ser\u00e1 regido pelas leis das Ilhas Virgens Brit\u00e2nicas (\u201cBVI\u201d), independentemente dos conflitos de princ\u00edpios legais. Voc\u00ea concorda em se submeter \u00e0 jurisdi\u00e7\u00e3o pessoal e exclusiva dos tribunais localizados nas BVI para resolver quaisquer disputas que possam surgir em rela\u00e7\u00e3o a eles.<\/p>\t\t\t\t\t\t\t\t<\/div>\n\t\t\t\t\t<\/div>\n\t\t\t\t<\/div>\n\t\t\t\t<\/div>","protected":false},"excerpt":{"rendered":"<p>Terms and Conditions for WellForexBroker.com The following describes the terms and conditions upon which WellForexBroker offers access to the site to you, the customer, and the use of its services. Please read the privacy policy, risk warning, and all of the following terms and conditions (hereinafter &#8220;terms and conditions&#8221;) before using this site. By continuing [&hellip;]<\/p>\n","protected":false},"author":1,"featured_media":0,"parent":0,"menu_order":0,"comment_status":"closed","ping_status":"closed","template":"","meta":{"footnotes":""},"class_list":["post-349","page","type-page","status-publish","hentry"],"_links":{"self":[{"href":"https:\/\/wellforexbroker.com\/pt\/wp-json\/wp\/v2\/pages\/349","targetHints":{"allow":["GET"]}}],"collection":[{"href":"https:\/\/wellforexbroker.com\/pt\/wp-json\/wp\/v2\/pages"}],"about":[{"href":"https:\/\/wellforexbroker.com\/pt\/wp-json\/wp\/v2\/types\/page"}],"author":[{"embeddable":true,"href":"https:\/\/wellforexbroker.com\/pt\/wp-json\/wp\/v2\/users\/1"}],"replies":[{"embeddable":true,"href":"https:\/\/wellforexbroker.com\/pt\/wp-json\/wp\/v2\/comments?post=349"}],"version-history":[{"count":0,"href":"https:\/\/wellforexbroker.com\/pt\/wp-json\/wp\/v2\/pages\/349\/revisions"}],"wp:attachment":[{"href":"https:\/\/wellforexbroker.com\/pt\/wp-json\/wp\/v2\/media?parent=349"}],"curies":[{"name":"wp","href":"https:\/\/api.w.org\/{rel}","templated":true}]}}