{"id":3,"date":"2025-10-08T22:04:39","date_gmt":"2025-10-08T22:04:39","guid":{"rendered":"https:\/\/wellforexbroker.com\/?page_id=3"},"modified":"2026-02-17T13:37:42","modified_gmt":"2026-02-17T13:37:42","slug":"gizlilik-politikasi","status":"publish","type":"page","link":"https:\/\/wellforexbroker.com\/tr\/gizlilik-politikasi\/","title":{"rendered":"gizlilik politikas\u0131"},"content":{"rendered":"<div data-elementor-type=\"wp-page\" data-elementor-id=\"3\" class=\"elementor elementor-3\" data-elementor-post-type=\"page\">\n\t\t\t\t<div class=\"elementor-element elementor-element-4bfed541 e-flex e-con-boxed e-con e-parent\" data-id=\"4bfed541\" data-element_type=\"container\" data-e-type=\"container\">\n\t\t\t\t\t<div class=\"e-con-inner\">\n\t\t\t\t<div class=\"elementor-element elementor-element-9f12cf3 elementor-widget elementor-widget-heading\" data-id=\"9f12cf3\" data-element_type=\"widget\" data-e-type=\"widget\" data-widget_type=\"heading.default\">\n\t\t\t\t\t<h1 class=\"elementor-heading-title elementor-size-default\">Gizlilik Politikas\u0131<\/h1>\t\t\t\t<\/div>\n\t\t\t\t<div class=\"elementor-element elementor-element-397b5c20 elementor-widget elementor-widget-text-editor\" data-id=\"397b5c20\" data-element_type=\"widget\" data-e-type=\"widget\" data-widget_type=\"text-editor.default\">\n\t\t\t\t\t\t\t\t\t<div style=\"font-family: Arial, sans-serif; line-height: 1.6; color: #333;\">\n<p>-da <strong>iyi forexbroker<\/strong> (\u201cBiz\u201d, \u201cbizim\u201d, \u201cbiz\u201d), gizlili\u011finiz bir \u00f6nceliktir. Bu Gizlilik Politikas\u0131, hangi bilgileri toplad\u0131\u011f\u0131m\u0131z\u0131, nas\u0131l kulland\u0131\u011f\u0131m\u0131z\u0131, bunlar\u0131 nas\u0131l korudu\u011fumuzu ve web sitemizi ziyaret etti\u011finizde ki\u015fisel verilerinizle ilgili haklar\u0131n\u0131z\u0131 a\u00e7\u0131klar. <a href=\"https:\/\/wellforexbroker.com\/tr\/\">https:\/\/wellforexbroker.com\/.<\/a><\/p>\n<p>Bu web sitesini kullanarak, bu Gizlilik Politikas\u0131nda belirtilen \u015fartlar\u0131 kabul etmi\u015f olursunuz.<\/p>\n<h2 style=\"color: #0070c0;\">1. Toplad\u0131\u011f\u0131m\u0131z bilgiler<\/h2>\n<h3>1.1 Ki\u015fisel Bilgiler<\/h3>\n<p>Ki\u015fisel bilgileri g\u00f6n\u00fcll\u00fc olarak sa\u011flad\u0131\u011f\u0131n\u0131zda toplar\u0131z, \u00f6rne\u011fin:<\/p>\n<ul>\n<li>isim vermek<\/li>\n<li>e-posta adresi<\/li>\n<li>irtibat bilgileri<\/li>\n<li>Formlar, yorum b\u00f6l\u00fcmleri veya b\u00fclten abonelikleri arac\u0131l\u0131\u011f\u0131yla g\u00f6nderilen t\u00fcm bilgiler<\/li>\n<\/ul>\n<p>Bu bilgiler \u015fu durumlarda toplan\u0131r:<\/p>\n<ul>\n<li>B\u00fcltenimize abone olun<\/li>\n<li>\u0130leti\u015fim Formu G\u00f6nderin<\/li>\n<li>Yorum b\u0131rak<\/li>\n<li>anketlere veya promosyonlara kat\u0131lmak<\/li>\n<\/ul>\n<h3>1.2 Otomatik olarak toplanan veriler<\/h3>\n<p>\u00c7erezleri ve izleme teknolojilerini kullanarak ki\u015fisel olmayan bilgileri otomatik olarak toplar\u0131z:<\/p>\n<ul>\n<li>IP Adresi<\/li>\n<li>Taray\u0131c\u0131 t\u00fcr\u00fc ve s\u00fcr\u00fcm\u00fc<\/li>\n<li>Cihaz tipi ve modeli<\/li>\n<li>ziyaret edilen sayfalar<\/li>\n<li>Web sitesinde harcanan zaman<\/li>\n<li>Y\u00f6nlendirme URL'leri<\/li>\n<li>Co\u011frafi konum (Genel)<\/li>\n<\/ul>\n<p>Bu veriler, ziyaret\u00e7ilerin web sitesini nas\u0131l kulland\u0131\u011f\u0131n\u0131 anlamam\u0131za ve genel kullan\u0131c\u0131 deneyimini iyile\u015ftirmemize yard\u0131mc\u0131 olur.<\/p>\n<h2 style=\"color: #0070c0;\">2 . Bilgilerinizi nas\u0131l kullan\u0131r\u0131z<\/h2>\n<p>Toplanan bilgileri a\u015fa\u011f\u0131daki ama\u00e7lar i\u00e7in kullan\u0131r\u0131z:<\/p>\n<h3>2.1 Hizmet Sa\u011flama<\/h3>\n<ul>\n<li>\u0130stedi\u011finiz i\u00e7eri\u011fi sunmak i\u00e7in (incelemeler, k\u0131lavuzlar, haber b\u00fcltenleri)<\/li>\n<li>Mesajlar\u0131n\u0131za veya sorular\u0131n\u0131za yan\u0131t vermek i\u00e7in<\/li>\n<li>Kullan\u0131c\u0131 hesaplar\u0131n\u0131 veya abonelikleri y\u00f6netmek i\u00e7in<\/li>\n<\/ul>\n<h3>2.2 Web sitesi geli\u015ftirme<\/h3>\n<ul>\n<li>Ziyaret\u00e7ilerin web sitesini nas\u0131l kulland\u0131\u011f\u0131n\u0131 analiz etmek<\/li>\n<li>\u0130\u00e7erik kalitesini art\u0131rmak i\u00e7in<\/li>\n<li>Teknik sorunlar\u0131 gidermek i\u00e7in<\/li>\n<li>SEO ve pazarlama performans\u0131n\u0131 optimize etmek<\/li>\n<\/ul>\n<h3>2.3 Pazarlama ve promosyonlar<\/h3>\n<p>\u0130zninizle, e-posta adresinizi \u015fu \u015fekilde g\u00f6ndermek i\u00e7in kullanabiliriz:<\/p>\n<ul>\n<li>haber b\u00fcltenleri<\/li>\n<li>Yeni i\u00e7erikle ilgili g\u00fcncellemeler<\/li>\n<li>Forex Brokerlar\u0131 veya Ticaret Ara\u00e7lar\u0131 ile \u0130lgili Promosyonlar<\/li>\n<\/ul>\n<p>Abonelikten \u00e7\u0131kartarak diledi\u011finiz zaman vazge\u00e7ebilirsiniz.<\/p>\n<h3>2.4 Uyumluluk ve yasal koruma<\/h3>\n<p>Bilgileri \u015fu \u015fekilde kullanabiliriz:<\/p>\n<ul>\n<li>yasal y\u00fck\u00fcml\u00fcl\u00fcklere uymak<\/li>\n<li>hizmet \u015fartlar\u0131m\u0131z\u0131 uygulamak<\/li>\n<li>anla\u015fmazl\u0131klar\u0131 \u00e7\u00f6zmek<\/li>\n<\/ul>\n<h2 style=\"color: #0070c0;\">3. \u00c7erezler ve \u0130zleme Teknolojileri<\/h2>\n<h3>3.1 \u00c7erezlerin kullan\u0131m\u0131<\/h3>\n<p>\u00c7erezler, geri d\u00f6nen kullan\u0131c\u0131lar\u0131 tan\u0131mlamaya ve tarama deneyimini geli\u015ftirmeye yard\u0131mc\u0131 olmak i\u00e7in cihaz\u0131n\u0131zda depolanan k\u00fc\u00e7\u00fck metin dosyalar\u0131d\u0131r.<\/p>\n<p>KULLANIYORUZ<\/p>\n<ul>\n<li><strong>Temel kurabiyeler<\/strong> \u2013 \u00c7ekirdek web sitesi i\u015flevselli\u011fi i\u00e7in gerekli<\/li>\n<li><strong>Performans \u00e7erezleri<\/strong> \u2013 Site kullan\u0131m\u0131n\u0131 analiz edin ve performans\u0131 art\u0131r\u0131n<\/li>\n<li><strong>\u0130\u015flevsel \u00c7erezler<\/strong> - Geli\u015fmi\u015f \u00f6zellikler veya ki\u015fiselle\u015ftirme sa\u011flay\u0131n<\/li>\n<li><strong>Reklam \u00e7erezleri<\/strong> - Hedeflenen reklamlar i\u00e7in (yaln\u0131zca izin al\u0131narak)<\/li>\n<\/ul>\n<h3>3.2 \u00dc\u00e7\u00fcnc\u00fc taraf \u00e7erezleri<\/h3>\n<p>A\u015fa\u011f\u0131dakiler gibi \u00fc\u00e7\u00fcnc\u00fc taraf hizmetlerini kullanabiliriz:<\/p>\n<ul>\n<li>Google Analytics<\/li>\n<li>Ortakl\u0131k \u0130zleme Ara\u00e7lar\u0131<\/li>\n<li>Sosyal medya widget'lar\u0131<\/li>\n<\/ul>\n<p>Bu hizmetler, kullan\u0131c\u0131 davran\u0131\u015f\u0131n\u0131 izlemek veya ilgili reklamlar\u0131 g\u00f6r\u00fcnt\u00fclemek i\u00e7in \u00e7erezler ayarlayabilir.<\/p>\n<p>\u00c7erez tercihlerini taray\u0131c\u0131 ayarlar\u0131n\u0131zdan y\u00f6netebilirsiniz. \u00c7erezleri devre d\u0131\u015f\u0131 b\u0131rakmak, web sitesinin \u00e7al\u0131\u015fma \u015feklini etkileyebilir.<\/p>\n<h2 style=\"color: #0070c0;\">4. \u00dc\u00e7\u00fcnc\u00fc taraf hizmetleri ve ba\u011flant\u0131lar\u0131<\/h2>\n<p>Web sitemiz \u00fc\u00e7\u00fcnc\u00fc taraf web sitelerine, hizmetlere ve brokerlere ba\u011flant\u0131lar i\u00e7erebilir:<\/p>\n<ul>\n<li>biz yapar\u0131z <strong>de\u011fil<\/strong> Harici web sitelerinin i\u00e7eri\u011fini veya gizlilik uygulamalar\u0131n\u0131 kontrol edin.<\/li>\n<li>Bu gizlilik politikas\u0131 <strong>de\u011fil<\/strong> bu sitelere ba\u015fvurun.<\/li>\n<li>Harici ba\u011flant\u0131lar\u0131 t\u0131klad\u0131\u011f\u0131n\u0131zda, bu sitelerin gizlilik politikalar\u0131n\u0131 g\u00f6zden ge\u00e7irmenizi \u00f6neririz.<\/li>\n<\/ul>\n<h2 style=\"color: #0070c0;\">5. Reklam ve ba\u011fl\u0131 kurulu\u015f pazarlamas\u0131<\/h2>\n<p>WellForexBroker.com, ba\u011fl\u0131 kurulu\u015f pazarlama programlar\u0131na kat\u0131l\u0131r. Bu \u015fu anlama gelir:<\/p>\n<ul>\n<li>Ba\u011fl\u0131 kurulu\u015f ba\u011flant\u0131lar\u0131na t\u0131klad\u0131\u011f\u0131n\u0131zda veya i\u00e7eri\u011fimiz arac\u0131l\u0131\u011f\u0131yla hizmetlere kaydoldu\u011funuzda komisyon kazanabiliriz.<\/li>\n<li>Bu, \u00fcr\u00fcn veya hizmetler i\u00e7in \u00f6dedi\u011finiz fiyat\u0131 etkilemez.<\/li>\n<li>Ba\u011fl\u0131 kurulu\u015f ba\u011flant\u0131lar\u0131, izleme \u00e7erezlerini kullanabilir.<\/li>\n<\/ul>\n<p>Ortakl\u0131k ortakl\u0131klar\u0131ndan ba\u011f\u0131ms\u0131z olarak d\u00fcr\u00fcst, tarafs\u0131z incelemeler sunmay\u0131 ama\u00e7l\u0131yoruz.<\/p>\n<h2 style=\"color: #0070c0;\">6. bilgi payla\u015f\u0131m\u0131<\/h2>\n<p>Ki\u015fisel bilgilerinizi a\u015fa\u011f\u0131daki durumlarda payla\u015fabiliriz:<\/p>\n<h3>6.1 R\u0131zan\u0131zla<\/h3>\n<p>Verileri \u00fc\u00e7\u00fcnc\u00fc taraflarla payla\u015fmay\u0131 se\u00e7ebilirsiniz.<\/p>\n<h3>6.2 Servis Sa\u011flay\u0131c\u0131lar\u0131<\/h3>\n<p>Verileri \u015fu \u015fekilde payla\u015fabiliriz:<\/p>\n<ul>\n<li>Analitik sa\u011flay\u0131c\u0131lar<\/li>\n<li>\u00d6deme \u0130\u015flemcileri<\/li>\n<li>E-posta Teslimat Hizmetleri<\/li>\n<\/ul>\n<p>Bu sa\u011flay\u0131c\u0131lar gizlilik anla\u015fmalar\u0131na ba\u011fl\u0131d\u0131r.<\/p>\n<h3>6.3 Yasal y\u00fck\u00fcml\u00fcl\u00fckler<\/h3>\n<p>Bilgileri \u015fu \u015fekilde if\u015fa edebiliriz:<\/p>\n<ul>\n<li>ge\u00e7erli yasalara uymak<\/li>\n<li>Yasal isteklere yan\u0131t verin<\/li>\n<li>Kullan\u0131c\u0131 g\u00fcvenli\u011fini ve haklar\u0131n\u0131 korumak<\/li>\n<\/ul>\n<p>biz yapar\u0131z <strong>de\u011fil<\/strong> Ki\u015fisel bilgilerinizi izinsiz pazarlama i\u00e7in \u00fc\u00e7\u00fcnc\u00fc taraflara satmak veya kiralamak.<\/p>\n<h2 style=\"color: #0070c0;\">7 . Veri g\u00fcvenli\u011fi<\/h2>\n<p>A\u015fa\u011f\u0131dakiler dahil, verilerinizi korumak i\u00e7in makul teknik ve organizasyonel \u00f6nlemler uyguluyoruz:<\/p>\n<ul>\n<li>G\u00fcvenli sunucular<\/li>\n<li>Uygulanabilir oldu\u011funda \u015fifreleme<\/li>\n<li>D\u00fczenli g\u00fcvenlik izleme<\/li>\n<\/ul>\n<p>Ancak, hi\u00e7bir internet aktar\u0131m\u0131 100% g\u00fcvenli de\u011fildir. \u0130zinsiz eri\u015fime kar\u015f\u0131 mutlak koruma garanti edemeyiz.<\/p>\n<h2 style=\"color: #0070c0;\">8. Gizlilik Haklar\u0131n\u0131z<\/h2>\n<p>Bulundu\u011funuz yere ba\u011fl\u0131 olarak a\u015fa\u011f\u0131daki haklara sahip olabilirsiniz:<\/p>\n<ul>\n<li><strong>giri\u015f<\/strong> \u2013 Ki\u015fisel verilerinizin bir kopyas\u0131n\u0131 isteyin<\/li>\n<li><strong>tahki<\/strong> - Yanl\u0131\u015f bilgileri g\u00fcncelleyin<\/li>\n<li><strong>silme<\/strong> \u2013 Verilerinizin silinmesini isteyin<\/li>\n<li><strong>devre d\u0131\u015f\u0131 b\u0131rakmak<\/strong> - E-postalar\u0131 pazarlamay\u0131 durdurun<\/li>\n<li><strong>veri ta\u015f\u0131nabilirli\u011fi<\/strong> \u2013 Yap\u0131land\u0131r\u0131lm\u0131\u015f bir bi\u00e7imde bir kopya al\u0131n<\/li>\n<\/ul>\n<p>Herhangi bir hakk\u0131 kullanmak i\u00e7in bizimle ileti\u015fime ge\u00e7in<\/p>\n<h2 style=\"color: #0070c0;\">9. \u00c7ocuklar\u0131n gizlili\u011fi<\/h2>\n<p>Web sitemiz 13 ya\u015f\u0131n alt\u0131ndaki \u00e7ocuklara y\u00f6nelik de\u011fildir.<\/p>\n<p>biz yapar\u0131z <strong>bilerek de\u011fil<\/strong> \u00c7ocuklardan ki\u015fisel bilgi toplay\u0131n. Bu t\u00fcr verileri bulursak, hemen sileriz.<\/p>\n<h2 style=\"color: #0070c0;\">10. Bu politikada de\u011fi\u015fiklikler<\/h2>\n<p>Bu Gizlilik Politikas\u0131n\u0131, yasa veya web sitesi \u00f6zelliklerindeki de\u011fi\u015fiklikleri yans\u0131tacak \u015fekilde g\u00fcncelleyebiliriz.<\/p>\n<p><strong>G\u00fcncellenen politikalar, revize edilmi\u015f bir \u201cY\u00fcr\u00fcrl\u00fck Tarihi\u201d ile yay\u0131nlanacakt\u0131r.\u201d<\/strong> Web Sitesini kullanmaya devam etmeniz, g\u00fcncellenen politikan\u0131n kabul edildi\u011fini g\u00f6sterir.<\/p>\n<h2 style=\"color: #0070c0;\">11. B\u0130ZE ULA\u015e<\/h2>\n<p>Bu Gizlilik Politikas\u0131 hakk\u0131nda sorular\u0131n\u0131z veya endi\u015feleriniz varsa, l\u00fctfen \u015fu ileti\u015fim bilgilerinizle ileti\u015fime ge\u00e7in:<\/p>\n<p><strong>iyi forexbroker<\/strong><\/p>\n<p>E-posta: <a href=\"mailto:support@wellforexbroker.com\">support@wellforexbroker.com<\/a><\/p>\n<p>Web Sitesi: <a href=\"https:\/\/wellforexbroker.com\/tr\/\">https:\/\/wellforexbroker.com\/<\/a><\/p>\n<\/div>\t\t\t\t\t\t\t\t<\/div>\n\t\t\t\t\t<\/div>\n\t\t\t\t<\/div>\n\t\t\t\t<\/div>","protected":false},"excerpt":{"rendered":"<p>PRIVACY POLICY At WellForexBroker (\u201cwe,\u201d \u201cour,\u201d \u201cus\u201d), your privacy is a priority. This Privacy Policy explains what information we collect, how we use it, how we protect it, and your rights regarding your personal data when you visit our website https:\/\/wellforexbroker.com\/. By using this Website, you agree to the terms outlined in this Privacy Policy. [&hellip;]<\/p>\n","protected":false},"author":1,"featured_media":0,"parent":0,"menu_order":0,"comment_status":"closed","ping_status":"open","template":"","meta":{"footnotes":""},"class_list":["post-3","page","type-page","status-publish","hentry"],"_links":{"self":[{"href":"https:\/\/wellforexbroker.com\/tr\/wp-json\/wp\/v2\/pages\/3","targetHints":{"allow":["GET"]}}],"collection":[{"href":"https:\/\/wellforexbroker.com\/tr\/wp-json\/wp\/v2\/pages"}],"about":[{"href":"https:\/\/wellforexbroker.com\/tr\/wp-json\/wp\/v2\/types\/page"}],"author":[{"embeddable":true,"href":"https:\/\/wellforexbroker.com\/tr\/wp-json\/wp\/v2\/users\/1"}],"replies":[{"embeddable":true,"href":"https:\/\/wellforexbroker.com\/tr\/wp-json\/wp\/v2\/comments?post=3"}],"version-history":[{"count":0,"href":"https:\/\/wellforexbroker.com\/tr\/wp-json\/wp\/v2\/pages\/3\/revisions"}],"wp:attachment":[{"href":"https:\/\/wellforexbroker.com\/tr\/wp-json\/wp\/v2\/media?parent=3"}],"curies":[{"name":"wp","href":"https:\/\/api.w.org\/{rel}","templated":true}]}}