{"id":349,"date":"2026-02-20T10:31:27","date_gmt":"2026-02-20T10:31:27","guid":{"rendered":"https:\/\/wellforexbroker.com\/?page_id=349"},"modified":"2026-02-20T10:39:28","modified_gmt":"2026-02-20T10:39:28","slug":"wellforexbroker-com-icin-sartlar-ve-kosullar","status":"publish","type":"page","link":"https:\/\/wellforexbroker.com\/tr\/wellforexbroker-com-icin-sartlar-ve-kosullar\/","title":{"rendered":"WellforexBroker.com i\u00e7in \u015eartlar ve Ko\u015fullar"},"content":{"rendered":"<div data-elementor-type=\"wp-page\" data-elementor-id=\"349\" class=\"elementor elementor-349\" data-elementor-post-type=\"page\">\n\t\t\t\t<div class=\"elementor-element elementor-element-ffda582 e-flex e-con-boxed e-con e-parent\" data-id=\"ffda582\" data-element_type=\"container\" data-e-type=\"container\">\n\t\t\t\t\t<div class=\"e-con-inner\">\n\t\t\t\t<div class=\"elementor-element elementor-element-fe96ee5 elementor-widget elementor-widget-heading\" data-id=\"fe96ee5\" data-element_type=\"widget\" data-e-type=\"widget\" data-widget_type=\"heading.default\">\n\t\t\t\t\t<h1 class=\"elementor-heading-title elementor-size-default\">WellforexBroker.com i\u00e7in \u015eartlar ve Ko\u015fullar<\/h1>\t\t\t\t<\/div>\n\t\t\t\t<div class=\"elementor-element elementor-element-cb1b41d elementor-widget elementor-widget-text-editor\" data-id=\"cb1b41d\" data-element_type=\"widget\" data-e-type=\"widget\" data-widget_type=\"text-editor.default\">\n\t\t\t\t\t\t\t\t\t<p>A\u015fa\u011f\u0131da, a\u015fa\u011f\u0131daki \u015fartlar ve ko\u015fullar a\u00e7\u0131klanmaktad\u0131r. <a href=\"https:\/\/wellforexbroker.com\/tr\/\">iyi forexbroker<\/a> Siteye, m\u00fc\u015fteriye ve hizmetlerinin kullan\u0131m\u0131na eri\u015fim sa\u011flar. L\u00fctfen bu Siteyi kullanmadan \u00f6nce Gizlilik Politikas\u0131n\u0131, Risk Uyar\u0131s\u0131n\u0131 ve a\u015fa\u011f\u0131daki t\u00fcm h\u00fck\u00fcm ve ko\u015fullar\u0131 (bundan b\u00f6yle \u201c\u015eartlar ve Ko\u015fullar\u201d olarak an\u0131lacakt\u0131r) okuyun. Bu siteye veya bu sitedeki herhangi bir hizmete eri\u015fmeye veya bu siteye eri\u015fmeye devam ederek, bu h\u00fck\u00fcm ve ko\u015fullar\u0131 kabul etti\u011finizi belirtirsiniz. Bu H\u00fck\u00fcm ve Ko\u015fullar\u0131 herhangi bir zamanda de\u011fi\u015ftirme, kald\u0131rma veya ekleme hakk\u0131m\u0131z\u0131 sakl\u0131 tutar\u0131z. Bu t\u00fcr de\u011fi\u015fiklikler derhal y\u00fcr\u00fcrl\u00fc\u011fe girecektir. Buna g\u00f6re, l\u00fctfen bu Siteye eri\u015firken veya bu Siteyi kullan\u0131rken bu H\u00fck\u00fcm ve Ko\u015fullar\u0131 g\u00f6zden ge\u00e7irmeye devam edin. Bu H\u00fck\u00fcm ve Ko\u015fullarda yap\u0131lan de\u011fi\u015fikliklerin yay\u0131nlanmas\u0131ndan sonra, Siteyi veya bu Sitedeki herhangi bir hizmeti kullan\u0131m\u0131n\u0131z, de\u011fi\u015ftirildi\u011fi \u015fekliyle H\u00fck\u00fcm ve Ko\u015fullar\u0131 kabul etti\u011finiz anlam\u0131na gelecektir. Herhangi bir zamanda, \u015eartlar ve Ko\u015fullar\u0131 kabul etmek istemiyorsan\u0131z, Siteyi kullanamazs\u0131n\u0131z. Sizin taraf\u0131n\u0131zdan \u00f6nerilen ve bu H\u00fck\u00fcm ve Ko\u015fullarla \u00e7eli\u015fen veya bu \u015fart ve ko\u015fullarla \u00e7eli\u015fen herhangi bir h\u00fck\u00fcm ve ko\u015ful, taraf\u0131m\u0131zca a\u00e7\u0131k\u00e7a reddedilir ve hi\u00e7bir y\u00fcr\u00fcrl\u00fck veya etki yaratmaz.<\/p><h2>feragatname<\/h2><p>\u0130\u00e7eri\u011fin ve tavsiyenin elde edildi\u011fi kaynaklar\u0131n say\u0131s\u0131 ve elektronik da\u011f\u0131t\u0131m\u0131n do\u011fal tehlikeleri nedeniyle, bu t\u00fcr i\u00e7erik ve tavsiyelerde ve web sitesinde gecikmeler, eksiklikler veya yanl\u0131\u015fl\u0131klar olabilir. \u0130\u00e7erik ve tavsiye ve web sitesi herhangi bir garanti olmaks\u0131z\u0131n \u201coldu\u011fu gibi\u201d sa\u011flan\u0131r. WellForexBroker, \u00e7al\u0131\u015fanlar\u0131, g\u00f6revlileri, y\u00f6neticileri, ba\u011fl\u0131 kurulu\u015flar\u0131, acenteleri ve lisans verenler, web sitesi veya web sitesi arac\u0131l\u0131\u011f\u0131yla sunulan i\u00e7eri\u011fin belirli bir amac\u0131na ve tavsiyelerine uygunluk, taml\u0131k, g\u00fcncellik, g\u00fcncellik, haks\u0131zl\u0131\u011fa u\u011framama, tapu, sat\u0131labilirlik veya uygunlu\u011fu garanti edemez ve bu t\u00fcr a\u00e7\u0131k veya z\u0131mni garantileri reddeder.<\/p><p>Wellforexbroker, \u00e7al\u0131\u015fanlar\u0131, memurlar\u0131, direkt\u00f6rleri, i\u015ftirakleri, acenteleri veya lisans verenleri, herhangi bir mali kay\u0131p, kar kayb\u0131, \u00f6zel, ar\u0131zi veya sonu\u00e7 olarak ortaya \u00e7\u0131kan zarar veya web sitesinin kullan\u0131m\u0131ndan do\u011frudan veya dolayl\u0131 olarak ortaya \u00e7\u0131kan di\u011fer benzer hasarlardan dolay\u0131 size veya herhangi bir \u00fc\u00e7\u00fcnc\u00fc \u015fahsa kar\u015f\u0131 sorumlu olmayacakt\u0131r.<\/p><h2>Yasal k\u0131s\u0131tlamalar<\/h2><p>Mali s\u00f6zle\u015fmelerle ilgili yasalar\u0131n d\u00fcnya \u00e7ap\u0131nda de\u011fi\u015fti\u011fini anl\u0131yorsunuz ve web sitesinin kullan\u0131m\u0131yla ilgili olarak ikamet etti\u011finiz \u00fclkeyle ilgili herhangi bir yasa, d\u00fczenleme veya direktife tam olarak uyman\u0131z\u0131 sa\u011flamak tek ba\u015f\u0131na sizin y\u00fck\u00fcml\u00fcl\u00fc\u011f\u00fcn\u00fczd\u00fcr. \u015e\u00fcpheye mahal vermemek i\u00e7in, web sitemize eri\u015fim yetene\u011fi, ikamet etti\u011finiz \u00fclkeyle ilgili yasalar, d\u00fczenlemeler veya y\u00f6nergeler uyar\u0131nca hizmetlerimizin ve\/veya faaliyetlerinizin yasal oldu\u011fu anlam\u0131na gelmez.<\/p><h2>s\u0131n\u0131rl\u0131 lisans<\/h2><p>WellForexBroker, web sitesine (\u201cLisans\u201d) eri\u015fmeniz ve kullanman\u0131z i\u00e7in size m\u00fcnhas\u0131r olmayan, devredilemez ve s\u0131n\u0131rl\u0131 bir ki\u015fisel lisans verir. Bu lisans, bu S\u00f6zle\u015fmenin h\u00fck\u00fcm ve ko\u015fullar\u0131na devam etmenize ba\u011fl\u0131d\u0131r. Web Sitesine derin ba\u011flant\u0131 vermemeyi, web sitesine ba\u015fkalar\u0131na eri\u015fim izni vermemeyi veya web sitesinde g\u00f6r\u00fcnen materyalleri yeniden sat\u0131\u015f i\u00e7in veya ba\u015fka bir ama\u00e7la WellForexBroker'\u0131n \u00f6nceden yaz\u0131l\u0131 izni olmadan ba\u015fkalar\u0131na kopyalamamay\u0131 kabul edersiniz.<\/p><h2>\u00dc\u00e7\u00fcnc\u00fc taraf sitelere ba\u011flant\u0131lar<\/h2><p>Bu web sitesi, WellforexBroker d\u0131\u015f\u0131ndaki ki\u015filer taraf\u0131ndan i\u015fletilen web sitelerine k\u00f6pr\u00fcler i\u00e7erir. Bu t\u00fcr k\u00f6pr\u00fcler yaln\u0131zca referans\u0131n\u0131z ve rahat\u0131n\u0131z i\u00e7in sa\u011flanm\u0131\u015ft\u0131r. Bu t\u00fcr web sitelerinin i\u00e7eri\u011finden veya i\u015fleyi\u015finden WellforexBroker'\u0131 sorumlu tutmamay\u0131 kabul edersiniz. Bu web sitesinden ba\u015fka bir web sitesine bir k\u00f6pr\u00fc, WellforexBroker'\u0131n o web sitesindeki i\u00e7eri\u011fi veya o sitenin operat\u00f6r\u00fcn\u00fc veya operasyonlar\u0131n\u0131 destekledi\u011fi anlam\u0131na gelmez veya anlam\u0131na gelmez.<\/p><h2>kurabiyeler<\/h2><p>Sitemiz, kullan\u0131c\u0131 deneyimini geli\u015ftirmek i\u00e7in \u201c\u00e7erezler\u201d, g\u00fcnl\u00fck dosyalar\u0131 ve di\u011fer izleme teknolojilerini kullanabilir. Kullan\u0131c\u0131n\u0131n web taray\u0131c\u0131s\u0131, kay\u0131t tutma amac\u0131yla ve bazen bunlarla ilgili bilgileri izlemek i\u00e7in \u00e7erezleri sabit disklerine yerle\u015ftirir. Web taray\u0131c\u0131n\u0131z\u0131 \u00e7erezleri reddedecek veya \u00e7erezler g\u00f6nderilirken sizi uyaracak \u015fekilde ayarlamay\u0131 se\u00e7ebilirsiniz. Bunu yaparsan\u0131z, sitenin baz\u0131 b\u00f6l\u00fcmleri d\u00fczg\u00fcn \u00e7al\u0131\u015fmayabilir.<\/p><h2>piyasa bilgileri<\/h2><p>WellForexBroker, bir veya daha fazla hizmet arac\u0131l\u0131\u011f\u0131yla, dahili olarak olu\u015fturulan veya acentelerden, sat\u0131c\u0131lardan veya ortaklardan (\u201c\u00fc\u00e7\u00fcnc\u00fc taraf sa\u011flay\u0131c\u0131lar\u201d) elde edilen \u00e7ok \u00e7e\u015fitli finansal bilgiler arac\u0131l\u0131\u011f\u0131yla size sunabilir. Buna finansal piyasa verileri, al\u0131nt\u0131lar, haberler, analist g\u00f6r\u00fc\u015fleri, ara\u015ft\u0131rma raporlar\u0131, grafikler veya veriler dahildir. Piyasa bilgileri yat\u0131r\u0131m tavsiyesi olarak tasarlanmam\u0131\u015ft\u0131r. WellForexBroker, piyasa bilgilerinin do\u011frulu\u011funu, g\u00fcncelli\u011fini, eksiksizli\u011fini veya do\u011frulu\u011funu garanti etmez ve yanl\u0131\u015fl\u0131klar i\u00e7in herhangi bir sorumluluk kabul etmez.<\/p><h2>Siteye eri\u015fim ve kullan\u0131m<\/h2><p>Bilgisayar\u0131n\u0131z, modeminiz veya eri\u015fim hatt\u0131n\u0131z dahil olmak \u00fczere Web Sitesine eri\u015fmek i\u00e7in ara\u00e7lar\u0131 sa\u011flamak ve s\u00fcrd\u00fcrmekten siz sorumlu olacaks\u0131n\u0131z. Web Sitesine ba\u011flanmak ve bu sistemlere eri\u015fimde ortaya \u00e7\u0131kan t\u00fcm \u00fccretleri \u00fcstlenmek i\u00e7in gerekli t\u00fcm eri\u015fim ve hizmet \u00fccretlerinden siz sorumlu olacaks\u0131n\u0131z. Ayr\u0131ca, web sitesine eri\u015fece\u011finiz bilgisayar\u0131n\u0131zda veya ba\u015fka herhangi bir bilgisayarda bilgi kullan\u0131m\u0131 ve depolanmas\u0131yla ilgili t\u00fcm riskleri \u00fcstlenirsiniz.<\/p><h2>\u015eirketin haklar\u0131<\/h2><p>WellForexBroker, bu sitenin veya herhangi bir b\u00f6l\u00fcm\u00fcn\u00fcn i\u015fleyi\u015fini herhangi bir zamanda ask\u0131ya alma hakk\u0131n\u0131 sakl\u0131 tutar ve bununla ba\u011flant\u0131l\u0131 olarak \u015eirkete kar\u015f\u0131 hi\u00e7bir talepte bulunulamaz.<\/p><h2>zorla yapt\u0131rmak<\/h2><p>WellForexBroker'\u0131n, m\u00fccbir sebep olmas\u0131 durumunda veya herhangi bir h\u00fck\u00fcmet veya yasal makam\u0131n veya bilgisayar sistemlerinin, verilerin veya kay\u0131tlar\u0131n\u0131n ba\u015far\u0131s\u0131zl\u0131\u011f\u0131ndan veya telekom\u00fcnikasyon veya bilgisayar ekipman\u0131ndaki ar\u0131zalardan kaynaklanan gecikmeler, kay\u0131plar, hatalar veya eksiklikler nedeniyle size veya ba\u015fka bir ki\u015fiye kar\u015f\u0131 hi\u00e7bir \u015fekilde sorumlu olmayaca\u011f\u0131n\u0131 kabul edersiniz.<\/p><h2>Teknik sorunlar<\/h2><p>WellForexBroker, herhangi bir teknik sorun, sistem ar\u0131zas\u0131, ekipman veya yaz\u0131l\u0131m ar\u0131zalar\u0131, sistem eri\u015fim sorunlar\u0131, g\u00fcvenlik ihlalleri veya di\u011fer bilgisayar sorunlar\u0131ndan ve kusurlar\u0131ndan WellforexBroker'\u0131 veya arac\u0131lar\u0131n\u0131 veya hizmet sa\u011flay\u0131c\u0131lar\u0131n\u0131 sorumlu tutmamay\u0131 kabul eder.<\/p><h2>Ticari markalar ve telif haklar\u0131<\/h2><p>T\u00fcm i\u00e7erik, ticari markalar, hizmet markalar\u0131, ticari adlar, logolar ve simgeler WellforexBroker veya ba\u011fl\u0131 kurulu\u015flar\u0131n\u0131n m\u00fclkiyetindedir ve telif haklar\u0131 yasalar\u0131 ile korunmaktad\u0131r. Web Sitesinden yazd\u0131rd\u0131\u011f\u0131n\u0131z veya indirdi\u011finiz materyallerden herhangi bir telif hakk\u0131 bildirimini veya korunan fikri m\u00fclkiyet haklar\u0131na ili\u015fkin di\u011fer g\u00f6stergeleri silmemeyi kabul edersiniz.<\/p><h2>Hakimlik, tahkim ve mahkeme yarg\u0131 yetkisi<\/h2><p>Bu Anla\u015fma, hukuk ihtilaf\u0131 ilkelerine bak\u0131lmaks\u0131z\u0131n \u0130ngiliz Virgin Adalar\u0131 (\u201cBVI\u201d) yasalar\u0131na tabi olacakt\u0131r. BVI'da bulunan mahkemelerin ki\u015fisel ve m\u00fcnhas\u0131r yarg\u0131 yetkisine, bununla ilgili olarak ortaya \u00e7\u0131kabilecek herhangi bir anla\u015fmazl\u0131\u011f\u0131 \u00e7\u00f6zmek i\u00e7in ba\u015fvurmay\u0131 kabul edersiniz.<\/p>\t\t\t\t\t\t\t\t<\/div>\n\t\t\t\t\t<\/div>\n\t\t\t\t<\/div>\n\t\t\t\t<\/div>","protected":false},"excerpt":{"rendered":"<p>Terms and Conditions for WellForexBroker.com The following describes the terms and conditions upon which WellForexBroker offers access to the site to you, the customer, and the use of its services. Please read the privacy policy, risk warning, and all of the following terms and conditions (hereinafter &#8220;terms and conditions&#8221;) before using this site. By continuing [&hellip;]<\/p>\n","protected":false},"author":1,"featured_media":0,"parent":0,"menu_order":0,"comment_status":"closed","ping_status":"closed","template":"","meta":{"footnotes":""},"class_list":["post-349","page","type-page","status-publish","hentry"],"_links":{"self":[{"href":"https:\/\/wellforexbroker.com\/tr\/wp-json\/wp\/v2\/pages\/349","targetHints":{"allow":["GET"]}}],"collection":[{"href":"https:\/\/wellforexbroker.com\/tr\/wp-json\/wp\/v2\/pages"}],"about":[{"href":"https:\/\/wellforexbroker.com\/tr\/wp-json\/wp\/v2\/types\/page"}],"author":[{"embeddable":true,"href":"https:\/\/wellforexbroker.com\/tr\/wp-json\/wp\/v2\/users\/1"}],"replies":[{"embeddable":true,"href":"https:\/\/wellforexbroker.com\/tr\/wp-json\/wp\/v2\/comments?post=349"}],"version-history":[{"count":0,"href":"https:\/\/wellforexbroker.com\/tr\/wp-json\/wp\/v2\/pages\/349\/revisions"}],"wp:attachment":[{"href":"https:\/\/wellforexbroker.com\/tr\/wp-json\/wp\/v2\/media?parent=349"}],"curies":[{"name":"wp","href":"https:\/\/api.w.org\/{rel}","templated":true}]}}