{"id":3,"date":"2025-10-08T22:04:39","date_gmt":"2025-10-08T22:04:39","guid":{"rendered":"https:\/\/wellforexbroker.com\/?page_id=3"},"modified":"2026-02-17T13:37:42","modified_gmt":"2026-02-17T13:37:42","slug":"privacy-policy","status":"publish","type":"page","link":"https:\/\/wellforexbroker.com\/vi\/privacy-policy\/","title":{"rendered":"Ch\u00ednh S\u00e1ch B\u1ea3o M\u1eadt"},"content":{"rendered":"<div data-elementor-type=\"wp-page\" data-elementor-id=\"3\" class=\"elementor elementor-3\" data-elementor-post-type=\"page\">\n\t\t\t\t<div class=\"elementor-element elementor-element-4bfed541 e-flex e-con-boxed e-con e-parent\" data-id=\"4bfed541\" data-element_type=\"container\" data-e-type=\"container\">\n\t\t\t\t\t<div class=\"e-con-inner\">\n\t\t\t\t<div class=\"elementor-element elementor-element-9f12cf3 elementor-widget elementor-widget-heading\" data-id=\"9f12cf3\" data-element_type=\"widget\" data-e-type=\"widget\" data-widget_type=\"heading.default\">\n\t\t\t\t\t<h1 class=\"elementor-heading-title elementor-size-default\">CH\u00cdNH S\u00c1CH B\u1ea2O M\u1eacT<\/h1>\t\t\t\t<\/div>\n\t\t\t\t<div class=\"elementor-element elementor-element-397b5c20 elementor-widget elementor-widget-text-editor\" data-id=\"397b5c20\" data-element_type=\"widget\" data-e-type=\"widget\" data-widget_type=\"text-editor.default\">\n\t\t\t\t\t\t\t\t\t<div style=\"font-family: Arial, sans-serif; line-height: 1.6; color: #333;\">\n<p>T\u1ea1i <strong>WellForexBroker<\/strong> (\"ch\u00fang t\u00f4i,\" \"ch\u00fang t\u00f4i,\" \"ch\u00fang ta\"), b\u1ea1n ch\u00ednh l\u00e0 \u01b0u ti\u00ean h\u00e0ng \u0111\u1ea7u. Ch\u00ednh S\u00e1ch n\u00e0y gi\u1ea3i th\u00edch cho nh\u1eefng g\u00ec ch\u00fang t\u00f4i thu th\u1eadp th\u00f4ng tin, l\u00e0m th\u1ebf n\u00e0o ch\u00fang ta s\u1eed d\u1ee5ng n\u00f3, l\u00e0m th\u1ebf n\u00e0o ch\u00fang t\u00f4i b\u1ea3o v\u1ec7 n\u00f3, v\u00e0 quy\u1ec1n l\u1ee3i c\u1ee7a b\u1ea1n v\u1ec1 d\u1eef li\u1ec7u c\u00e1 nh\u00e2n c\u1ee7a khi b\u1ea1n truy c\u1eadp trang web c\u1ee7a ch\u00fang t\u00f4i <a href=\"https:\/\/wellforexbroker.com\/vi\/\">https:\/\/wellforexbroker.com\/.<\/a><\/p>\n<p>B\u1eb1ng c\u00e1ch s\u1eed d\u1ee5ng trang Web n\u00e0y, anh \u0111\u1ed3ng \u00fd v\u1edbi c\u00e1c \u0111i\u1ec1u kho\u1ea3n v\u1ea1ch ra trong Ch\u00ednh S\u00e1ch n\u00e0y.<\/p>\n<h2 style=\"color: #0070c0;\">1. Ch\u00fang T\u00f4i Thu Th\u1eadp Th\u00f4ng Tin<\/h2>\n<h3>1.1 Th\u00f4ng Tin C\u00e1 Nh\u00e2n<\/h3>\n<p>Ch\u00fang t\u00f4i thu th\u1eadp th\u00f4ng tin c\u00e1 nh\u00e2n khi c\u00e1c b\u1ea1n t\u1ef1 nguy\u1ec7n cung c\u1ea5p cho n\u00f3, nh\u01b0 l\u00e0:<\/p>\n<ul>\n<li>T\u00ean<\/li>\n<li>\u0110\u1ecba ch\u1ec9 Email<\/li>\n<li>Th\u00f4ng tin li\u00ean l\u1ea1c<\/li>\n<li>B\u1ea5t k\u1ef3 th\u00f4ng tin g\u1eedi qua h\u00ecnh th\u1ee9c, ph\u1ea7n b\u00ecnh lu\u1eadn, ho\u1eb7c \u0111\u0103ng k\u00fd b\u1ea3n tin<\/li>\n<\/ul>\n<p>Th\u00f4ng tin n\u00e0y \u0111\u01b0\u1ee3c thu th\u1eadp khi b\u1ea1n:<\/p>\n<ul>\n<li>\u0110\u0103ng k\u00fd v\u00e0o b\u1ea3n tin c\u1ee7a ch\u00fang t\u00f4i<\/li>\n<li>G\u1eedi m\u1ed9t h\u00ecnh th\u1ee9c li\u00ean l\u1ea1c<\/li>\n<li>L\u1ea1i \u00fd ki\u1ebfn<\/li>\n<li>Tham gia v\u00e0o cu\u1ed9c \u0111i\u1ec1u tra hay khuy\u1ebfn m\u00e3i<\/li>\n<\/ul>\n<h3>1.2 T\u1ef1 \u0110\u1ed9ng D\u1eef Li\u1ec7u Thu Th\u1eadp \u0110\u01b0\u1ee3c<\/h3>\n<p>Ch\u00fang t\u00f4i thu th\u1eadp t\u1ef1 \u0111\u1ed9ng kh\u00f4ng th\u00f4ng tin c\u00e1 nh\u00e2n s\u1eed d\u1ee5ng b\u00e1nh v\u00e0 c\u00f4ng ngh\u1ec7 theo d\u00f5i:<\/p>\n<ul>\n<li>\u0110\u1ecba ch\u1ec9 IP<\/li>\n<li>Lo\u1ea1i tr\u00ecnh duy\u1ec7t, v\u00e0 phi\u00ean b\u1ea3n<\/li>\n<li>Lo\u1ea1i thi\u1ebft b\u1ecb v\u00e0 ng\u01b0\u1eddi m\u1eabu<\/li>\n<li>Trang \u0111\u1ebfn th\u0103m<\/li>\n<li>Th\u1eddi gian tr\u00ean c\u00e1c trang Web<\/li>\n<li>Urlsbei<\/li>\n<li>V\u1ecb tr\u00ed \u0111\u1ecba l\u00fd (t\u1ed5ng h\u1ee3p)<\/li>\n<\/ul>\n<p>D\u1eef li\u1ec7u n\u00e0y s\u1ebd gi\u00fap ch\u00fang ta hi\u1ec3u l\u00e0m th\u1ebf n\u00e0o d\u1ec5 s\u1eed d\u1ee5ng c\u00e1c trang Web v\u00e0 c\u1ea3i thi\u1ec7n ng\u01b0\u1eddi d\u00f9ng chung kinh nghi\u1ec7m.<\/p>\n<h2 style=\"color: #0070c0;\">2. L\u00e0m Th\u1ebf N\u00e0o Ch\u00fang T\u00f4i S\u1eed D\u1ee5ng Th\u00f4ng Tin C\u1ee7a B\u1ea1n<\/h2>\n<p>Ch\u00fang t\u00f4i s\u1eed d\u1ee5ng b\u1ed9 thu th\u1eadp th\u00f4ng tin cho c\u00e1c m\u1ee5c \u0111\u00edch sau \u0111\u00e2y:<\/p>\n<h3>2.1 Cung C\u1ea5p D\u1ecbch V\u1ee5<\/h3>\n<ul>\n<li>\u0110\u1ec3 cung c\u1ea5p n\u1ed9i dung b\u1ea1n y\u00eau c\u1ea7u (\u0111\u00e1nh gi\u00e1, h\u01b0\u1edbng d\u1eabn, b\u1ea3n tin)<\/li>\n<li>\u0110\u1ec3 \u0111\u00e1p tr\u1ea3 cho c\u00e1c tin nh\u1eafn c\u1ee7a b\u1ea1n ho\u1eb7c th\u1eafc m\u1eafc<\/li>\n<li>\u0110\u1ec3 qu\u1ea3n l\u00fd t\u00e0i kho\u1ea3n hay \u0111\u0103ng k\u00fd<\/li>\n<\/ul>\n<h3>2.2 C\u1ea3i Trang Web<\/h3>\n<ul>\n<li>\u0110\u1ec3 ph\u00e2n t\u00edch c\u00e1ch d\u1ec5 s\u1eed d\u1ee5ng c\u00e1c trang Web<\/li>\n<li>\u0110\u1ec3 c\u1ea3i thi\u1ec7n n\u1ed9i dung l\u01b0\u1ee3ng cao<\/li>\n<li>\u0110\u1ec3 kh\u1eafc ph\u1ee5c v\u1ea5n \u0111\u1ec1 k\u1ef9 thu\u1eadt<\/li>\n<li>\u0110\u1ec3 t\u1ed1i SEO v\u00e0 ti\u1ebfp th\u1ecb su\u1ea5t<\/li>\n<\/ul>\n<h3>2.3 Marketing v\u00e0 khuy\u1ebfn M\u00e3i<\/h3>\n<p>V\u1edbi s\u1ef1 cho ph\u00e9p c\u1ee7a b\u1ea1n, ch\u00fang ta c\u00f3 th\u1ec3 s\u1eed d\u1ee5ng \u0111\u1ecba ch\u1ec9 email c\u1ee7a b\u1ea1n \u0111\u1ec3 g\u1eedi:<\/p>\n<ul>\n<li>B\u1ea3n tin<\/li>\n<li>C\u1eadp nh\u1eadt m\u1edbi nh\u1ea5t v\u1ec1 n\u1ed9i dung<\/li>\n<li>Ch\u01b0\u01a1ng tr\u00ecnh li\u00ean quan \u0111\u1ebfn m\u00f4i gi\u1edbi ho\u1eb7c c\u00f4ng c\u1ee5 kinh doanh<\/li>\n<\/ul>\n<p>B\u1ea1n c\u00f3 th\u1ec3 ch\u1ecdn b\u1ea5t k\u1ef3 l\u00fac n\u00e0o b\u1edfi h\u1ee7y \u0111\u0103ng k\u00fd.<\/p>\n<h3>Th\u1ec3 2,4 Tu\u00e2n th\u1ee7 v\u00e0 b\u1ea3o V\u1ec7 h\u1ee3p Ph\u00e1p<\/h3>\n<p>Ch\u00fang ta c\u00f3 th\u1ec3 s\u1eed d\u1ee5ng th\u00f4ng tin:<\/p>\n<ul>\n<li>Tu\u00e2n th\u1ee7 ngh\u0129a v\u1ee5 ph\u00e1p l\u00fd<\/li>\n<li>Th\u1ef1c thi c\u1ee7a ch\u00fang t\u00f4i v\u1ec1 V\u1ee5<\/li>\n<li>Gi\u1ea3i quy\u1ebft tranh ch\u1ea5p<\/li>\n<\/ul>\n<h2 style=\"color: #0070c0;\">3. B\u00e1nh v\u00e0 c\u00f4ng Ngh\u1ec7 theo D\u00f5i<\/h2>\n<h3>3.1 S\u1eed d\u1ee5ng Cookie<\/h3>\n<p>B\u00e1nh quy \u0111\u01b0\u1ee3c nh\u1ecf th\u00f4ng tin l\u01b0u tr\u1eef tr\u00ean \u0111i\u1ec7n tho\u1ea1i \u0111\u1ec3 gi\u00fap x\u00e1c \u0111\u1ecbnh tr\u1edf v\u1ec1 ng\u01b0\u1eddi v\u00e0 n\u00e2ng cao tr\u00ecnh duy\u1ec7t kinh nghi\u1ec7m.<\/p>\n<p>Ch\u00fang t\u00f4i s\u1eed d\u1ee5ng:<\/p>\n<ul>\n<li><strong>Cookie c\u1ea7n thi\u1ebft<\/strong> \u2013 C\u1ea7n thi\u1ebft cho l\u00f5i ch\u1ee9c n\u0103ng trang web<\/li>\n<li><strong>Hi\u1ec7u su\u1ea5t cookie<\/strong> \u2013 Ph\u00e2n t\u00edch s\u1eed d\u1ee5ng trang v\u00e0 c\u1ea3i thi\u1ec7n su\u1ea5t<\/li>\n<li><strong>Ch\u1ee9c n\u0103ng cookie<\/strong> \u2013 Cung c\u1ea5p t\u0103ng c\u01b0\u1eddng n\u0103ng hay c\u00e1 nh\u00e2n<\/li>\n<li><strong>Qu\u1ea3ng c\u00e1o cookie<\/strong> \u2013 Cho qu\u1ea3ng c\u00e1o (ch\u1ec9 v\u1edbi s\u1ef1 \u0111\u1ed3ng \u00fd)<\/li>\n<\/ul>\n<h3>3,2, V\u00e0 Th\u1ee9 Ba B\u00ean Cookie<\/h3>\n<p>Ch\u00fang ta c\u00f3 th\u1ec3 s\u1eed d\u1ee5ng th\u1ee9 ba b\u00ean d\u1ecbch v\u1ee5 nh\u01b0:<\/p>\n<ul>\n<li>Ph\u00e2n T\u00edch Google<\/li>\n<li>Theo d\u00f5i c\u00f4ng c\u1ee5 li\u00ean k\u1ebft<\/li>\n<li>X\u00e3 h\u1ed9i v\u1eadt d\u1ee5ng<\/li>\n<\/ul>\n<p>C\u00e1c d\u1ecbch v\u1ee5 n\u00e0y c\u00f3 th\u1ec3 \u0111\u1eb7t cookie m\u00e0n h\u00ecnh vi ho\u1eb7c tr\u01b0ng b\u00e0y c\u00f3 li\u00ean quan qu\u1ea3ng c\u00e1o.<\/p>\n<p>B\u1ea1n c\u00f3 th\u1ec3 qu\u1ea3n l\u00fd cookie s\u1edf th\u00edch th\u00f4ng qua tr\u00ecnh duy\u1ec7t c\u1ee7a b\u1ea1n. V\u00f4 hi\u1ec7u h\u00f3a cookies c\u00f3 th\u1ec3 \u1ea3nh h\u01b0\u1edfng th\u1ebf n\u00e0o \u0111\u1ebfn c\u00e1c ch\u1ee9c n\u0103ng trang Web.<\/p>\n<h2 style=\"color: #0070c0;\">4. B\u00ean d\u1ecbch V\u1ee5 v\u00e0 li\u00ean K\u1ebft<\/h2>\n<p>Trang Web c\u1ee7a ch\u00fang t\u00f4i c\u00f3 th\u1ec3 bao g\u1ed3m li\u00ean k\u1ebft t\u1edbi trang web b\u00ean th\u1ee9 ba, v\u00e0 d\u1ecbch v\u1ee5 m\u00f4i gi\u1edbi:<\/p>\n<ul>\n<li>Ch\u00fang t\u00f4i l\u00e0m <strong>kh\u00f4ng<\/strong> ki\u1ec3m so\u00e1t c\u00e1c n\u1ed9i dung ho\u1eb7c ch\u00ednh th\u1ef1c h\u00e0nh c\u1ee7a trang web b\u00ean ngo\u00e0i.<\/li>\n<li>Ch\u00ednh S\u00e1ch n\u00e0y kh\u00f4ng <strong>kh\u00f4ng<\/strong> \u00e1p d\u1ee5ng cho nh\u1eefng trang web.<\/li>\n<li>Khi b\u1ea1n nh\u1ea5n v\u00e0o li\u00ean k\u1ebft b\u00ean ngo\u00e0i, ch\u00fang t\u00f4i \u0111\u1ec1 ngh\u1ecb xem x\u00e9t c\u00e1c ch\u00ednh s\u00e1ch c\u1ee7a nh\u1eefng trang web.<\/li>\n<\/ul>\n<h2 style=\"color: #0070c0;\">5. Qu\u1ea3ng c\u00e1o v\u00e0 ti\u1ebfp Th\u1ecb Li\u00ean k\u1ebft<\/h2>\n<p>WellForexBroker.com tham gia v\u00e0o li\u00ean k\u1ebft ch\u01b0\u01a1ng tr\u00ecnh ti\u1ebfp th\u1ecb. \u0110i\u1ec1u n\u00e0y c\u00f3 ngh\u0129a l\u00e0:<\/p>\n<ul>\n<li>Ch\u00fang t\u00f4i c\u00f3 th\u1ec3 ki\u1ebfm \u0111\u01b0\u1ee3c ti\u1ec1n hoa h\u1ed3ng khi click v\u00e0o li\u00ean k\u1ebft hay \u0111\u0103ng k\u00fd cho d\u1ecbch v\u1ee5 th\u00f4ng qua n\u1ed9i dung c\u1ee7a ch\u00fang t\u00f4i.<\/li>\n<li>\u0110i\u1ec1u n\u00e0y kh\u00f4ng \u1ea3nh h\u01b0\u1edfng \u0111\u1ebfn gi\u00e1 b\u1ea1n tr\u1ea3 ti\u1ec1n cho v\u1ee5.<\/li>\n<li>Li\u00ean k\u1ebft c\u00f3 th\u1ec3 s\u1eed d\u1ee5ng theo d\u00f5i cookies.<\/li>\n<\/ul>\n<p>Ch\u00fang t\u00f4i cung c\u1ea5p trung th\u1ef1c, \u0111\u00e1nh gi\u00e1 kh\u00e1ch quan, b\u1ea5t k\u1ec3 li\u00ean quan h\u1ec7 \u0111\u1ed1i t\u00e1c.<\/p>\n<h2 style=\"color: #0070c0;\">6. Chia S\u1ebb Th\u00f4ng Tin<\/h2>\n<p>Ch\u00fang ta c\u00f3 th\u1ec3 chia s\u1ebb th\u00f4ng tin c\u00e1 nh\u00e2n trong tr\u01b0\u1eddng h\u1ee3p sau \u0111\u00e2y:<\/p>\n<h3>6.1 V\u1edbi S\u1ef1 \u0110\u1ed3ng \u00dd C\u1ee7a B\u1ea1n<\/h3>\n<p>B\u1ea1n c\u00f3 th\u1ec3 ch\u1ecdn \u0111\u1ec3 chia s\u1ebb v\u1edbi d\u1eef li\u1ec7u th\u1ee9 ba b\u00ean.<\/p>\n<h3>6.2 Cung C\u1ea5p D\u1ecbch V\u1ee5<\/h3>\n<p>Ch\u00fang ta c\u00f3 th\u1ec3 chia s\u1ebb v\u1edbi d\u1eef li\u1ec7u:<\/p>\n<ul>\n<li>Ph\u00e2n t\u00edch c\u00e1c nh\u00e0 cung c\u1ea5p<\/li>\n<li>X\u1eed l\u00fd thanh to\u00e1n<\/li>\n<li>Email d\u1ecbch v\u1ee5 giao h\u00e0ng<\/li>\n<\/ul>\n<p>C\u00e1c nh\u00e0 cung c\u1ea5p \u0111ang b\u1ecb r\u00e0ng bu\u1ed9c b\u1edfi th\u1ecfa thu\u1eadn b\u1ea3o m\u1eadt.<\/p>\n<h3>6.3 Ngh\u0129a V\u1ee5 Ph\u00e1p L\u00fd<\/h3>\n<p>Ch\u00fang ta c\u00f3 th\u1ec3 ti\u1ebft l\u1ed9 th\u00f4ng tin:<\/p>\n<ul>\n<li>Tu\u00e2n th\u1ee7 ph\u00e1p lu\u1eadt<\/li>\n<li>\u0110\u00e1p \u1ee9ng y\u00eau c\u1ea7u h\u1ee3p ph\u00e1p<\/li>\n<li>B\u1ea3o v\u1ec7 an to\u00e0n ng\u01b0\u1eddi d\u00f9ng v\u00e0 quy\u1ec1n<\/li>\n<\/ul>\n<p>Ch\u00fang t\u00f4i l\u00e0m <strong>kh\u00f4ng<\/strong> ho\u1eb7c b\u00e1n th\u00f4ng tin c\u00e1 nh\u00e2n \u0111\u1ec3 th\u1ee9 ba b\u00ean cho marketing m\u00e0 kh\u00f4ng c\u1ea7n s\u1ef1 \u0111\u1ed3ng \u00fd.<\/p>\n<h2 style=\"color: #0070c0;\">7. D\u1eef Li\u1ec7u An Ninh<\/h2>\n<p>Ch\u00fang t\u00f4i th\u1ef1c hi\u1ec7n h\u1ee3p l\u00fd k\u1ef9 thu\u1eadt v\u00e0 t\u1ed5 ch\u1ee9c c\u00e1c bi\u1ec7n ph\u00e1p \u0111\u1ec3 b\u1ea3o v\u1ec7 c\u00e1c d\u1eef li\u1ec7u, bao g\u1ed3m:<\/p>\n<ul>\n<li>M\u00e1y ch\u1ee7 an to\u00e0n<\/li>\n<li>M\u00e3 h\u00f3a n\u01a1i \u00e1p d\u1ee5ng<\/li>\n<li>Th\u01b0\u1eddng xuy\u00ean gi\u00e1m s\u00e1t an ninh<\/li>\n<\/ul>\n<p>Tuy nhi\u00ean, kh\u00f4ng c\u00f3 internet truy\u1ec1n an to\u00e0n 100%. Ch\u00fang t\u00f4i kh\u00f4ng th\u1ec3 b\u1ea3o \u0111\u1ea3m tuy\u1ec7t \u0111\u1ed1i b\u1ea3o v\u1ec7 ch\u1ed1ng l\u1ea1i truy c\u1eadp tr\u00e1i ph\u00e9p.<\/p>\n<h2 style=\"color: #0070c0;\">8. C\u1ee7a Ch\u00ednh Quy\u1ec1n<\/h2>\n<p>T\u00f9y thu\u1ed9c v\u00e0o v\u1ecb tr\u00ed c\u1ee7a b\u1ea1n, b\u1ea1n c\u00f3 th\u1ec3 c\u00f3 c\u00e1c quy\u1ec1n sau \u0111\u00e2y:<\/p>\n<ul>\n<li><strong>Truy c\u1eadp<\/strong> \u2013 Y\u00eau c\u1ea7u m\u1ed9t b\u1ea3n sao c\u1ee7a d\u1eef li\u1ec7u c\u00e1 nh\u00e2n<\/li>\n<li><strong>Ch\u1ec9nh<\/strong> \u2013 C\u1eadp nh\u1eadt th\u00f4ng tin kh\u00f4ng ch\u00ednh x\u00e1c<\/li>\n<li><strong>X\u00f3a<\/strong> \u2013 Y\u00eau c\u1ea7u x\u00f3a d\u1eef li\u1ec7u c\u1ee7a b\u1ea1n<\/li>\n<li><strong>L\u1ef1a Ch\u1ecdn Ra<\/strong> \u2013 D\u1eebng l\u1ea1i, ti\u1ebfp th\u1ecb email<\/li>\n<li><strong>D\u1eef Li\u1ec7u Di<\/strong> \u2013 Nh\u1eadn \u0111\u01b0\u1ee3c m\u1ed9t b\u1ea3n sao trong m\u1ed9t c\u1ea5u tr\u00fac d\u1ea1ng<\/li>\n<\/ul>\n<p>\u0110\u1ec3 th\u1ef1c hi\u1ec7n b\u1ea5t k\u1ef3 quy\u1ec1n li\u00ean l\u1ea1c v\u1edbi ch\u00fang t\u00f4i<\/p>\n<h2 style=\"color: #0070c0;\">9. Tr\u1ebb em c\u1ee7a Ch\u00ednh<\/h2>\n<p>Trang Web c\u1ee7a ch\u00fang t\u00f4i l\u00e0 kh\u00f4ng ph\u1ea3i \u0111\u1ea1o di\u1ec5n tr\u1ebb em d\u01b0\u1edbi 13 tu\u1ed5i.<\/p>\n<p>Ch\u00fang t\u00f4i l\u00e0m <strong>kh\u00f4ng c\u1ed1 \u00fd<\/strong> thu th\u1eadp th\u00f4ng tin c\u00e1 nh\u00e2n t\u1eeb em. N\u1ebfu ch\u00fang t\u00f4i kh\u00e1m ph\u00e1 nh\u1eefng d\u1eef li\u1ec7u, ch\u00fang ta s\u1ebd lo\u1ea1i b\u1ecf n\u00f3 ngay l\u1eadp t\u1ee9c.<\/p>\n<h2 style=\"color: #0070c0;\">10. Thay \u0111\u1ed5i ch\u00ednh S\u00e1ch N\u00e0y<\/h2>\n<p>Ch\u00fang ta c\u00f3 th\u1ec3 c\u1eadp nh\u1eadt n\u00e0y Ch\u00ednh S\u00e1ch ph\u1ea3n \u00e1nh s\u1ef1 thay \u0111\u1ed5i ph\u00e1p lu\u1eadt ho\u1eb7c trang Web c\u00f3.<\/p>\n<p><strong>C\u1eadp nh\u1eadt n\u00e0y s\u1ebd \u0111\u01b0\u1ee3c \u0111\u0103ng v\u1edbi m\u1ed9t \u0111i\u1ec1u ch\u1ec9nh \"hi\u1ec7u Qu\u1ea3 Ng\u00e0y.\"<\/strong> B\u1ea1n ti\u1ebfp t\u1ee5c s\u1eed d\u1ee5ng c\u00e1c trang Web cho th\u1ea5y s\u1ef1 ch\u1ea5p nh\u1eadn c\u1ee7a ch\u00ednh s\u00e1ch \u0111\u01b0\u1ee3c c\u1eadp nh\u1eadt.<\/p>\n<h2 style=\"color: #0070c0;\">11. Li\u00ean L\u1ea1c V\u1edbi Ch\u00fang T\u00f4i<\/h2>\n<p>N\u1ebfu b\u1ea1n c\u00f3 c\u00e2u h\u1ecfi hay th\u1eafc m\u1eafc v\u1ec1 Ch\u00ednh s\u00e1ch b\u1ea3o M\u1eadt n\u00e0y, xin li\u00ean h\u1ec7:<\/p>\n<p><strong>WellForexBroker<\/strong><\/p>\n<p>Email: <a href=\"mailto:support@wellforexbroker.com\">support@wellforexbroker.com<\/a><\/p>\n<p>Trang web: <a href=\"https:\/\/wellforexbroker.com\/vi\/\">https:\/\/wellforexbroker.com\/<\/a><\/p>\n<\/div>\t\t\t\t\t\t\t\t<\/div>\n\t\t\t\t\t<\/div>\n\t\t\t\t<\/div>\n\t\t\t\t<\/div>","protected":false},"excerpt":{"rendered":"<p>PRIVACY POLICY At WellForexBroker (\u201cwe,\u201d \u201cour,\u201d \u201cus\u201d), your privacy is a priority. This Privacy Policy explains what information we collect, how we use it, how we protect it, and your rights regarding your personal data when you visit our website https:\/\/wellforexbroker.com\/. By using this Website, you agree to the terms outlined in this Privacy Policy. [&hellip;]<\/p>\n","protected":false},"author":1,"featured_media":0,"parent":0,"menu_order":0,"comment_status":"closed","ping_status":"open","template":"","meta":{"footnotes":""},"class_list":["post-3","page","type-page","status-publish","hentry"],"_links":{"self":[{"href":"https:\/\/wellforexbroker.com\/vi\/wp-json\/wp\/v2\/pages\/3","targetHints":{"allow":["GET"]}}],"collection":[{"href":"https:\/\/wellforexbroker.com\/vi\/wp-json\/wp\/v2\/pages"}],"about":[{"href":"https:\/\/wellforexbroker.com\/vi\/wp-json\/wp\/v2\/types\/page"}],"author":[{"embeddable":true,"href":"https:\/\/wellforexbroker.com\/vi\/wp-json\/wp\/v2\/users\/1"}],"replies":[{"embeddable":true,"href":"https:\/\/wellforexbroker.com\/vi\/wp-json\/wp\/v2\/comments?post=3"}],"version-history":[{"count":0,"href":"https:\/\/wellforexbroker.com\/vi\/wp-json\/wp\/v2\/pages\/3\/revisions"}],"wp:attachment":[{"href":"https:\/\/wellforexbroker.com\/vi\/wp-json\/wp\/v2\/media?parent=3"}],"curies":[{"name":"wp","href":"https:\/\/api.w.org\/{rel}","templated":true}]}}