{"id":349,"date":"2026-02-20T10:31:27","date_gmt":"2026-02-20T10:31:27","guid":{"rendered":"https:\/\/wellforexbroker.com\/?page_id=349"},"modified":"2026-02-20T10:39:28","modified_gmt":"2026-02-20T10:39:28","slug":"dieu-khoan-va-dieu-kien-cho-wellforexbroker-com","status":"publish","type":"page","link":"https:\/\/wellforexbroker.com\/vi\/dieu-khoan-va-dieu-kien-cho-wellforexbroker-com\/","title":{"rendered":"\u0110i\u1ec1u kho\u1ea3n v\u00e0 \u0110i\u1ec1u ki\u1ec7n cho WellForexBroker.com"},"content":{"rendered":"<div data-elementor-type=\"wp-page\" data-elementor-id=\"349\" class=\"elementor elementor-349\" data-elementor-post-type=\"page\">\n\t\t\t\t<div class=\"elementor-element elementor-element-ffda582 e-flex e-con-boxed e-con e-parent\" data-id=\"ffda582\" data-element_type=\"container\" data-e-type=\"container\">\n\t\t\t\t\t<div class=\"e-con-inner\">\n\t\t\t\t<div class=\"elementor-element elementor-element-fe96ee5 elementor-widget elementor-widget-heading\" data-id=\"fe96ee5\" data-element_type=\"widget\" data-e-type=\"widget\" data-widget_type=\"heading.default\">\n\t\t\t\t\t<h1 class=\"elementor-heading-title elementor-size-default\">\u0110i\u1ec1u kho\u1ea3n v\u00e0 \u0110i\u1ec1u ki\u1ec7n cho WellForexBroker.com<\/h1>\t\t\t\t<\/div>\n\t\t\t\t<div class=\"elementor-element elementor-element-cb1b41d elementor-widget elementor-widget-text-editor\" data-id=\"cb1b41d\" data-element_type=\"widget\" data-e-type=\"widget\" data-widget_type=\"text-editor.default\">\n\t\t\t\t\t\t\t\t\t<p>Sau \u0111\u00e2y m\u00f4 t\u1ea3 c\u00e1c \u0111i\u1ec1u kho\u1ea3n v\u00e0 \u0111i\u1ec1u ki\u1ec7n m\u00e0 <a href=\"https:\/\/wellforexbroker.com\/vi\/\">WellForexBroker<\/a> Cung c\u1ea5p quy\u1ec1n truy c\u1eadp v\u00e0o trang web cho b\u1ea1n, kh\u00e1ch h\u00e0ng v\u00e0 s\u1eed d\u1ee5ng c\u00e1c d\u1ecbch v\u1ee5 c\u1ee7a n\u00f3. Vui l\u00f2ng \u0111\u1ecdc Ch\u00ednh s\u00e1ch b\u1ea3o m\u1eadt, C\u1ea3nh b\u00e1o r\u1ee7i ro v\u00e0 t\u1ea5t c\u1ea3 c\u00e1c \u0111i\u1ec1u kho\u1ea3n v\u00e0 \u0111i\u1ec1u ki\u1ec7n sau (sau \u0111\u00e2y g\u1ecdi l\u00e0 \u201c\u0110i\u1ec1u kho\u1ea3n v\u00e0 \u0110i\u1ec1u ki\u1ec7n\u201d) tr\u01b0\u1edbc khi s\u1eed d\u1ee5ng Trang web n\u00e0y. B\u1eb1ng c\u00e1ch ti\u1ebfp t\u1ee5c truy c\u1eadp ho\u1eb7c s\u1eed d\u1ee5ng Trang web n\u00e0y ho\u1eb7c b\u1ea5t k\u1ef3 d\u1ecbch v\u1ee5 n\u00e0o tr\u00ean Trang web n\u00e0y, b\u1ea1n th\u1ec3 hi\u1ec7n s\u1ef1 ch\u1ea5p nh\u1eadn c\u1ee7a b\u1ea1n \u0111\u1ed1i v\u1edbi c\u00e1c \u0110i\u1ec1u kho\u1ea3n v\u00e0 \u0110i\u1ec1u ki\u1ec7n n\u00e0y. Ch\u00fang t\u00f4i c\u00f3 quy\u1ec1n s\u1eeda \u0111\u1ed5i, x\u00f3a b\u1ecf ho\u1eb7c th\u00eam v\u00e0o c\u00e1c \u0111i\u1ec1u kho\u1ea3n v\u00e0 \u0111i\u1ec1u ki\u1ec7n n\u00e0y b\u1ea5t k\u1ef3 l\u00fac n\u00e0o. Nh\u1eefng s\u1eeda \u0111\u1ed5i nh\u01b0 v\u1eady s\u1ebd c\u00f3 hi\u1ec7u l\u1ef1c ngay l\u1eadp t\u1ee9c. Theo \u0111\u00f3, vui l\u00f2ng ti\u1ebfp t\u1ee5c xem x\u00e9t c\u00e1c \u0111i\u1ec1u kho\u1ea3n v\u00e0 \u0111i\u1ec1u ki\u1ec7n n\u00e0y b\u1ea5t c\u1ee9 khi n\u00e0o truy c\u1eadp ho\u1eb7c s\u1eed d\u1ee5ng trang web n\u00e0y. Vi\u1ec7c b\u1ea1n s\u1eed d\u1ee5ng Trang web ho\u1eb7c b\u1ea5t k\u1ef3 d\u1ecbch v\u1ee5 n\u00e0o tr\u00ean Trang web n\u00e0y, sau khi \u0111\u0103ng c\u00e1c s\u1eeda \u0111\u1ed5i \u0111\u1ed1i v\u1edbi c\u00e1c \u0110i\u1ec1u kho\u1ea3n v\u00e0 \u0110i\u1ec1u ki\u1ec7n n\u00e0y s\u1ebd \u0111\u1ed3ng ngh\u0129a v\u1edbi vi\u1ec7c b\u1ea1n ch\u1ea5p nh\u1eadn c\u00e1c \u0110i\u1ec1u kho\u1ea3n v\u00e0 \u0110i\u1ec1u ki\u1ec7n, nh\u01b0 \u0111\u00e3 \u0111\u01b0\u1ee3c s\u1eeda \u0111\u1ed5i. N\u1ebfu, b\u1ea5t c\u1ee9 l\u00fac n\u00e0o, b\u1ea1n kh\u00f4ng mu\u1ed1n ch\u1ea5p nh\u1eadn c\u00e1c \u0111i\u1ec1u kho\u1ea3n v\u00e0 \u0111i\u1ec1u ki\u1ec7n, b\u1ea1n kh\u00f4ng \u0111\u01b0\u1ee3c s\u1eed d\u1ee5ng Trang web. B\u1ea5t k\u1ef3 \u0111i\u1ec1u kho\u1ea3n v\u00e0 \u0111i\u1ec1u ki\u1ec7n n\u00e0o \u0111\u01b0\u1ee3c b\u1ea1n \u0111\u1ec1 xu\u1ea5t ngo\u00e0i ho\u1eb7c xung \u0111\u1ed9t v\u1edbi c\u00e1c \u0111i\u1ec1u kho\u1ea3n v\u00e0 \u0111i\u1ec1u ki\u1ec7n n\u00e0y \u0111\u1ec1u b\u1ecb ch\u00fang t\u00f4i t\u1eeb ch\u1ed1i r\u00f5 r\u00e0ng v\u00e0 s\u1ebd kh\u00f4ng c\u00f3 hi\u1ec7u l\u1ef1c ho\u1eb7c kh\u00f4ng c\u00f3 hi\u1ec7u l\u1ef1c.<\/p><h2>ng\u01b0\u1eddi kh\u00f4ng nh\u1eadn<\/h2><p>Do s\u1ed1 l\u01b0\u1ee3ng ngu\u1ed3n m\u00e0 n\u1ed9i dung v\u00e0 l\u1eddi khuy\u00ean thu \u0111\u01b0\u1ee3c, v\u00e0 c\u00e1c m\u1ed1i nguy hi\u1ec3m c\u1ed1 h\u1eefu c\u1ee7a vi\u1ec7c ph\u00e2n ph\u1ed1i \u0111i\u1ec7n t\u1eed, c\u00f3 th\u1ec3 c\u00f3 s\u1ef1 ch\u1eadm tr\u1ec5, thi\u1ebfu s\u00f3t ho\u1eb7c kh\u00f4ng ch\u00ednh x\u00e1c trong n\u1ed9i dung v\u00e0 l\u1eddi khuy\u00ean \u0111\u00f3 v\u00e0 Trang web. N\u1ed9i dung v\u00e0 l\u1eddi khuy\u00ean v\u00e0 trang web \u0111\u01b0\u1ee3c cung c\u1ea5p \u201cnguy\u00ean tr\u1ea1ng\u201d, kh\u00f4ng c\u00f3 b\u1ea5t k\u1ef3 b\u1ea3o \u0111\u1ea3m n\u00e0o. WellForExbroker, nh\u00e2n vi\u00ean, c\u00e1n b\u1ed9, gi\u00e1m \u0111\u1ed1c, chi nh\u00e1nh, \u0111\u1ea1i l\u00fd v\u00e0 ng\u01b0\u1eddi c\u1ea5p ph\u00e9p c\u1ee7a n\u00f3 kh\u00f4ng th\u1ec3 v\u00e0 kh\u00f4ng \u0111\u1ea3m b\u1ea3o t\u00ednh ch\u00ednh x\u00e1c, \u0111\u1ea7y \u0111\u1ee7, t\u00ednh hi\u1ec7n t\u1ea1i, k\u1ecbp th\u1eddi, kh\u00f4ng vi ph\u1ea1m, quy\u1ec1n s\u1edf h\u1eefu, kh\u1ea3 n\u0103ng th\u01b0\u01a1ng m\u1ea1i ho\u1eb7c s\u1ef1 ph\u00f9 h\u1ee3p cho m\u1ed9t m\u1ee5c \u0111\u00edch c\u1ee5 th\u1ec3 c\u1ee7a n\u1ed9i dung v\u00e0 l\u1eddi khuy\u00ean c\u00f3 s\u1eb5n th\u00f4ng qua Trang web, ho\u1eb7c ch\u00ednh trang web, v\u00e0 WellForExbroker t\u1eeb ch\u1ed1i b\u1ea5t k\u1ef3 b\u1ea3o \u0111\u1ea3m r\u00f5 r\u00e0ng ho\u1eb7c ng\u1ee5 \u00fd n\u00e0o nh\u01b0 v\u1eady.<\/p><p>Trong tr\u01b0\u1eddng h\u1ee3p kh\u00f4ng c\u00f3 tr\u01b0\u1eddng h\u1ee3p n\u00e0o, nh\u00e2n vi\u00ean, c\u00e1n b\u1ed9, gi\u00e1m \u0111\u1ed1c, chi nh\u00e1nh, \u0111\u1ea1i l\u00fd ho\u1eb7c ng\u01b0\u1eddi c\u1ea5p ph\u00e9p c\u1ee7a n\u00f3 s\u1ebd kh\u00f4ng ch\u1ecbu tr\u00e1ch nhi\u1ec7m v\u1edbi b\u1ea1n ho\u1eb7c v\u1edbi b\u1ea5t k\u1ef3 b\u00ean th\u1ee9 ba n\u00e0o v\u1ec1 b\u1ea5t k\u1ef3 t\u1ed5n th\u1ea5t t\u00e0i ch\u00ednh n\u00e0o, m\u1ea5t l\u1ee3i nhu\u1eadn, thi\u1ec7t h\u1ea1i \u0111\u1eb7c bi\u1ec7t, ng\u1eabu nhi\u00ean ho\u1eb7c do h\u1eadu qu\u1ea3, ho\u1eb7c b\u1ea5t k\u1ef3 thi\u1ec7t h\u1ea1i t\u01b0\u01a1ng t\u1ef1 n\u00e0o kh\u00e1c d\u1eabn \u0111\u1ebfn vi\u1ec7c s\u1eed d\u1ee5ng Trang web m\u1ed9t c\u00e1ch tr\u1ef1c ti\u1ebfp ho\u1eb7c gi\u00e1n ti\u1ebfp.<\/p><h2>H\u1ea1n ch\u1ebf ph\u00e1p l\u00fd<\/h2><p>B\u1ea1n hi\u1ec3u r\u1eb1ng c\u00e1c lu\u1eadt li\u00ean quan \u0111\u1ebfn h\u1ee3p \u0111\u1ed3ng t\u00e0i ch\u00ednh kh\u00e1c nhau tr\u00ean to\u00e0n th\u1ebf gi\u1edbi v\u00e0 ch\u1ec9 c\u00f3 ngh\u0129a v\u1ee5 c\u1ee7a b\u1ea1n l\u00e0 \u0111\u1ea3m b\u1ea3o r\u1eb1ng b\u1ea1n tu\u00e2n th\u1ee7 \u0111\u1ea7y \u0111\u1ee7 b\u1ea5t k\u1ef3 lu\u1eadt, quy \u0111\u1ecbnh ho\u1eb7c ch\u1ec9 th\u1ecb n\u00e0o li\u00ean quan \u0111\u1ebfn qu\u1ed1c gia c\u01b0 tr\u00fa c\u1ee7a b\u1ea1n li\u00ean quan \u0111\u1ebfn vi\u1ec7c s\u1eed d\u1ee5ng Trang web. \u0110\u1ec3 tr\u00e1nh nghi ng\u1edd, kh\u1ea3 n\u0103ng truy c\u1eadp trang web c\u1ee7a ch\u00fang t\u00f4i kh\u00f4ng nh\u1ea5t thi\u1ebft c\u00f3 ngh\u0129a l\u00e0 c\u00e1c d\u1ecbch v\u1ee5 c\u1ee7a ch\u00fang t\u00f4i v\u00e0 \/ ho\u1eb7c c\u00e1c ho\u1ea1t \u0111\u1ed9ng c\u1ee7a b\u1ea1n th\u00f4ng qua \u0111\u00f3 l\u00e0 h\u1ee3p ph\u00e1p theo lu\u1eadt, quy \u0111\u1ecbnh ho\u1eb7c ch\u1ec9 th\u1ecb li\u00ean quan \u0111\u1ebfn qu\u1ed1c gia c\u01b0 tr\u00fa c\u1ee7a b\u1ea1n.<\/p><h2>Gi\u1ea5y ph\u00e9p c\u00f3 gi\u1edbi h\u1ea1n<\/h2><p>WellForExbroker c\u1ea5p cho b\u1ea1n gi\u1ea5y ph\u00e9p c\u00e1 nh\u00e2n kh\u00f4ng \u0111\u1ed9c quy\u1ec1n, kh\u00f4ng th\u1ec3 chuy\u1ec3n nh\u01b0\u1ee3ng v\u00e0 h\u1ea1n ch\u1ebf \u0111\u1ec3 truy c\u1eadp v\u00e0 s\u1eed d\u1ee5ng trang web c\u1ee7a m\u00ecnh (\u201cGi\u1ea5y ph\u00e9p\u201d). Gi\u1ea5y ph\u00e9p n\u00e0y \u0111\u01b0\u1ee3c quy \u0111\u1ecbnh v\u1ec1 vi\u1ec7c b\u1ea1n ti\u1ebfp t\u1ee5c tu\u00e2n th\u1ee7 c\u00e1c \u0111i\u1ec1u kho\u1ea3n v\u00e0 \u0111i\u1ec1u ki\u1ec7n c\u1ee7a Th\u1ecfa thu\u1eadn n\u00e0y. B\u1ea1n \u0111\u1ed3ng \u00fd kh\u00f4ng li\u00ean k\u1ebft s\u00e2u \u0111\u1ebfn trang web, b\u00e1n l\u1ea1i ho\u1eb7c cho ph\u00e9p truy c\u1eadp trang web cho ng\u01b0\u1eddi kh\u00e1c, ho\u1eb7c sao ch\u00e9p b\u1ea5t k\u1ef3 t\u00e0i li\u1ec7u n\u00e0o xu\u1ea5t hi\u1ec7n tr\u00ean trang web \u0111\u1ec3 b\u00e1n l\u1ea1i ho\u1eb7c cho b\u1ea5t k\u1ef3 m\u1ee5c \u0111\u00edch n\u00e0o kh\u00e1c cho ng\u01b0\u1eddi kh\u00e1c m\u00e0 kh\u00f4ng c\u00f3 s\u1ef1 \u0111\u1ed3ng \u00fd tr\u01b0\u1edbc b\u1eb1ng v\u0103n b\u1ea3n c\u1ee7a WellForExbroker.<\/p><h2>Li\u00ean k\u1ebft \u0111\u1ebfn c\u00e1c trang web c\u1ee7a b\u00ean th\u1ee9 ba<\/h2><p>Trang web n\u00e0y ch\u1ee9a c\u00e1c si\u00eau li\u00ean k\u1ebft \u0111\u1ebfn c\u00e1c trang web \u0111\u01b0\u1ee3c \u0111i\u1ec1u h\u00e0nh b\u1edfi nh\u1eefng ng\u01b0\u1eddi kh\u00f4ng ph\u1ea3i l\u00e0 WellForExbroker. C\u00e1c si\u00eau li\u00ean k\u1ebft nh\u01b0 v\u1eady ch\u1ec9 \u0111\u01b0\u1ee3c cung c\u1ea5p \u0111\u1ec3 b\u1ea1n tham kh\u1ea3o v\u00e0 thu\u1eadn ti\u1ec7n. B\u1ea1n \u0111\u1ed3ng \u00fd kh\u00f4ng b\u1eaft WellForExbroker ch\u1ecbu tr\u00e1ch nhi\u1ec7m v\u1ec1 n\u1ed9i dung ho\u1eb7c ho\u1ea1t \u0111\u1ed9ng c\u1ee7a c\u00e1c trang web \u0111\u00f3. M\u1ed9t si\u00eau li\u00ean k\u1ebft t\u1eeb trang web n\u00e0y \u0111\u1ebfn trang web kh\u00e1c kh\u00f4ng ng\u1ee5 \u00fd ho\u1eb7c c\u00f3 ngh\u0129a l\u00e0 WellForexBroker x\u00e1c nh\u1eadn n\u1ed9i dung tr\u00ean trang web \u0111\u00f3 ho\u1eb7c nh\u00e0 \u0111i\u1ec1u h\u00e0nh ho\u1eb7c ho\u1ea1t \u0111\u1ed9ng c\u1ee7a trang web \u0111\u00f3.<\/p><h2>b\u00e1nh quy<\/h2><p>Trang web c\u1ee7a ch\u00fang t\u00f4i c\u00f3 th\u1ec3 s\u1eed d\u1ee5ng \u201ccookie\u201d, t\u1ec7p nh\u1eadt k\u00fd v\u00e0 c\u00e1c c\u00f4ng ngh\u1ec7 theo d\u00f5i kh\u00e1c \u0111\u1ec3 n\u00e2ng cao tr\u1ea3i nghi\u1ec7m ng\u01b0\u1eddi d\u00f9ng. Tr\u00ecnh duy\u1ec7t web c\u1ee7a ng\u01b0\u1eddi d\u00f9ng \u0111\u1eb7t cookie v\u00e0o \u1ed5 c\u1ee9ng c\u1ee7a h\u1ecd cho m\u1ee5c \u0111\u00edch l\u01b0u tr\u1eef h\u1ed3 s\u01a1 v\u00e0 \u0111\u00f4i khi \u0111\u1ec3 theo d\u00f5i th\u00f4ng tin v\u1ec1 ch\u00fang. B\u1ea1n c\u00f3 th\u1ec3 ch\u1ecdn \u0111\u1eb7t tr\u00ecnh duy\u1ec7t web c\u1ee7a m\u00ecnh t\u1eeb ch\u1ed1i cookie ho\u1eb7c th\u00f4ng b\u00e1o cho b\u1ea1n khi cookie \u0111\u01b0\u1ee3c g\u1eedi. N\u1ebfu b\u1ea1n l\u00e0m nh\u01b0 v\u1eady, m\u1ed9t s\u1ed1 ph\u1ea7n c\u1ee7a trang web c\u00f3 th\u1ec3 kh\u00f4ng ho\u1ea1t \u0111\u1ed9ng b\u00ecnh th\u01b0\u1eddng.<\/p><h2>TH\u00d4NG TIN TH\u1eca<\/h2><p>WellForExbroker c\u00f3 th\u1ec3 cung c\u1ea5p cho b\u1ea1n th\u00f4ng qua m\u1ed9t ho\u1eb7c nhi\u1ec1u d\u1ecbch v\u1ee5 c\u1ee7a m\u00ecnh m\u1ed9t lo\u1ea1t c\u00e1c th\u00f4ng tin t\u00e0i ch\u00ednh \u0111\u01b0\u1ee3c t\u1ea1o ra n\u1ed9i b\u1ed9 ho\u1eb7c l\u1ea5y t\u1eeb c\u00e1c \u0111\u1ea1i l\u00fd, nh\u00e0 cung c\u1ea5p ho\u1eb7c \u0111\u1ed1i t\u00e1c (\u201cNh\u00e0 cung c\u1ea5p b\u00ean th\u1ee9 ba\u201d). \u0110i\u1ec1u n\u00e0y bao g\u1ed3m d\u1eef li\u1ec7u th\u1ecb tr\u01b0\u1eddng t\u00e0i ch\u00ednh, b\u00e1o gi\u00e1, tin t\u1ee9c, \u00fd ki\u1ebfn c\u1ee7a nh\u00e0 ph\u00e2n t\u00edch, b\u00e1o c\u00e1o nghi\u00ean c\u1ee9u, \u0111\u1ed3 th\u1ecb ho\u1eb7c d\u1eef li\u1ec7u. Th\u00f4ng tin th\u1ecb tr\u01b0\u1eddng kh\u00f4ng nh\u1eb1m m\u1ee5c \u0111\u00edch t\u01b0 v\u1ea5n \u0111\u1ea7u t\u01b0. WellForExbroker kh\u00f4ng \u0111\u1ea3m b\u1ea3o t\u00ednh ch\u00ednh x\u00e1c, k\u1ecbp th\u1eddi, \u0111\u1ea7y \u0111\u1ee7 ho\u1eb7c t\u00ednh ch\u00ednh x\u00e1c c\u1ee7a th\u00f4ng tin th\u1ecb tr\u01b0\u1eddng v\u00e0 t\u1eeb ch\u1ed1i b\u1ea5t k\u1ef3 tr\u00e1ch nhi\u1ec7m ph\u00e1p l\u00fd n\u00e0o \u0111\u1ed1i v\u1edbi s\u1ef1 kh\u00f4ng ch\u00ednh x\u00e1c.<\/p><h2>S\u1eed d\u1ee5ng &amp; truy c\u1eadp v\u00e0o trang web<\/h2><p>B\u1ea1n s\u1ebd c\u00f3 tr\u00e1ch nhi\u1ec7m cung c\u1ea5p v\u00e0 duy tr\u00ec c\u00e1c ph\u01b0\u01a1ng ti\u1ec7n \u0111\u1ec3 truy c\u1eadp Trang web, bao g\u1ed3m m\u00e1y t\u00ednh, modem ho\u1eb7c \u0111\u01b0\u1eddng truy c\u1eadp c\u1ee7a b\u1ea1n. B\u1ea1n s\u1ebd ch\u1ecbu tr\u00e1ch nhi\u1ec7m v\u1ec1 t\u1ea5t c\u1ea3 c\u00e1c kho\u1ea3n ph\u00ed truy c\u1eadp v\u00e0 d\u1ecbch v\u1ee5 c\u1ea7n thi\u1ebft \u0111\u1ec3 k\u1ebft n\u1ed1i v\u1edbi Trang web v\u00e0 ch\u1ecbu m\u1ecdi kho\u1ea3n ph\u00ed ph\u00e1t sinh khi truy c\u1eadp c\u00e1c h\u1ec7 th\u1ed1ng \u0111\u00f3. B\u1ea1n c\u0169ng ph\u1ea3i ch\u1ecbu m\u1ecdi r\u1ee7i ro li\u00ean quan \u0111\u1ebfn vi\u1ec7c s\u1eed d\u1ee5ng v\u00e0 l\u01b0u tr\u1eef th\u00f4ng tin tr\u00ean m\u00e1y t\u00ednh c\u1ee7a b\u1ea1n ho\u1eb7c b\u1ea5t k\u1ef3 m\u00e1y t\u00ednh n\u00e0o kh\u00e1c m\u00e0 qua \u0111\u00f3 b\u1ea1n s\u1ebd truy c\u1eadp v\u00e0o trang web.<\/p><h2>Quy\u1ec1n c\u1ee7a c\u00f4ng ty<\/h2><p>WellForexBroker c\u00f3 quy\u1ec1n \u0111\u00ecnh ch\u1ec9 ho\u1ea1t \u0111\u1ed9ng c\u1ee7a Trang web n\u00e0y ho\u1eb7c b\u1ea5t k\u1ef3 ph\u1ea7n ho\u1eb7c ph\u1ea7n n\u00e0o c\u1ee7a n\u00f3 b\u1ea5t k\u1ef3 l\u00fac n\u00e0o v\u00e0 kh\u00f4ng c\u00f3 khi\u1ebfu n\u1ea1i n\u00e0o c\u00f3 th\u1ec3 \u0111\u01b0\u1ee3c gi\u1ea3i tr\u00ed ch\u1ed1ng l\u1ea1i C\u00f4ng ty li\u00ean quan \u0111\u1ebfn \u0111i\u1ec1u \u0111\u00f3.<\/p><h2>b\u1ea5t ng\u1edd<\/h2><p>B\u1ea1n \u0111\u1ed3ng \u00fd r\u1eb1ng WellForExbroker s\u1ebd kh\u00f4ng ch\u1ecbu tr\u00e1ch nhi\u1ec7m ph\u00e1p l\u00fd \u0111\u1ed1i v\u1edbi b\u1ea1n ho\u1eb7c b\u1ea5t k\u1ef3 ng\u01b0\u1eddi n\u00e0o kh\u00e1c trong tr\u01b0\u1eddng h\u1ee3p b\u1ea5t kh\u1ea3 kh\u00e1ng, ho\u1eb7c h\u00e0nh \u0111\u1ed9ng c\u1ee7a b\u1ea5t k\u1ef3 c\u01a1 quan ch\u00ednh ph\u1ee7 ho\u1eb7c ph\u00e1p l\u00fd n\u00e0o, ho\u1eb7c v\u1ec1 s\u1ef1 c\u1ed1 c\u1ee7a h\u1ec7 th\u1ed1ng m\u00e1y t\u00ednh, d\u1eef li\u1ec7u ho\u1eb7c h\u1ed3 s\u01a1 c\u1ee7a m\u00ecnh, ho\u1eb7c do ch\u1eadm tr\u1ec5, m\u1ea5t m\u00e1t, sai s\u00f3t ho\u1eb7c thi\u1ebfu s\u00f3t do l\u1ed7i trong vi\u1ec5n th\u00f4ng ho\u1eb7c thi\u1ebft b\u1ecb m\u00e1y t\u00ednh.<\/p><h2>V\u1ea5n \u0111\u1ec1 k\u1ef9 thu\u1eadt<\/h2><p>WellForExbroker s\u1ebd kh\u00f4ng ch\u1ecbu tr\u00e1ch nhi\u1ec7m ph\u00e1p l\u00fd v\u00e0 b\u1ea1n \u0111\u1ed3ng \u00fd kh\u00f4ng gi\u1eef WellForExbroker ho\u1eb7c b\u1ea5t k\u1ef3 \u0111\u1ea1i l\u00fd ho\u1eb7c nh\u00e0 cung c\u1ea5p d\u1ecbch v\u1ee5 n\u00e0o c\u1ee7a m\u00ecnh ph\u1ea3i ch\u1ecbu tr\u00e1ch nhi\u1ec7m ph\u00e1p l\u00fd, \u0111\u1ed1i v\u1edbi b\u1ea5t k\u1ef3 s\u1ef1 c\u1ed1 k\u1ef9 thu\u1eadt n\u00e0o, l\u1ed7i h\u1ec7 th\u1ed1ng, thi\u1ebft b\u1ecb ho\u1eb7c l\u1ed7i ph\u1ea7n m\u1ec1m, s\u1ef1 c\u1ed1 truy c\u1eadp h\u1ec7 th\u1ed1ng, vi ph\u1ea1m b\u1ea3o m\u1eadt ho\u1eb7c c\u00e1c s\u1ef1 c\u1ed1 v\u00e0 l\u1ed7i m\u00e1y t\u00ednh t\u01b0\u01a1ng t\u1ef1 kh\u00e1c.<\/p><h2>Nh\u00e3n hi\u1ec7u v\u00e0 b\u1ea3n quy\u1ec1n<\/h2><p>T\u1ea5t c\u1ea3 n\u1ed9i dung, nh\u00e3n hi\u1ec7u, nh\u00e3n hi\u1ec7u d\u1ecbch v\u1ee5, t\u00ean th\u01b0\u01a1ng m\u1ea1i, bi\u1ec3u t\u01b0\u1ee3ng v\u00e0 bi\u1ec3u t\u01b0\u1ee3ng l\u00e0 t\u00e0i s\u1ea3n c\u1ee7a WellForExbroker ho\u1eb7c c\u00e1c chi nh\u00e1nh c\u1ee7a n\u00f3 v\u00e0 \u0111\u01b0\u1ee3c b\u1ea3o v\u1ec7 b\u1edfi lu\u1eadt b\u1ea3n quy\u1ec1n. B\u1ea1n \u0111\u1ed3ng \u00fd kh\u00f4ng x\u00f3a b\u1ea5t k\u1ef3 th\u00f4ng b\u00e1o b\u1ea3n quy\u1ec1n ho\u1eb7c ch\u1ec9 d\u1eabn n\u00e0o kh\u00e1c v\u1ec1 quy\u1ec1n s\u1edf h\u1eefu tr\u00ed tu\u1ec7 \u0111\u01b0\u1ee3c b\u1ea3o v\u1ec7 kh\u1ecfi t\u00e0i li\u1ec7u m\u00e0 b\u1ea1n in ho\u1eb7c t\u1ea3i xu\u1ed1ng t\u1eeb Trang web.<\/p><h2>Lu\u1eadt ph\u00e1p, tr\u1ecdng t\u00e0i, th\u1ea9m quy\u1ec1n c\u1ee7a t\u00f2a \u00e1n<\/h2><p>Th\u1ecfa thu\u1eadn n\u00e0y s\u1ebd \u0111\u01b0\u1ee3c \u0111i\u1ec1u ch\u1ec9nh b\u1edfi lu\u1eadt c\u1ee7a Qu\u1ea7n \u0111\u1ea3o Virgin thu\u1ed9c Anh (\u201cBVI\u201d), m\u00e0 kh\u00f4ng t\u00ednh \u0111\u1ebfn xung \u0111\u1ed9t v\u1ec1 c\u00e1c nguy\u00ean t\u1eafc lu\u1eadt ph\u00e1p. B\u1ea1n \u0111\u1ed3ng \u00fd \u0111\u1ec7 tr\u00ecnh l\u00ean th\u1ea9m quy\u1ec1n c\u00e1 nh\u00e2n v\u00e0 \u0111\u1ed9c quy\u1ec1n c\u1ee7a c\u00e1c t\u00f2a \u00e1n n\u1eb1m trong BVI \u0111\u1ec3 gi\u1ea3i quy\u1ebft b\u1ea5t k\u1ef3 tranh ch\u1ea5p n\u00e0o c\u00f3 th\u1ec3 ph\u00e1t sinh li\u00ean quan \u0111\u1ebfn n\u00f3.<\/p>\t\t\t\t\t\t\t\t<\/div>\n\t\t\t\t\t<\/div>\n\t\t\t\t<\/div>\n\t\t\t\t<\/div>","protected":false},"excerpt":{"rendered":"<p>Terms and Conditions for WellForexBroker.com The following describes the terms and conditions upon which WellForexBroker offers access to the site to you, the customer, and the use of its services. Please read the privacy policy, risk warning, and all of the following terms and conditions (hereinafter &#8220;terms and conditions&#8221;) before using this site. By continuing [&hellip;]<\/p>\n","protected":false},"author":1,"featured_media":0,"parent":0,"menu_order":0,"comment_status":"closed","ping_status":"closed","template":"","meta":{"footnotes":""},"class_list":["post-349","page","type-page","status-publish","hentry"],"_links":{"self":[{"href":"https:\/\/wellforexbroker.com\/vi\/wp-json\/wp\/v2\/pages\/349","targetHints":{"allow":["GET"]}}],"collection":[{"href":"https:\/\/wellforexbroker.com\/vi\/wp-json\/wp\/v2\/pages"}],"about":[{"href":"https:\/\/wellforexbroker.com\/vi\/wp-json\/wp\/v2\/types\/page"}],"author":[{"embeddable":true,"href":"https:\/\/wellforexbroker.com\/vi\/wp-json\/wp\/v2\/users\/1"}],"replies":[{"embeddable":true,"href":"https:\/\/wellforexbroker.com\/vi\/wp-json\/wp\/v2\/comments?post=349"}],"version-history":[{"count":0,"href":"https:\/\/wellforexbroker.com\/vi\/wp-json\/wp\/v2\/pages\/349\/revisions"}],"wp:attachment":[{"href":"https:\/\/wellforexbroker.com\/vi\/wp-json\/wp\/v2\/media?parent=349"}],"curies":[{"name":"wp","href":"https:\/\/api.w.org\/{rel}","templated":true}]}}